{"id":45,"date":"2017-01-13T11:07:08","date_gmt":"2017-01-13T11:07:08","guid":{"rendered":"http:\/\/physics.uwb.edu.pl\/wf\/knf\/?page_id=45"},"modified":"2017-05-20T14:26:04","modified_gmt":"2017-05-20T14:26:04","slug":"o-nas","status":"publish","type":"page","link":"https:\/\/physics.uwb.edu.pl\/wf\/knf\/","title":{"rendered":"O nas"},"content":{"rendered":"<h1>O nas s\u0142\u00f3w kilka<\/h1>\n<p>Ko\u0142o Naukowe Fizyk\u00f3w dzia\u0142a na Wydziale Fizyki od roku 2007. Aktualnie spotykamy si\u0119 w ka\u017cdy czwartek o godz. 17:00 w sali 1047 na <a href=\"http:\/\/physics.uwb.edu.pl\/wf\/\">Wydziale Fizyki<\/a> (kampus <a href=\"http:\/\/www.uwb.edu.pl\/\">UwB<\/a> przy ul. Cio\u0142kowskiego 1L). Zapraszamy student\u00f3w i uczni\u00f3w szk\u00f3\u0142 \u015brednich. Nasza dzia\u0142alno\u015b\u0107 obejmuje popularyzacj\u0119 i badania z zakresu fizyki oraz dziedzin pokrewnych.<\/p>\n<hr>\n<p>Tu znajdziesz strony i projekty zrealizowane dawniej:<br \/>\n<a href=\"http:\/\/alpha.uwb.edu.pl\/kolonaukowefizykow\/\">http:\/\/alpha.uwb.edu.pl\/kolonaukowefizykow\/<\/a><\/p>\n","protected":false},"excerpt":{"rendered":"<p>O nas s\u0142\u00f3w kilka Ko\u0142o Naukowe Fizyk\u00f3w dzia\u0142a na Wydziale Fizyki od roku 2007. Aktualnie spotykamy si\u0119 w ka\u017cdy czwartek o godz. 17:00 w sali 1047 na Wydziale Fizyki (kampus UwB przy ul. Cio\u0142kowskiego 1L). Zapraszamy student\u00f3w i uczni\u00f3w szk\u00f3\u0142 &hellip; <a href=\"https:\/\/physics.uwb.edu.pl\/wf\/knf\/\">Czytaj dalej <span class=\"meta-nav\">&rarr;<\/span><\/a><\/p>\n","protected":false},"author":8,"featured_media":0,"parent":0,"menu_order":0,"comment_status":"closed","ping_status":"closed","template":"","meta":{"ngg_post_thumbnail":0,"footnotes":""},"class_list":["post-45","page","type-page","status-publish","hentry"],"_links":{"self":[{"href":"https:\/\/physics.uwb.edu.pl\/wf\/knf\/wp-json\/wp\/v2\/pages\/45","targetHints":{"allow":["GET"]}}],"collection":[{"href":"https:\/\/physics.uwb.edu.pl\/wf\/knf\/wp-json\/wp\/v2\/pages"}],"about":[{"href":"https:\/\/physics.uwb.edu.pl\/wf\/knf\/wp-json\/wp\/v2\/types\/page"}],"author":[{"embeddable":true,"href":"https:\/\/physics.uwb.edu.pl\/wf\/knf\/wp-json\/wp\/v2\/users\/8"}],"replies":[{"embeddable":true,"href":"https:\/\/physics.uwb.edu.pl\/wf\/knf\/wp-json\/wp\/v2\/comments?post=45"}],"version-history":[{"count":6,"href":"https:\/\/physics.uwb.edu.pl\/wf\/knf\/wp-json\/wp\/v2\/pages\/45\/revisions"}],"predecessor-version":[{"id":124,"href":"https:\/\/physics.uwb.edu.pl\/wf\/knf\/wp-json\/wp\/v2\/pages\/45\/revisions\/124"}],"wp:attachment":[{"href":"https:\/\/physics.uwb.edu.pl\/wf\/knf\/wp-json\/wp\/v2\/media?parent=45"}],"curies":[{"name":"wp","href":"https:\/\/api.w.org\/{rel}","templated":true}]}}