{"id":62,"date":"2017-01-13T13:22:17","date_gmt":"2017-01-13T13:22:17","guid":{"rendered":"http:\/\/physics.uwb.edu.pl\/wf\/knf\/?page_id=62"},"modified":"2017-05-20T16:27:57","modified_gmt":"2017-05-20T16:27:57","slug":"projekty","status":"publish","type":"page","link":"https:\/\/physics.uwb.edu.pl\/wf\/knf\/projekty\/","title":{"rendered":"Projekty"},"content":{"rendered":"<h1 style=\"text-align: justify\">&nbsp; Projekty naukowe<\/h1>\n<hr>\n<p style=\"text-align: center\">DO ZREALIZOWANIA<\/p>\n<p style=\"text-align: justify\">Obecnie szukamy ch\u0119tnych student\u00f3w fizyki oraz kierunk\u00f3w pokrewnych do realizacji nast\u0119puj\u0105cych projekt\u00f3w:<\/p>\n<ol style=\"text-align: justify\">\n<li>Detektory \u017celowe do obrazowania dawki promieniowania z wykorzystaniem nanocz\u0105stek.<\/li>\n<li>Nieniszcz\u0105ca technika bada\u0144 jednorodno\u015bci materia\u0142\u00f3w.<\/li>\n<\/ol>\n<p style=\"text-align: right\">(<a href=\"http:\/\/physics.uwb.edu.pl\/wf\/knf\/galeria\/\">czytaj wi\u0119cej<\/a>)<\/p>\n<hr>\n<p style=\"text-align: center\">W TRAKCIE REALIZACJI<\/p>\n<ol style=\"text-align: justify\">\n<li>Wyznaczanie obj\u0119to\u015bci nerki z wykorzystaniem obrazowania ultrasonograficznego. <span style=\"color: #808080\">(wsp\u00f3\u0142praca z Klinik\u0105 Pediatrii i Nefrologii Uniwersytetu Medycznego w Bia\u0142ymstoku)<\/span><\/li>\n<li>Badanie wydolno\u015bci nerek oraz perfuzji mi\u0119\u015bnia sercowego technik\u0105 SPECT\/CT.<span style=\"color: #808080\">(wsp\u00f3\u0142praca&nbsp;z&nbsp;Department of Nuclear Medicine,&nbsp;General University Hospital of Patras)<\/span><\/li>\n<li>Ocena dawki poch\u0142oni\u0119tej przez p\u0142uca w trakcie leczenia nowotworu w\u0105troby. <span style=\"color: #808080\">(wsp\u00f3\u0142praca&nbsp;z&nbsp;Department of Nuclear Medicine,&nbsp;General University Hospital of Patras)<\/span><\/li>\n<li>Ocena dawki poch\u0142oni\u0119tej przez p\u0142\u00f3d w trakcie leczenia choroby nowotworowej<span style=\"color: #808080\">.(wsp\u00f3\u0142praca&nbsp;z&nbsp;Bia\u0142ostockim Centrum Onkologii)<\/span><\/li>\n<li>Badanie sk\u0142adu kamieni nerkowych metod\u0105 spektroskopii w podczerwieni.&nbsp; <span style=\"color: #808080\">(wsp\u00f3\u0142praca z Klinik\u0105 Pediatrii i Nefrologii Uniwersytetu Medycznego w Bia\u0142ymstoku)<\/span><\/li>\n<\/ol>\n<hr>\n<p style=\"text-align: center\">ZREALIZOWANE<\/p>\n<ol style=\"text-align: justify\">\n<li>Automatyzacja pomiaru&nbsp;zm\u0119tnienia moczu dzieci w badaniach sk\u0142onno\u015bci do kamicy nerkowej. <span style=\"color: #808080\">(wsp\u00f3\u0142praca z Klinik\u0105 Pediatrii i Nefrologii Uniwersytetu Medycznego w Bia\u0142ymstoku)<\/span>.<\/li>\n<\/ol>\n<p style=\"text-align: center\">osi\u0105gni\u0119cie:<\/p>\n<p style=\"text-align: center\">zg\u0142oszenie patentowe&nbsp;(patrz punkt 6 w dziale &#8222;<a href=\"http:\/\/physics.uwb.edu.pl\/wf\/knf\/publikacje\/\">Publikacje<\/a>&#8222;)<\/p>\n<p style=\"text-align: center\">&nbsp;<\/p>\n<p style=\"text-align: right\"><span style=\"color: #000000;font-size: 10pt\">ostatnia aktualizacja: 20-05-2017<\/span><\/p>\n<hr>\n<p>Projekty naukowe realizowane dawniej:<br \/>\n<a href=\"http:\/\/alpha.uwb.edu.pl\/kolonaukowefizykow\/projekty.html\">http:\/\/alpha.uwb.edu.pl\/kolonaukowefizykow\/projekty.html<\/a><\/p>\n","protected":false},"excerpt":{"rendered":"<p>&nbsp; Projekty naukowe DO ZREALIZOWANIA Obecnie szukamy ch\u0119tnych student\u00f3w fizyki oraz kierunk\u00f3w pokrewnych do realizacji nast\u0119puj\u0105cych projekt\u00f3w: Detektory \u017celowe do obrazowania dawki promieniowania z wykorzystaniem nanocz\u0105stek. Nieniszcz\u0105ca technika bada\u0144 jednorodno\u015bci materia\u0142\u00f3w. (czytaj wi\u0119cej) W TRAKCIE REALIZACJI Wyznaczanie obj\u0119to\u015bci nerki z &hellip; <a href=\"https:\/\/physics.uwb.edu.pl\/wf\/knf\/projekty\/\">Czytaj dalej <span class=\"meta-nav\">&rarr;<\/span><\/a><\/p>\n","protected":false},"author":8,"featured_media":0,"parent":0,"menu_order":0,"comment_status":"closed","ping_status":"closed","template":"","meta":{"ngg_post_thumbnail":0,"footnotes":""},"class_list":["post-62","page","type-page","status-publish","hentry"],"_links":{"self":[{"href":"https:\/\/physics.uwb.edu.pl\/wf\/knf\/wp-json\/wp\/v2\/pages\/62","targetHints":{"allow":["GET"]}}],"collection":[{"href":"https:\/\/physics.uwb.edu.pl\/wf\/knf\/wp-json\/wp\/v2\/pages"}],"about":[{"href":"https:\/\/physics.uwb.edu.pl\/wf\/knf\/wp-json\/wp\/v2\/types\/page"}],"author":[{"embeddable":true,"href":"https:\/\/physics.uwb.edu.pl\/wf\/knf\/wp-json\/wp\/v2\/users\/8"}],"replies":[{"embeddable":true,"href":"https:\/\/physics.uwb.edu.pl\/wf\/knf\/wp-json\/wp\/v2\/comments?post=62"}],"version-history":[{"count":13,"href":"https:\/\/physics.uwb.edu.pl\/wf\/knf\/wp-json\/wp\/v2\/pages\/62\/revisions"}],"predecessor-version":[{"id":134,"href":"https:\/\/physics.uwb.edu.pl\/wf\/knf\/wp-json\/wp\/v2\/pages\/62\/revisions\/134"}],"wp:attachment":[{"href":"https:\/\/physics.uwb.edu.pl\/wf\/knf\/wp-json\/wp\/v2\/media?parent=62"}],"curies":[{"name":"wp","href":"https:\/\/api.w.org\/{rel}","templated":true}]}}