{"id":81,"date":"2017-01-16T22:20:51","date_gmt":"2017-01-16T22:20:51","guid":{"rendered":"http:\/\/physics.uwb.edu.pl\/wf\/knf\/?page_id=81"},"modified":"2017-02-02T09:58:06","modified_gmt":"2017-02-02T09:58:06","slug":"linkownia","status":"publish","type":"page","link":"https:\/\/physics.uwb.edu.pl\/wf\/knf\/linkownia\/","title":{"rendered":"Linkownia"},"content":{"rendered":"<table style=\"width: 770px\" cellspacing=\"0\" cellpadding=\"0\" border=\"0\">\n<tbody>\n<tr style=\"height: 56px\">\n<td style=\"width: 133.1px;height: 56px;text-align: center\"><a href=\"http:\/\/www.uwb.edu.pl\/\" target=\"_blank\"><img loading=\"lazy\" decoding=\"async\" class=\"alignnone wp-image-84\" src=\"http:\/\/physics.uwb.edu.pl\/wf\/knf\/wp-content\/uploads\/sites\/12\/2017\/01\/logo_UwB.png\" alt=\"logo_UwB\" height=\"70\" width=\"70\"><\/a><\/td>\n<td style=\"width: 55.9px;height: 56px;text-align: center\"><a href=\"https:\/\/www.facebook.com\/uniwersytetwbialymstoku\/\" target=\"_blank\"><img loading=\"lazy\" decoding=\"async\" class=\"alignnone wp-image-31\" src=\"http:\/\/physics.uwb.edu.pl\/wf\/knf\/wp-content\/uploads\/sites\/12\/2017\/01\/facebook-icon-png-743-300x300.png\" height=\"50\" width=\"50\" srcset=\"https:\/\/physics.uwb.edu.pl\/wf\/knf\/wp-content\/uploads\/sites\/12\/2017\/01\/facebook-icon-png-743-300x300.png 300w, https:\/\/physics.uwb.edu.pl\/wf\/knf\/wp-content\/uploads\/sites\/12\/2017\/01\/facebook-icon-png-743-150x150.png 150w, https:\/\/physics.uwb.edu.pl\/wf\/knf\/wp-content\/uploads\/sites\/12\/2017\/01\/facebook-icon-png-743.png 512w\" sizes=\"auto, (max-width: 50px) 100vw, 50px\" \/><\/a><\/td>\n<td style=\"width: 57px;height: 56px;text-align: center\"><a href=\"https:\/\/www.youtube.com\/channel\/UC7Bu4j2f2B-v-MXU7m1YQFQ\" target=\"_blank\"><img loading=\"lazy\" decoding=\"async\" class=\"wp-image-94 alignnone\" src=\"http:\/\/physics.uwb.edu.pl\/wf\/knf\/wp-content\/uploads\/sites\/12\/2017\/01\/YouTube-icon.png\" alt=\"YouTube-icon\" height=\"50\" width=\"50\"><\/a><\/td>\n<td style=\"width: 411px;height: 56px\"><span style=\"font-size: 14pt\">Uniwersytet w Bia\u0142ymstoku<\/span><\/td>\n<\/tr>\n<tr style=\"height: 56.0167px\">\n<td style=\"width: 133.1px;height: 56.0167px;text-align: center\"><a href=\"http:\/\/physics.uwb.edu.pl\/wf\/\" target=\"_blank\"><img loading=\"lazy\" decoding=\"async\" class=\"alignnone wp-image-87\" src=\"http:\/\/physics.uwb.edu.pl\/wf\/knf\/wp-content\/uploads\/sites\/12\/2017\/01\/Picture1-150x123.png\" alt=\"Picture1-150x123\" height=\"70\" width=\"85\"><\/a><\/td>\n<td style=\"width: 55.9px;height: 56.0167px;text-align: center\"><a href=\"https:\/\/www.facebook.com\/WydzialFizykiUwB\/\" target=\"_blank\"><img loading=\"lazy\" decoding=\"async\" class=\"wp-image-31 alignnone\" src=\"http:\/\/physics.uwb.edu.pl\/wf\/knf\/wp-content\/uploads\/sites\/12\/2017\/01\/facebook-icon-png-743-300x300.png\" alt=\"facebook-icon-png-743\" height=\"50\" width=\"50\" srcset=\"https:\/\/physics.uwb.edu.pl\/wf\/knf\/wp-content\/uploads\/sites\/12\/2017\/01\/facebook-icon-png-743-300x300.png 300w, https:\/\/physics.uwb.edu.pl\/wf\/knf\/wp-content\/uploads\/sites\/12\/2017\/01\/facebook-icon-png-743-150x150.png 150w, https:\/\/physics.uwb.edu.pl\/wf\/knf\/wp-content\/uploads\/sites\/12\/2017\/01\/facebook-icon-png-743.png 512w\" sizes=\"auto, (max-width: 50px) 100vw, 50px\" \/><\/a><\/td>\n<td style=\"width: 57px;height: 56.0167px;text-align: center\"><a href=\"https:\/\/www.youtube.com\/channel\/UCmat48ap7ybZvCbWeJ30-Sw\" target=\"_blank\"><img loading=\"lazy\" decoding=\"async\" class=\"wp-image-94 alignnone\" src=\"http:\/\/physics.uwb.edu.pl\/wf\/knf\/wp-content\/uploads\/sites\/12\/2017\/01\/YouTube-icon.png\" alt=\"YouTube-icon\" height=\"50\" width=\"50\"><\/a><\/td>\n<td style=\"width: 411px;height: 56.0167px\"><span style=\"font-size: 14pt\">Wydzia\u0142 Fizyki UwB<\/span><\/td>\n<\/tr>\n<tr style=\"height: 55px\">\n<td style=\"width: 133.1px;height: 55px;text-align: center\"><a href=\"http:\/\/physics.uwb.edu.pl\/wf\/fi-bot\/\" target=\"_blank\"><img loading=\"lazy\" decoding=\"async\" class=\"alignnone wp-image-89\" src=\"http:\/\/physics.uwb.edu.pl\/wf\/knf\/wp-content\/uploads\/sites\/12\/2017\/01\/fibot-logo-300x202.gif\" alt=\"fibot-logo\" height=\"70\" width=\"104\" srcset=\"https:\/\/physics.uwb.edu.pl\/wf\/knf\/wp-content\/uploads\/sites\/12\/2017\/01\/fibot-logo-300x202.gif 300w, https:\/\/physics.uwb.edu.pl\/wf\/knf\/wp-content\/uploads\/sites\/12\/2017\/01\/fibot-logo-768x516.gif 768w, https:\/\/physics.uwb.edu.pl\/wf\/knf\/wp-content\/uploads\/sites\/12\/2017\/01\/fibot-logo-600x400.gif 600w\" sizes=\"auto, (max-width: 104px) 100vw, 104px\" \/><\/a><\/td>\n<td style=\"width: 55.9px;height: 55px;text-align: center\"><a href=\"https:\/\/www.facebook.com\/fibot.uwb\/\" target=\"_blank\"><img loading=\"lazy\" decoding=\"async\" class=\"wp-image-31 alignnone\" src=\"http:\/\/physics.uwb.edu.pl\/wf\/knf\/wp-content\/uploads\/sites\/12\/2017\/01\/facebook-icon-png-743-300x300.png\" alt=\"facebook-icon-png-743\" height=\"50\" width=\"50\" srcset=\"https:\/\/physics.uwb.edu.pl\/wf\/knf\/wp-content\/uploads\/sites\/12\/2017\/01\/facebook-icon-png-743-300x300.png 300w, https:\/\/physics.uwb.edu.pl\/wf\/knf\/wp-content\/uploads\/sites\/12\/2017\/01\/facebook-icon-png-743-150x150.png 150w, https:\/\/physics.uwb.edu.pl\/wf\/knf\/wp-content\/uploads\/sites\/12\/2017\/01\/facebook-icon-png-743.png 512w\" sizes=\"auto, (max-width: 50px) 100vw, 50px\" \/><\/a><\/td>\n<td style=\"width: 57px;height: 55px;text-align: center\">&nbsp;<\/td>\n<td style=\"width: 411px;height: 55px\"><span style=\"font-size: 14pt\">Ko\u0142o Naukowe Robotyk\u00f3w Fi-BOT<\/span><\/td>\n<\/tr>\n<tr style=\"height: 55px\">\n<td style=\"width: 133.1px;height: 55px;text-align: center\"><a href=\"http:\/\/fundac51.o11.pl\/wp\/\"><img loading=\"lazy\" decoding=\"async\" class=\"alignnone wp-image-110 size-medium\" src=\"http:\/\/physics.uwb.edu.pl\/wf\/knf\/wp-content\/uploads\/sites\/12\/2017\/01\/ff-300x100.png\" height=\"100\" width=\"300\" srcset=\"https:\/\/physics.uwb.edu.pl\/wf\/knf\/wp-content\/uploads\/sites\/12\/2017\/01\/ff-300x100.png 300w, https:\/\/physics.uwb.edu.pl\/wf\/knf\/wp-content\/uploads\/sites\/12\/2017\/01\/ff.png 646w\" sizes=\"auto, (max-width: 300px) 100vw, 300px\" \/><\/a><\/td>\n<td style=\"width: 55.9px;height: 55px;text-align: center\"><a href=\"https:\/\/www.facebook.com\/Fundacja-Edukacji-Mat-Przyr-im-Richarda-Phillipsa-Feynmana-1701023580144602\/\"><img loading=\"lazy\" decoding=\"async\" class=\"alignnone wp-image-31\" src=\"http:\/\/physics.uwb.edu.pl\/wf\/knf\/wp-content\/uploads\/sites\/12\/2017\/01\/facebook-icon-png-743-300x300.png\" height=\"50\" width=\"50\" srcset=\"https:\/\/physics.uwb.edu.pl\/wf\/knf\/wp-content\/uploads\/sites\/12\/2017\/01\/facebook-icon-png-743-300x300.png 300w, https:\/\/physics.uwb.edu.pl\/wf\/knf\/wp-content\/uploads\/sites\/12\/2017\/01\/facebook-icon-png-743-150x150.png 150w, https:\/\/physics.uwb.edu.pl\/wf\/knf\/wp-content\/uploads\/sites\/12\/2017\/01\/facebook-icon-png-743.png 512w\" sizes=\"auto, (max-width: 50px) 100vw, 50px\" \/><\/a><\/td>\n<td style=\"width: 57px;height: 55px;text-align: center\">&nbsp;<\/td>\n<td style=\"width: 411px;height: 55px\"><span style=\"font-size: 14pt\">Fundacja Edukacji Matematyczno-Przyrodniczej im. Richarda Phillipsa Feynmana<\/span><\/td>\n<\/tr>\n<\/tbody>\n<\/table>\n<p>&nbsp;<\/p>\n","protected":false},"excerpt":{"rendered":"<p>Uniwersytet w Bia\u0142ymstoku Wydzia\u0142 Fizyki UwB &nbsp; Ko\u0142o Naukowe Robotyk\u00f3w Fi-BOT &nbsp; Fundacja Edukacji Matematyczno-Przyrodniczej im. Richarda Phillipsa Feynmana &nbsp;<\/p>\n","protected":false},"author":8,"featured_media":0,"parent":0,"menu_order":0,"comment_status":"closed","ping_status":"closed","template":"","meta":{"ngg_post_thumbnail":0,"footnotes":""},"class_list":["post-81","page","type-page","status-publish","hentry"],"_links":{"self":[{"href":"https:\/\/physics.uwb.edu.pl\/wf\/knf\/wp-json\/wp\/v2\/pages\/81","targetHints":{"allow":["GET"]}}],"collection":[{"href":"https:\/\/physics.uwb.edu.pl\/wf\/knf\/wp-json\/wp\/v2\/pages"}],"about":[{"href":"https:\/\/physics.uwb.edu.pl\/wf\/knf\/wp-json\/wp\/v2\/types\/page"}],"author":[{"embeddable":true,"href":"https:\/\/physics.uwb.edu.pl\/wf\/knf\/wp-json\/wp\/v2\/users\/8"}],"replies":[{"embeddable":true,"href":"https:\/\/physics.uwb.edu.pl\/wf\/knf\/wp-json\/wp\/v2\/comments?post=81"}],"version-history":[{"count":14,"href":"https:\/\/physics.uwb.edu.pl\/wf\/knf\/wp-json\/wp\/v2\/pages\/81\/revisions"}],"predecessor-version":[{"id":112,"href":"https:\/\/physics.uwb.edu.pl\/wf\/knf\/wp-json\/wp\/v2\/pages\/81\/revisions\/112"}],"wp:attachment":[{"href":"https:\/\/physics.uwb.edu.pl\/wf\/knf\/wp-json\/wp\/v2\/media?parent=81"}],"curies":[{"name":"wp","href":"https:\/\/api.w.org\/{rel}","templated":true}]}}