{"id":59,"date":"2017-06-14T13:46:07","date_gmt":"2017-06-14T13:46:07","guid":{"rendered":"http:\/\/physics.uwb.edu.pl\/wf\/knf2018\/?page_id=59"},"modified":"2018-03-23T11:59:33","modified_gmt":"2018-03-23T11:59:33","slug":"rejestracja","status":"publish","type":"page","link":"https:\/\/physics.uwb.edu.pl\/wf\/knf2018\/rejestracja\/","title":{"rendered":"REJESTRACJA"},"content":{"rendered":"<h1>Rejestracja udzia\u0142u w konferencji<\/h1>\n<p>Dn. 19.02.2018 rejestracja uczestnik\u00f3w na konferencj\u0119 zosta\u0142a zamkni\u0119ta.<\/p>\n<h1>Rejestracja udzia\u0142u w wyk\u0142adach otwartych<\/h1>\n<p>Dn. 02.03.2018 rejestracja uczestnik\u00f3w na wyk\u0142ady otwarte zosta\u0142a zamkni\u0119ta.<\/p>\n","protected":false},"excerpt":{"rendered":"<p>Rejestracja udzia\u0142u w konferencji Dn. 19.02.2018 rejestracja uczestnik\u00f3w na konferencj\u0119 zosta\u0142a zamkni\u0119ta. Rejestracja udzia\u0142u w wyk\u0142adach otwartych Dn. 02.03.2018 rejestracja uczestnik\u00f3w na wyk\u0142ady otwarte zosta\u0142a zamkni\u0119ta.<\/p>\n","protected":false},"author":8,"featured_media":0,"parent":0,"menu_order":0,"comment_status":"closed","ping_status":"closed","template":"","meta":{"ngg_post_thumbnail":0,"footnotes":""},"class_list":["post-59","page","type-page","status-publish","hentry"],"_links":{"self":[{"href":"https:\/\/physics.uwb.edu.pl\/wf\/knf2018\/wp-json\/wp\/v2\/pages\/59","targetHints":{"allow":["GET"]}}],"collection":[{"href":"https:\/\/physics.uwb.edu.pl\/wf\/knf2018\/wp-json\/wp\/v2\/pages"}],"about":[{"href":"https:\/\/physics.uwb.edu.pl\/wf\/knf2018\/wp-json\/wp\/v2\/types\/page"}],"author":[{"embeddable":true,"href":"https:\/\/physics.uwb.edu.pl\/wf\/knf2018\/wp-json\/wp\/v2\/users\/8"}],"replies":[{"embeddable":true,"href":"https:\/\/physics.uwb.edu.pl\/wf\/knf2018\/wp-json\/wp\/v2\/comments?post=59"}],"version-history":[{"count":14,"href":"https:\/\/physics.uwb.edu.pl\/wf\/knf2018\/wp-json\/wp\/v2\/pages\/59\/revisions"}],"predecessor-version":[{"id":301,"href":"https:\/\/physics.uwb.edu.pl\/wf\/knf2018\/wp-json\/wp\/v2\/pages\/59\/revisions\/301"}],"wp:attachment":[{"href":"https:\/\/physics.uwb.edu.pl\/wf\/knf2018\/wp-json\/wp\/v2\/media?parent=59"}],"curies":[{"name":"wp","href":"https:\/\/api.w.org\/{rel}","templated":true}]}}