{"id":67,"date":"2017-06-14T19:23:32","date_gmt":"2017-06-14T19:23:32","guid":{"rendered":"http:\/\/physics.uwb.edu.pl\/wf\/knf2018\/?page_id=67"},"modified":"2018-03-23T11:57:26","modified_gmt":"2018-03-23T11:57:26","slug":"cele","status":"publish","type":"page","link":"https:\/\/physics.uwb.edu.pl\/wf\/knf2018\/cele\/","title":{"rendered":"CELE"},"content":{"rendered":"<h1>Cele konferencji<\/h1>\n<ul>\n<li>integracja \u015brodowiska<\/li>\n<li>poszerzanie kompetencji<\/li>\n<li>dzielenie si\u0119 do\u015bwiadczeniami<\/li>\n<li>przekazywanie aktualnych informacji<\/li>\n<\/ul>\n","protected":false},"excerpt":{"rendered":"<p>Cele konferencji integracja \u015brodowiska poszerzanie kompetencji dzielenie si\u0119 do\u015bwiadczeniami przekazywanie aktualnych informacji<\/p>\n","protected":false},"author":8,"featured_media":0,"parent":0,"menu_order":0,"comment_status":"closed","ping_status":"closed","template":"","meta":{"ngg_post_thumbnail":0,"footnotes":""},"class_list":["post-67","page","type-page","status-publish","hentry"],"_links":{"self":[{"href":"https:\/\/physics.uwb.edu.pl\/wf\/knf2018\/wp-json\/wp\/v2\/pages\/67","targetHints":{"allow":["GET"]}}],"collection":[{"href":"https:\/\/physics.uwb.edu.pl\/wf\/knf2018\/wp-json\/wp\/v2\/pages"}],"about":[{"href":"https:\/\/physics.uwb.edu.pl\/wf\/knf2018\/wp-json\/wp\/v2\/types\/page"}],"author":[{"embeddable":true,"href":"https:\/\/physics.uwb.edu.pl\/wf\/knf2018\/wp-json\/wp\/v2\/users\/8"}],"replies":[{"embeddable":true,"href":"https:\/\/physics.uwb.edu.pl\/wf\/knf2018\/wp-json\/wp\/v2\/comments?post=67"}],"version-history":[{"count":1,"href":"https:\/\/physics.uwb.edu.pl\/wf\/knf2018\/wp-json\/wp\/v2\/pages\/67\/revisions"}],"predecessor-version":[{"id":68,"href":"https:\/\/physics.uwb.edu.pl\/wf\/knf2018\/wp-json\/wp\/v2\/pages\/67\/revisions\/68"}],"wp:attachment":[{"href":"https:\/\/physics.uwb.edu.pl\/wf\/knf2018\/wp-json\/wp\/v2\/media?parent=67"}],"curies":[{"name":"wp","href":"https:\/\/api.w.org\/{rel}","templated":true}]}}