{"id":71,"date":"2017-06-14T19:27:05","date_gmt":"2017-06-14T19:27:05","guid":{"rendered":"http:\/\/physics.uwb.edu.pl\/wf\/knf2018\/?page_id=71"},"modified":"2018-03-23T11:59:48","modified_gmt":"2018-03-23T11:59:48","slug":"terminy","status":"publish","type":"page","link":"https:\/\/physics.uwb.edu.pl\/wf\/knf2018\/terminy\/","title":{"rendered":"TERMINY"},"content":{"rendered":"<h1>Wa\u017cne terminy<\/h1>\n<p>16.11.2017 &#8211; Otwarcie oficjalnej rejestracji uczestnik\u00f3w<\/p>\n<p>18.02.2018 &#8211; Zamkni\u0119cie rejestracji uczestnik\u00f3w<\/p>\n<p>01.03.2018 &#8211; Zamkni\u0119cie rejestracji na wyk\u0142ady otwarte<\/p>\n<p>03.03.2018 &#8211; II Konferencja Nauczycieli Fizyki 2018<\/p>\n","protected":false},"excerpt":{"rendered":"<p>Wa\u017cne terminy 16.11.2017 &#8211; Otwarcie oficjalnej rejestracji uczestnik\u00f3w 18.02.2018 &#8211; Zamkni\u0119cie rejestracji uczestnik\u00f3w 01.03.2018 &#8211; Zamkni\u0119cie rejestracji na wyk\u0142ady otwarte 03.03.2018 &#8211; II Konferencja Nauczycieli Fizyki 2018<\/p>\n","protected":false},"author":8,"featured_media":0,"parent":0,"menu_order":0,"comment_status":"closed","ping_status":"closed","template":"","meta":{"ngg_post_thumbnail":0,"footnotes":""},"class_list":["post-71","page","type-page","status-publish","hentry"],"_links":{"self":[{"href":"https:\/\/physics.uwb.edu.pl\/wf\/knf2018\/wp-json\/wp\/v2\/pages\/71","targetHints":{"allow":["GET"]}}],"collection":[{"href":"https:\/\/physics.uwb.edu.pl\/wf\/knf2018\/wp-json\/wp\/v2\/pages"}],"about":[{"href":"https:\/\/physics.uwb.edu.pl\/wf\/knf2018\/wp-json\/wp\/v2\/types\/page"}],"author":[{"embeddable":true,"href":"https:\/\/physics.uwb.edu.pl\/wf\/knf2018\/wp-json\/wp\/v2\/users\/8"}],"replies":[{"embeddable":true,"href":"https:\/\/physics.uwb.edu.pl\/wf\/knf2018\/wp-json\/wp\/v2\/comments?post=71"}],"version-history":[{"count":8,"href":"https:\/\/physics.uwb.edu.pl\/wf\/knf2018\/wp-json\/wp\/v2\/pages\/71\/revisions"}],"predecessor-version":[{"id":148,"href":"https:\/\/physics.uwb.edu.pl\/wf\/knf2018\/wp-json\/wp\/v2\/pages\/71\/revisions\/148"}],"wp:attachment":[{"href":"https:\/\/physics.uwb.edu.pl\/wf\/knf2018\/wp-json\/wp\/v2\/media?parent=71"}],"curies":[{"name":"wp","href":"https:\/\/api.w.org\/{rel}","templated":true}]}}