{"id":74,"date":"2017-06-14T19:30:24","date_gmt":"2017-06-14T19:30:24","guid":{"rendered":"http:\/\/physics.uwb.edu.pl\/wf\/knf2018\/?page_id=74"},"modified":"2018-03-23T12:00:46","modified_gmt":"2018-03-23T12:00:46","slug":"organizatorzy","status":"publish","type":"page","link":"https:\/\/physics.uwb.edu.pl\/wf\/knf2018\/organizatorzy\/","title":{"rendered":"ORGANIZATORZY"},"content":{"rendered":"<h1>Komitet organizacyjny<\/h1>\n<h3><em>przewodnicz\u0105cy:<\/em><\/h3>\n<ul>\n<li><a href=\"http:\/\/physics.uwb.edu.pl\/wf\/?pracownik=krzysztof-szymanski\">prof. dr hab. Krzysztof Szyma\u0144ski<\/a> \u2013 <a href=\"http:\/\/physics.uwb.edu.pl\/wf\/\">Wydzia\u0142 Fizyki UwB<\/a><\/li>\n<\/ul>\n<h3><em>cz\u0142onkowie:<\/em><\/h3>\n<ul>\n<li>mgr Pawe\u0142 Andryszak \u2013 <a href=\"http:\/\/www.4lo.bialystok.pl\/\"> IV LO im. C.K. Norwida w Bia\u0142ymstoku <\/a><\/li>\n<li>mgr Tomasz Bia\u0142kowski &#8211; <a href=\"http:\/\/3lo.bialystok.pl\/\">III LO im. K.K. Baczy\u0144skiego w Bia\u0142ymstoku<\/a><\/li>\n<li><a href=\"http:\/\/physics.uwb.edu.pl\/wf\/?pracownik=marek-brancewicz\">dr Marek Brancewicz<\/a> \u2013 <a href=\"http:\/\/physics.uwb.edu.pl\/wf\/\">Wydzia\u0142 Fizyki UwB<\/a><\/li>\n<li><a href=\"https:\/\/instytucja.pan.pl\/index.php\/kontakty\/410-oddzial-pan-w-olsztynie-i-bialymstoku\/861-anna-perlowska-kurian\">Anna Per\u0142owska-Kurian<\/a> &#8211; <a href=\"https:\/\/instytucja.pan.pl\/index.php\/kontakty\/410-oddzial-pan-w-olsztynie-i-bialymstoku\">PAN, Oddzia\u0142 w Olsztynie i w Bia\u0142ymstoku z siedzib\u0105 w Olsztynie<\/a><\/li>\n<li><a href=\"http:\/\/physics.uwb.edu.pl\/wf\/?pracownik=katarzyna-recko\">dr hab. Katarzyna Re\u0107ko<\/a> \u2013 <a href=\"http:\/\/physics.uwb.edu.pl\/wf\/\">Wydzia\u0142 Fizyki UwB<\/a><\/li>\n<li>mgr Urszula Ryba\u0142towska &#8211; <a href=\"http:\/\/www.zso2bialystok.pl\/\">Zesp\u00f3\u0142 Szk\u00f3\u0142 Og\u00f3lnokszta\u0142c\u0105cych nr 2 w Bia\u0142ymstoku<\/a><\/li>\n<li><a href=\"http:\/\/www.4lo.bialystok.pl\/\">mgr S\u0142awomir \u017buber \u2013 <\/a><a href=\"https:\/\/ilo.pl\/\">I LO<\/a><\/li>\n<\/ul>\n<h1>Wsp\u00f3\u0142organizatorzy<\/h1>\n<table class=\" aligncenter\">\n<tbody>\n<tr>\n<td><a href=\"http:\/\/physics.uwb.edu.pl\/wf\/?page_id=1227\"><img loading=\"lazy\" decoding=\"async\" class=\"alignnone wp-image-118\" src=\"http:\/\/physics.uwb.edu.pl\/wf\/knf2018\/wp-content\/uploads\/sites\/14\/2017\/06\/logo_ptf-150x150.png\" alt=\"\" width=\"100\" height=\"100\" srcset=\"https:\/\/physics.uwb.edu.pl\/wf\/knf2018\/wp-content\/uploads\/sites\/14\/2017\/06\/logo_ptf-150x150.png 150w, https:\/\/physics.uwb.edu.pl\/wf\/knf2018\/wp-content\/uploads\/sites\/14\/2017\/06\/logo_ptf.png 250w\" sizes=\"auto, (max-width: 100px) 100vw, 100px\" \/><\/a><\/td>\n<td>Polskie Towarzystwo Fizyczne Oddzia\u0142 w Bia\u0142ymstoku<\/td>\n<\/tr>\n<tr>\n<td><a href=\"http:\/\/www.olsztyn.pan.pl\/pl\/\"><img loading=\"lazy\" decoding=\"async\" class=\"aligncenter wp-image-77\" src=\"http:\/\/physics.uwb.edu.pl\/wf\/knf2017\/wp-content\/uploads\/sites\/9\/2016\/09\/logoOOB-300x275.png\" alt=\"\" width=\"109\" height=\"100\"><\/a><\/td>\n<td>Polska Akademia Nauk oddzia\u0142 w Olsztynie i w Bia\u0142ymstoku<\/td>\n<\/tr>\n<\/tbody>\n<\/table>\n<p>&nbsp;<\/p>\n","protected":false},"excerpt":{"rendered":"<p>Komitet organizacyjny przewodnicz\u0105cy: prof. dr hab. Krzysztof Szyma\u0144ski \u2013 Wydzia\u0142 Fizyki UwB cz\u0142onkowie: mgr Pawe\u0142 Andryszak \u2013 IV LO im. C.K. Norwida w Bia\u0142ymstoku mgr Tomasz Bia\u0142kowski &#8211; III LO im. K.K. Baczy\u0144skiego w Bia\u0142ymstoku dr Marek Brancewicz \u2013 Wydzia\u0142 &hellip; <a href=\"https:\/\/physics.uwb.edu.pl\/wf\/knf2018\/organizatorzy\/\">Czytaj dalej <span class=\"meta-nav\">&rarr;<\/span><\/a><\/p>\n","protected":false},"author":8,"featured_media":0,"parent":0,"menu_order":0,"comment_status":"closed","ping_status":"closed","template":"","meta":{"ngg_post_thumbnail":0,"footnotes":""},"class_list":["post-74","page","type-page","status-publish","hentry"],"_links":{"self":[{"href":"https:\/\/physics.uwb.edu.pl\/wf\/knf2018\/wp-json\/wp\/v2\/pages\/74","targetHints":{"allow":["GET"]}}],"collection":[{"href":"https:\/\/physics.uwb.edu.pl\/wf\/knf2018\/wp-json\/wp\/v2\/pages"}],"about":[{"href":"https:\/\/physics.uwb.edu.pl\/wf\/knf2018\/wp-json\/wp\/v2\/types\/page"}],"author":[{"embeddable":true,"href":"https:\/\/physics.uwb.edu.pl\/wf\/knf2018\/wp-json\/wp\/v2\/users\/8"}],"replies":[{"embeddable":true,"href":"https:\/\/physics.uwb.edu.pl\/wf\/knf2018\/wp-json\/wp\/v2\/comments?post=74"}],"version-history":[{"count":10,"href":"https:\/\/physics.uwb.edu.pl\/wf\/knf2018\/wp-json\/wp\/v2\/pages\/74\/revisions"}],"predecessor-version":[{"id":485,"href":"https:\/\/physics.uwb.edu.pl\/wf\/knf2018\/wp-json\/wp\/v2\/pages\/74\/revisions\/485"}],"wp:attachment":[{"href":"https:\/\/physics.uwb.edu.pl\/wf\/knf2018\/wp-json\/wp\/v2\/media?parent=74"}],"curies":[{"name":"wp","href":"https:\/\/api.w.org\/{rel}","templated":true}]}}