{"id":81,"date":"2017-06-14T19:36:18","date_gmt":"2017-06-14T19:36:18","guid":{"rendered":"http:\/\/physics.uwb.edu.pl\/wf\/knf2018\/?page_id=81"},"modified":"2018-03-23T11:58:45","modified_gmt":"2018-03-23T11:58:45","slug":"patronat","status":"publish","type":"page","link":"https:\/\/physics.uwb.edu.pl\/wf\/knf2018\/patronat\/","title":{"rendered":"PATRONAT"},"content":{"rendered":"<h1>Honorowy Patronat<\/h1>\n<p style=\"text-align: center\">Jego Magnificencja Rektor Uniwersytetu w Bia\u0142ymstoku<\/p>\n<p style=\"text-align: center\"><a href=\"http:\/\/www.uwb.edu.pl\/wladze-uczelni-2016\"><strong>dr hab. R. W. Ciborowski, prof. UwB<\/strong><\/a><\/p>\n<p style=\"text-align: center\">Dziekan Wydzia\u0142u Fizyki Uniwersytetu w Bia\u0142ymstoku<\/p>\n<p style=\"text-align: center\"><a href=\"http:\/\/physics.uwb.edu.pl\/wf\/?pracownik=piotr-jaranowski\"><strong>prof. dr hab. Piotr Jaranowski<\/strong><\/a><\/p>\n","protected":false},"excerpt":{"rendered":"<p>Honorowy Patronat Jego Magnificencja Rektor Uniwersytetu w Bia\u0142ymstoku dr hab. R. W. Ciborowski, prof. UwB Dziekan Wydzia\u0142u Fizyki Uniwersytetu w Bia\u0142ymstoku prof. dr hab. Piotr Jaranowski<\/p>\n","protected":false},"author":8,"featured_media":0,"parent":0,"menu_order":0,"comment_status":"closed","ping_status":"closed","template":"","meta":{"ngg_post_thumbnail":0,"footnotes":""},"class_list":["post-81","page","type-page","status-publish","hentry"],"_links":{"self":[{"href":"https:\/\/physics.uwb.edu.pl\/wf\/knf2018\/wp-json\/wp\/v2\/pages\/81","targetHints":{"allow":["GET"]}}],"collection":[{"href":"https:\/\/physics.uwb.edu.pl\/wf\/knf2018\/wp-json\/wp\/v2\/pages"}],"about":[{"href":"https:\/\/physics.uwb.edu.pl\/wf\/knf2018\/wp-json\/wp\/v2\/types\/page"}],"author":[{"embeddable":true,"href":"https:\/\/physics.uwb.edu.pl\/wf\/knf2018\/wp-json\/wp\/v2\/users\/8"}],"replies":[{"embeddable":true,"href":"https:\/\/physics.uwb.edu.pl\/wf\/knf2018\/wp-json\/wp\/v2\/comments?post=81"}],"version-history":[{"count":5,"href":"https:\/\/physics.uwb.edu.pl\/wf\/knf2018\/wp-json\/wp\/v2\/pages\/81\/revisions"}],"predecessor-version":[{"id":128,"href":"https:\/\/physics.uwb.edu.pl\/wf\/knf2018\/wp-json\/wp\/v2\/pages\/81\/revisions\/128"}],"wp:attachment":[{"href":"https:\/\/physics.uwb.edu.pl\/wf\/knf2018\/wp-json\/wp\/v2\/media?parent=81"}],"curies":[{"name":"wp","href":"https:\/\/api.w.org\/{rel}","templated":true}]}}