{"id":83,"date":"2017-06-14T19:36:51","date_gmt":"2017-06-14T19:36:51","guid":{"rendered":"http:\/\/physics.uwb.edu.pl\/wf\/knf2018\/?page_id=83"},"modified":"2018-03-23T11:59:18","modified_gmt":"2018-03-23T11:59:18","slug":"program","status":"publish","type":"page","link":"https:\/\/physics.uwb.edu.pl\/wf\/knf2018\/program\/","title":{"rendered":"PROGRAM"},"content":{"rendered":"<h1 style=\"text-align: center\">Ramowy program konferencji<\/h1>\n<p><span style=\"color: #000080\"><span style=\"color: #000000\"><strong>9:00<\/strong> <\/span><span style=\"color: #008000\">Powitanie uczestnik\u00f3w i otwarcie konferencji<\/span><\/span><\/p>\n<p style=\"text-align: center\"><strong>Sesja Wydzia\u0142u Fizyki UwB<\/strong><\/p>\n<p><strong>9:15<\/strong> prof. dr hab. Krzysztof Szyma\u0144ski (Uniwersytet w Bia\u0142ymstoku): pokaz i wyk\u0142ad <a href=\"http:\/\/physics.uwb.edu.pl\/wf\/knf2018\/wp-content\/uploads\/sites\/14\/2018\/03\/Szymanski_K_CameraObscura.pptx\">&#8222;Camera obscura&#8221;<\/a><\/p>\n<p><span style=\"color: #000080\"><span style=\"color: #000000\"><strong>10:00<\/strong> <\/span><span style=\"color: #008000\">Przerwa kawowa<\/span><\/span><\/p>\n<p style=\"text-align: center\"><strong>Sesja interdyscyplinarna<\/strong><\/p>\n<p><strong>10:30<\/strong> dr Marek Kaczmarzyk (Uniwersytet \u015al\u0105ski): <a href=\"http:\/\/physics.uwb.edu.pl\/wf\/knf2018\/wp-content\/uploads\/sites\/14\/2018\/03\/Kaczmarzyk_M_Pamiec_i_uwaga.ppt\">\u201ePami\u0119\u0107 i uwaga. Dlaczego tak trudno cokolwiek zapami\u0119ta\u0107?\u201d<\/a><\/p>\n<p><strong>12:00<\/strong> prof. Wies\u0142aw Kami\u0144ski (Uniwersytet Marii Curie-Sk\u0142odowskiej): <a href=\"http:\/\/physics.uwb.edu.pl\/wf\/knf2018\/wp-content\/uploads\/sites\/14\/2018\/03\/Kaminski_w_Inteligentne_maszyny.pptx\">\u201eInteligentne maszyny: nie-biologiczna ewolucja inteligencji\u201d<\/a><\/p>\n<p style=\"text-align: center\"><strong>Sesja \u015brodowiska nauczycieli fizyki<\/strong><\/p>\n<p><strong>13:30<\/strong> dr Marcin Chrzanowski (Akademia Dobrej Edukacji im. gen. J\u00f3zefa Sowi\u0144skiego w Warszawie): <a href=\"http:\/\/physics.uwb.edu.pl\/wf\/knf2018\/wp-content\/uploads\/sites\/14\/2018\/03\/Chrzanowski_M_Budowa_atomu_Asperger.ppt\">&#8222;W jaki spos\u00f3b wprowadzam tematyk\u0119 budowy atomu na zaj\u0119ciach z uczniami z zespo\u0142em Aspergera&#8221;<\/a><\/p>\n<p><span style=\"color: #000080\"><span style=\"color: #000000\"><strong>14:15<\/strong> <\/span><span style=\"color: #008000\">Obiad<\/span><\/span><\/p>\n<p><strong>14:45<\/strong> Anna Danuta Zdunko (V LO im. Jana III Sobieskiego w Bia\u0142ymstoku): <a href=\"http:\/\/physics.uwb.edu.pl\/wf\/knf2018\/wp-content\/uploads\/sites\/14\/2018\/03\/Zdunko_A_Prezentacja_prac_uczniow.pptx\">\u201eInnowacje w szkole &#8211; prezentacja efekt\u00f3w pracy z ko\u0142a robotyki, ko\u0142a eksperymentu fizycznego i ko\u0142a grafiki 3D&#8221;<\/a><\/p>\n<p><strong>15:30<\/strong> Miros\u0142awa \u017buber (I LO im. Adama Mickiewicza w Bia\u0142ymstoku): <a href=\"http:\/\/physics.uwb.edu.pl\/wf\/knf2018\/wp-content\/uploads\/sites\/14\/2018\/03\/Zuber_M_Jak-pomagac_talentom.pptx\">\u201eJak pomaga\u0107 talentom\u201d<\/a><\/p>\n<p><strong>16:15<\/strong> Zwiedzanie wystawy: \u201ePod przewodni\u0105 gwiazd\u0105 nauki; w stulecie \u015bmierci Mariana Smoluchowskiego\u201d<\/p>\n<p><span style=\"color: #000080\"><span style=\"color: #000000\"><strong>16:30<\/strong> <\/span><span style=\"color: #008000\">Przerwa kawowa<\/span><\/span><\/p>\n<p><strong>16:45<\/strong> Obrady kapitu\u0142y nad wyborem kandydat\u00f3w do nagrody PTF im. Grzegorza Bia\u0142kowskiego dla wyr\u00f3\u017cniaj\u0105cych si\u0119 nauczycieli fizyki<\/p>\n<p><span style=\"color: #000080\"><span style=\"color: #000000\"><strong>17:00<\/strong> <\/span><span style=\"color: #008000\">Zamkni\u0119cie konferencji<\/span><\/span><\/p>\n","protected":false},"excerpt":{"rendered":"<p>Ramowy program konferencji 9:00 Powitanie uczestnik\u00f3w i otwarcie konferencji Sesja Wydzia\u0142u Fizyki UwB 9:15 prof. dr hab. Krzysztof Szyma\u0144ski (Uniwersytet w Bia\u0142ymstoku): pokaz i wyk\u0142ad &#8222;Camera obscura&#8221; 10:00 Przerwa kawowa Sesja interdyscyplinarna 10:30 dr Marek Kaczmarzyk (Uniwersytet \u015al\u0105ski): \u201ePami\u0119\u0107 i &hellip; <a href=\"https:\/\/physics.uwb.edu.pl\/wf\/knf2018\/program\/\">Czytaj dalej <span class=\"meta-nav\">&rarr;<\/span><\/a><\/p>\n","protected":false},"author":8,"featured_media":0,"parent":0,"menu_order":0,"comment_status":"closed","ping_status":"closed","template":"","meta":{"ngg_post_thumbnail":0,"footnotes":""},"class_list":["post-83","page","type-page","status-publish","hentry"],"_links":{"self":[{"href":"https:\/\/physics.uwb.edu.pl\/wf\/knf2018\/wp-json\/wp\/v2\/pages\/83","targetHints":{"allow":["GET"]}}],"collection":[{"href":"https:\/\/physics.uwb.edu.pl\/wf\/knf2018\/wp-json\/wp\/v2\/pages"}],"about":[{"href":"https:\/\/physics.uwb.edu.pl\/wf\/knf2018\/wp-json\/wp\/v2\/types\/page"}],"author":[{"embeddable":true,"href":"https:\/\/physics.uwb.edu.pl\/wf\/knf2018\/wp-json\/wp\/v2\/users\/8"}],"replies":[{"embeddable":true,"href":"https:\/\/physics.uwb.edu.pl\/wf\/knf2018\/wp-json\/wp\/v2\/comments?post=83"}],"version-history":[{"count":9,"href":"https:\/\/physics.uwb.edu.pl\/wf\/knf2018\/wp-json\/wp\/v2\/pages\/83\/revisions"}],"predecessor-version":[{"id":468,"href":"https:\/\/physics.uwb.edu.pl\/wf\/knf2018\/wp-json\/wp\/v2\/pages\/83\/revisions\/468"}],"wp:attachment":[{"href":"https:\/\/physics.uwb.edu.pl\/wf\/knf2018\/wp-json\/wp\/v2\/media?parent=83"}],"curies":[{"name":"wp","href":"https:\/\/api.w.org\/{rel}","templated":true}]}}