{"id":24,"date":"2018-11-07T12:02:41","date_gmt":"2018-11-07T12:02:41","guid":{"rendered":"http:\/\/physics.uwb.edu.pl\/wf\/knf2019\/?page_id=24"},"modified":"2018-11-07T13:55:36","modified_gmt":"2018-11-07T13:55:36","slug":"cele","status":"publish","type":"page","link":"https:\/\/physics.uwb.edu.pl\/wf\/knf2019\/cele\/","title":{"rendered":"CELE"},"content":{"rendered":"<h1><span style=\"color: #333399\">CELE KONFERENCJI<\/span><\/h1>\n<ul>\n<li>integracja \u015brodowiska<\/li>\n<li>poszerzanie kompetencji<\/li>\n<li>dzielenie si\u0119 do\u015bwiadczeniami<\/li>\n<li>przekazywanie aktualnych informacji<\/li>\n<\/ul>\n","protected":false},"excerpt":{"rendered":"<p>CELE KONFERENCJI integracja \u015brodowiska poszerzanie kompetencji dzielenie si\u0119 do\u015bwiadczeniami przekazywanie aktualnych informacji<\/p>\n","protected":false},"author":8,"featured_media":0,"parent":0,"menu_order":0,"comment_status":"closed","ping_status":"closed","template":"","meta":{"ngg_post_thumbnail":0,"footnotes":""},"class_list":["post-24","page","type-page","status-publish","hentry"],"_links":{"self":[{"href":"https:\/\/physics.uwb.edu.pl\/wf\/knf2019\/wp-json\/wp\/v2\/pages\/24","targetHints":{"allow":["GET"]}}],"collection":[{"href":"https:\/\/physics.uwb.edu.pl\/wf\/knf2019\/wp-json\/wp\/v2\/pages"}],"about":[{"href":"https:\/\/physics.uwb.edu.pl\/wf\/knf2019\/wp-json\/wp\/v2\/types\/page"}],"author":[{"embeddable":true,"href":"https:\/\/physics.uwb.edu.pl\/wf\/knf2019\/wp-json\/wp\/v2\/users\/8"}],"replies":[{"embeddable":true,"href":"https:\/\/physics.uwb.edu.pl\/wf\/knf2019\/wp-json\/wp\/v2\/comments?post=24"}],"version-history":[{"count":4,"href":"https:\/\/physics.uwb.edu.pl\/wf\/knf2019\/wp-json\/wp\/v2\/pages\/24\/revisions"}],"predecessor-version":[{"id":113,"href":"https:\/\/physics.uwb.edu.pl\/wf\/knf2019\/wp-json\/wp\/v2\/pages\/24\/revisions\/113"}],"wp:attachment":[{"href":"https:\/\/physics.uwb.edu.pl\/wf\/knf2019\/wp-json\/wp\/v2\/media?parent=24"}],"curies":[{"name":"wp","href":"https:\/\/api.w.org\/{rel}","templated":true}]}}