{"id":26,"date":"2018-11-07T12:02:41","date_gmt":"2018-11-07T12:02:41","guid":{"rendered":"http:\/\/physics.uwb.edu.pl\/wf\/knf2019\/?page_id=26"},"modified":"2019-04-10T09:39:49","modified_gmt":"2019-04-10T09:39:49","slug":"terminy","status":"publish","type":"page","link":"https:\/\/physics.uwb.edu.pl\/wf\/knf2019\/terminy\/","title":{"rendered":"TERMINY"},"content":{"rendered":"<h1><span style=\"color: #333399\">WA\u017bNE TERMINY<\/span><\/h1>\n<p><strong>12.11.2018<\/strong> &#8211; Otwarcie rejestracji uczestnik\u00f3w<\/p>\n<p><span style=\"color: #000000\"><strong>31.01.2019<\/strong> &#8211; O<\/span>stateczny termin zg\u0142aszania w\u0142asnych wyst\u0105pie\u0144<\/p>\n<p><span style=\"color: #000000\"><strong>28.02.2019<\/strong> \u2013 Z<\/span>amkni\u0119cie rejestracji uczestnik\u00f3w<\/p>\n<p><span style=\"color: #000000\"><strong>30.03.2019<\/strong> \u2013 III<\/span> Konferencja Nauczycieli Fizyki 2019<\/p>\n","protected":false},"excerpt":{"rendered":"<p>WA\u017bNE TERMINY 12.11.2018 &#8211; Otwarcie rejestracji uczestnik\u00f3w 31.01.2019 &#8211; Ostateczny termin zg\u0142aszania w\u0142asnych wyst\u0105pie\u0144 28.02.2019 \u2013 Zamkni\u0119cie rejestracji uczestnik\u00f3w 30.03.2019 \u2013 III Konferencja Nauczycieli Fizyki 2019<\/p>\n","protected":false},"author":8,"featured_media":0,"parent":0,"menu_order":0,"comment_status":"closed","ping_status":"closed","template":"","meta":{"ngg_post_thumbnail":0,"footnotes":""},"class_list":["post-26","page","type-page","status-publish","hentry"],"_links":{"self":[{"href":"https:\/\/physics.uwb.edu.pl\/wf\/knf2019\/wp-json\/wp\/v2\/pages\/26","targetHints":{"allow":["GET"]}}],"collection":[{"href":"https:\/\/physics.uwb.edu.pl\/wf\/knf2019\/wp-json\/wp\/v2\/pages"}],"about":[{"href":"https:\/\/physics.uwb.edu.pl\/wf\/knf2019\/wp-json\/wp\/v2\/types\/page"}],"author":[{"embeddable":true,"href":"https:\/\/physics.uwb.edu.pl\/wf\/knf2019\/wp-json\/wp\/v2\/users\/8"}],"replies":[{"embeddable":true,"href":"https:\/\/physics.uwb.edu.pl\/wf\/knf2019\/wp-json\/wp\/v2\/comments?post=26"}],"version-history":[{"count":14,"href":"https:\/\/physics.uwb.edu.pl\/wf\/knf2019\/wp-json\/wp\/v2\/pages\/26\/revisions"}],"predecessor-version":[{"id":372,"href":"https:\/\/physics.uwb.edu.pl\/wf\/knf2019\/wp-json\/wp\/v2\/pages\/26\/revisions\/372"}],"wp:attachment":[{"href":"https:\/\/physics.uwb.edu.pl\/wf\/knf2019\/wp-json\/wp\/v2\/media?parent=26"}],"curies":[{"name":"wp","href":"https:\/\/api.w.org\/{rel}","templated":true}]}}