{"id":27,"date":"2018-11-07T12:02:41","date_gmt":"2018-11-07T12:02:41","guid":{"rendered":"http:\/\/physics.uwb.edu.pl\/wf\/knf2019\/?page_id=27"},"modified":"2019-03-01T10:28:37","modified_gmt":"2019-03-01T10:28:37","slug":"rejestracja","status":"publish","type":"page","link":"https:\/\/physics.uwb.edu.pl\/wf\/knf2019\/rejestracja\/","title":{"rendered":"REJESTRACJA"},"content":{"rendered":"<h1><span style=\"color: #333399\">REJESTRACJA UCZESTNICTWA W KONFERENCJI<\/span><\/h1>\n<p>Dn. 28.02.2019 rejestracja uczestnik\u00f3w zosta\u0142a zamkni\u0119ta.<\/p>\n<p>Cieszymy si\u0119 z tak licznego zainteresowania konferencj\u0105 i jednocze\u015bnie zwracamy si\u0119 z uprzejm\u0105 pro\u015bb\u0105 do os\u00f3b zarejestrowanych, kt\u00f3re z r\u00f3\u017cnych przyczyn jednak nie b\u0119d\u0105 mog\u0142y uczestniczy\u0107 w konferencji o przes\u0142anie informacji organizatorom na adres e-mail: <a href=\"mailto:m.brancewicz@uwb.edu.pl\">m.brancewicz@uwb.edu.pl<\/a>.<\/p>\n<p>Dzi\u0119kujemy<\/p>\n<p><strong>Komitet Organizacyjny III KNF 2019<\/strong><\/p>\n","protected":false},"excerpt":{"rendered":"<p>REJESTRACJA UCZESTNICTWA W KONFERENCJI Dn. 28.02.2019 rejestracja uczestnik\u00f3w zosta\u0142a zamkni\u0119ta. Cieszymy si\u0119 z tak licznego zainteresowania konferencj\u0105 i jednocze\u015bnie zwracamy si\u0119 z uprzejm\u0105 pro\u015bb\u0105 do os\u00f3b zarejestrowanych, kt\u00f3re z r\u00f3\u017cnych przyczyn jednak nie b\u0119d\u0105 mog\u0142y uczestniczy\u0107 w konferencji o przes\u0142anie &hellip; <a href=\"https:\/\/physics.uwb.edu.pl\/wf\/knf2019\/rejestracja\/\">Czytaj dalej <span class=\"meta-nav\">&rarr;<\/span><\/a><\/p>\n","protected":false},"author":8,"featured_media":0,"parent":0,"menu_order":0,"comment_status":"closed","ping_status":"closed","template":"","meta":{"ngg_post_thumbnail":0,"footnotes":""},"class_list":["post-27","page","type-page","status-publish","hentry"],"_links":{"self":[{"href":"https:\/\/physics.uwb.edu.pl\/wf\/knf2019\/wp-json\/wp\/v2\/pages\/27","targetHints":{"allow":["GET"]}}],"collection":[{"href":"https:\/\/physics.uwb.edu.pl\/wf\/knf2019\/wp-json\/wp\/v2\/pages"}],"about":[{"href":"https:\/\/physics.uwb.edu.pl\/wf\/knf2019\/wp-json\/wp\/v2\/types\/page"}],"author":[{"embeddable":true,"href":"https:\/\/physics.uwb.edu.pl\/wf\/knf2019\/wp-json\/wp\/v2\/users\/8"}],"replies":[{"embeddable":true,"href":"https:\/\/physics.uwb.edu.pl\/wf\/knf2019\/wp-json\/wp\/v2\/comments?post=27"}],"version-history":[{"count":14,"href":"https:\/\/physics.uwb.edu.pl\/wf\/knf2019\/wp-json\/wp\/v2\/pages\/27\/revisions"}],"predecessor-version":[{"id":222,"href":"https:\/\/physics.uwb.edu.pl\/wf\/knf2019\/wp-json\/wp\/v2\/pages\/27\/revisions\/222"}],"wp:attachment":[{"href":"https:\/\/physics.uwb.edu.pl\/wf\/knf2019\/wp-json\/wp\/v2\/media?parent=27"}],"curies":[{"name":"wp","href":"https:\/\/api.w.org\/{rel}","templated":true}]}}