{"id":28,"date":"2018-11-07T12:02:41","date_gmt":"2018-11-07T12:02:41","guid":{"rendered":"http:\/\/physics.uwb.edu.pl\/wf\/knf2019\/?page_id=28"},"modified":"2019-10-15T20:13:54","modified_gmt":"2019-10-15T20:13:54","slug":"kontakt","status":"publish","type":"page","link":"https:\/\/physics.uwb.edu.pl\/wf\/knf2019\/kontakt\/","title":{"rendered":"KONTAKT"},"content":{"rendered":"<h1><span style=\"color: #333399\">KONTAKT<\/span><\/h1>\n<p>Wszelkie zapytania dotycz\u0105ce konferencji prosimy kierowa\u0107 na adres e-mail, b\u0105d\u017a telefonicznie:<\/p>\n<p style=\"text-align: center\"><a href=\"mailto:m.brancewicz@uwb.edu.pl\">m.brancewicz@uwb.edu.pl<\/a>, tel. 085-738-8168 (<strong>dr Marek Brancewicz<\/strong>)<\/p>\n<p style=\"text-align: center\">lub<\/p>\n<p style=\"text-align: center\"><a href=\"mailto:k.szymanski@uwb.edu.pl\">k.szymanski@uwb.edu.pl<\/a>, tel. 085-745-7221 (<strong>prof. dr hab. Krzysztof Szyma\u0144ski<\/strong>)<\/p>\n","protected":false},"excerpt":{"rendered":"<p>KONTAKT Wszelkie zapytania dotycz\u0105ce konferencji prosimy kierowa\u0107 na adres e-mail, b\u0105d\u017a telefonicznie: m.brancewicz@uwb.edu.pl, tel. 085-738-8168 (dr Marek Brancewicz) lub k.szymanski@uwb.edu.pl, tel. 085-745-7221 (prof. dr hab. Krzysztof Szyma\u0144ski)<\/p>\n","protected":false},"author":8,"featured_media":0,"parent":0,"menu_order":0,"comment_status":"closed","ping_status":"closed","template":"","meta":{"ngg_post_thumbnail":0,"footnotes":""},"class_list":["post-28","page","type-page","status-publish","hentry"],"_links":{"self":[{"href":"https:\/\/physics.uwb.edu.pl\/wf\/knf2019\/wp-json\/wp\/v2\/pages\/28","targetHints":{"allow":["GET"]}}],"collection":[{"href":"https:\/\/physics.uwb.edu.pl\/wf\/knf2019\/wp-json\/wp\/v2\/pages"}],"about":[{"href":"https:\/\/physics.uwb.edu.pl\/wf\/knf2019\/wp-json\/wp\/v2\/types\/page"}],"author":[{"embeddable":true,"href":"https:\/\/physics.uwb.edu.pl\/wf\/knf2019\/wp-json\/wp\/v2\/users\/8"}],"replies":[{"embeddable":true,"href":"https:\/\/physics.uwb.edu.pl\/wf\/knf2019\/wp-json\/wp\/v2\/comments?post=28"}],"version-history":[{"count":8,"href":"https:\/\/physics.uwb.edu.pl\/wf\/knf2019\/wp-json\/wp\/v2\/pages\/28\/revisions"}],"predecessor-version":[{"id":171,"href":"https:\/\/physics.uwb.edu.pl\/wf\/knf2019\/wp-json\/wp\/v2\/pages\/28\/revisions\/171"}],"wp:attachment":[{"href":"https:\/\/physics.uwb.edu.pl\/wf\/knf2019\/wp-json\/wp\/v2\/media?parent=28"}],"curies":[{"name":"wp","href":"https:\/\/api.w.org\/{rel}","templated":true}]}}