{"id":77,"date":"2018-11-07T13:03:06","date_gmt":"2018-11-07T13:03:06","guid":{"rendered":"http:\/\/physics.uwb.edu.pl\/wf\/knf2019\/?page_id=77"},"modified":"2019-04-10T09:42:18","modified_gmt":"2019-04-10T09:42:18","slug":"iii-konferencja-nauczycieli-fizyki-2019","status":"publish","type":"page","link":"https:\/\/physics.uwb.edu.pl\/wf\/knf2019\/","title":{"rendered":"III Konferencja Nauczycieli Fizyki 2019"},"content":{"rendered":"<p><span style=\"color: #000000;font-size: 14pt\"><strong>Szanowni Pa\u0144stwo<\/strong><\/span><\/p>\n<p>W sobot\u0119 <strong>30 marca 2019 r.<\/strong> na Wydziale Fizyki Uniwersytetu w Bia\u0142ymstoku przy ul. Konstantego Cio\u0142kowskiego 1L odby\u0142a si\u0119<\/p>\n<h1><span style=\"color: #333399\">III KONFERENCJA NAUCZYCIELI FIZYKI<\/span><\/h1>\n<p>To ju\u017c trzecie tego typu spotkanie, kt\u00f3re zorganizowa\u0142 Wydzia\u0142 Fizyki Uniwersytetu w Bia\u0142ymstoku we wsp\u00f3\u0142pracy z Polskim Towarzystwem Fizycznym oddzia\u0142 w Bia\u0142ymstoku oraz Polsk\u0105 Akademi\u0105 Nauk oddzia\u0142 w Olsztynie i w Bia\u0142ymstoku z siedzib\u0105 w Olsztynie. Celem konferencji by\u0142a integracja \u015brodowiska, poszerzanie kompetencji zawodowych nauczycieli oraz dzielenie si\u0119 do\u015bwiadczeniami z w\u0142asnej pracy i przekazywanie aktualnych informacji.<\/p>\n<p>W konferencji uczestniczy\u0142y \u0142\u0105cznie 54 osoby, w tym: 44 nauczycieli, 4 organizator\u00f3w, 3 zaproszonych wyk\u0142adowc\u00f3w oraz 3 osoby prezentuj\u0105ce ofert\u0119 pomocy dydaktycznych dla szk\u00f3\u0142.<\/p>\n<p>Dzi\u0119kujemy za coraz wi\u0119ksze zainteresowanie nasz\u0105 konferencj\u0105 i zapraszamy na jej kolejn\u0105 edycj\u0119 za rok (prawdopodobnie 28.03.2020).<\/p>\n","protected":false},"excerpt":{"rendered":"<p>Szanowni Pa\u0144stwo W sobot\u0119 30 marca 2019 r. na Wydziale Fizyki Uniwersytetu w Bia\u0142ymstoku przy ul. Konstantego Cio\u0142kowskiego 1L odby\u0142a si\u0119 III KONFERENCJA NAUCZYCIELI FIZYKI To ju\u017c trzecie tego typu spotkanie, kt\u00f3re zorganizowa\u0142 Wydzia\u0142 Fizyki Uniwersytetu w Bia\u0142ymstoku we wsp\u00f3\u0142pracy &hellip; <a href=\"https:\/\/physics.uwb.edu.pl\/wf\/knf2019\/\">Czytaj dalej <span class=\"meta-nav\">&rarr;<\/span><\/a><\/p>\n","protected":false},"author":8,"featured_media":0,"parent":0,"menu_order":0,"comment_status":"closed","ping_status":"closed","template":"","meta":{"ngg_post_thumbnail":0,"footnotes":""},"class_list":["post-77","page","type-page","status-publish","hentry"],"_links":{"self":[{"href":"https:\/\/physics.uwb.edu.pl\/wf\/knf2019\/wp-json\/wp\/v2\/pages\/77","targetHints":{"allow":["GET"]}}],"collection":[{"href":"https:\/\/physics.uwb.edu.pl\/wf\/knf2019\/wp-json\/wp\/v2\/pages"}],"about":[{"href":"https:\/\/physics.uwb.edu.pl\/wf\/knf2019\/wp-json\/wp\/v2\/types\/page"}],"author":[{"embeddable":true,"href":"https:\/\/physics.uwb.edu.pl\/wf\/knf2019\/wp-json\/wp\/v2\/users\/8"}],"replies":[{"embeddable":true,"href":"https:\/\/physics.uwb.edu.pl\/wf\/knf2019\/wp-json\/wp\/v2\/comments?post=77"}],"version-history":[{"count":18,"href":"https:\/\/physics.uwb.edu.pl\/wf\/knf2019\/wp-json\/wp\/v2\/pages\/77\/revisions"}],"predecessor-version":[{"id":373,"href":"https:\/\/physics.uwb.edu.pl\/wf\/knf2019\/wp-json\/wp\/v2\/pages\/77\/revisions\/373"}],"wp:attachment":[{"href":"https:\/\/physics.uwb.edu.pl\/wf\/knf2019\/wp-json\/wp\/v2\/media?parent=77"}],"curies":[{"name":"wp","href":"https:\/\/api.w.org\/{rel}","templated":true}]}}