{"id":339,"date":"2020-03-10T14:57:18","date_gmt":"2020-03-10T14:57:18","guid":{"rendered":"https:\/\/physics.uwb.edu.pl\/wf\/knf2020\/?page_id=339"},"modified":"2020-03-10T15:01:54","modified_gmt":"2020-03-10T15:01:54","slug":"joanna-alberska","status":"publish","type":"page","link":"https:\/\/physics.uwb.edu.pl\/wf\/knf2020\/joanna-alberska\/","title":{"rendered":"Joanna Alberska"},"content":{"rendered":"\n<figure class=\"wp-block-image size-large\"><img loading=\"lazy\" decoding=\"async\" width=\"156\" height=\"66\" src=\"https:\/\/physics.uwb.edu.pl\/wf\/knf2020\/wp-content\/uploads\/sites\/22\/2020\/03\/mws_logo.png\" alt=\"\" class=\"wp-image-341\"\/><\/figure>\n\n\n\n<p><strong>&#8222;Dlaczego nasi uczniowie wci\u0105\u017c wybieraj\u0105 zawody z poprzedniej epoki?&#8221;<\/strong><\/p>\n\n\n\n<p>\u015awiat p\u0119dzi do przodu, zmienia si\u0119 rzeczywisto\u015b\u0107, kt\u00f3ra nas otacza. Wed\u0142ug prognoz  licznych instytut\u00f3w badawczych wiele znanych nam zawod\u00f3w zniknie w ci\u0105gu  najbli\u017cszych 15 lat! Ponad po\u0142owa dzisiejszych  uczni\u00f3w szk\u00f3\u0142 podstawowych podejmie prac\u0119 w zawodzie, kt\u00f3rego dzisiaj  jeszcze nie znamy! Dlaczego zatem wybory m\u0142odych ludzi dotycz\u0105ce zawod\u00f3w s\u0105 niemal identyczne, jak 20 lat temu? Podczas naszego warsztatu  przeanalizujemy sytuacj\u0119, zapoznamy si\u0119 z potrzebami na rynku pracy i spr\u00f3bujemy przygotowa\u0107 si\u0119 do zmian, by absolwenci naszych szk\u00f3\u0142 byli gotowi do podj\u0119cia pracy w zawodach szczeg\u00f3lnie istotnych z punktu widzenia pa\u0144stwa i firm funkcjonuj\u0105cych w Polsce.<\/p>\n","protected":false},"excerpt":{"rendered":"<p>&#8222;Dlaczego nasi uczniowie wci\u0105\u017c wybieraj\u0105 zawody z poprzedniej epoki?&#8221; \u015awiat p\u0119dzi do przodu, zmienia si\u0119 rzeczywisto\u015b\u0107, kt\u00f3ra nas otacza. Wed\u0142ug prognoz licznych instytut\u00f3w badawczych wiele znanych nam zawod\u00f3w zniknie w ci\u0105gu najbli\u017cszych 15 lat! Ponad po\u0142owa dzisiejszych uczni\u00f3w szk\u00f3\u0142 podstawowych &hellip; <a href=\"https:\/\/physics.uwb.edu.pl\/wf\/knf2020\/joanna-alberska\/\">Czytaj dalej <span class=\"meta-nav\">&rarr;<\/span><\/a><\/p>\n","protected":false},"author":8,"featured_media":0,"parent":0,"menu_order":0,"comment_status":"closed","ping_status":"closed","template":"","meta":{"ngg_post_thumbnail":0,"footnotes":""},"class_list":["post-339","page","type-page","status-publish","hentry"],"_links":{"self":[{"href":"https:\/\/physics.uwb.edu.pl\/wf\/knf2020\/wp-json\/wp\/v2\/pages\/339","targetHints":{"allow":["GET"]}}],"collection":[{"href":"https:\/\/physics.uwb.edu.pl\/wf\/knf2020\/wp-json\/wp\/v2\/pages"}],"about":[{"href":"https:\/\/physics.uwb.edu.pl\/wf\/knf2020\/wp-json\/wp\/v2\/types\/page"}],"author":[{"embeddable":true,"href":"https:\/\/physics.uwb.edu.pl\/wf\/knf2020\/wp-json\/wp\/v2\/users\/8"}],"replies":[{"embeddable":true,"href":"https:\/\/physics.uwb.edu.pl\/wf\/knf2020\/wp-json\/wp\/v2\/comments?post=339"}],"version-history":[{"count":4,"href":"https:\/\/physics.uwb.edu.pl\/wf\/knf2020\/wp-json\/wp\/v2\/pages\/339\/revisions"}],"predecessor-version":[{"id":344,"href":"https:\/\/physics.uwb.edu.pl\/wf\/knf2020\/wp-json\/wp\/v2\/pages\/339\/revisions\/344"}],"wp:attachment":[{"href":"https:\/\/physics.uwb.edu.pl\/wf\/knf2020\/wp-json\/wp\/v2\/media?parent=339"}],"curies":[{"name":"wp","href":"https:\/\/api.w.org\/{rel}","templated":true}]}}