{"id":361,"date":"2020-03-11T21:10:49","date_gmt":"2020-03-11T21:10:49","guid":{"rendered":"https:\/\/physics.uwb.edu.pl\/wf\/knf2020\/?page_id=361"},"modified":"2020-03-11T21:10:49","modified_gmt":"2020-03-11T21:10:49","slug":"marek-szpakowski","status":"publish","type":"page","link":"https:\/\/physics.uwb.edu.pl\/wf\/knf2020\/marek-szpakowski\/","title":{"rendered":"Marek Szpakowski"},"content":{"rendered":"\n<figure class=\"wp-block-image size-large is-resized\"><img loading=\"lazy\" decoding=\"async\" src=\"https:\/\/physics.uwb.edu.pl\/wf\/knf2020\/wp-content\/uploads\/sites\/22\/2020\/03\/plum_logo.png\" alt=\"\" class=\"wp-image-360\" width=\"200\" height=\"73\" srcset=\"https:\/\/physics.uwb.edu.pl\/wf\/knf2020\/wp-content\/uploads\/sites\/22\/2020\/03\/plum_logo.png 373w, https:\/\/physics.uwb.edu.pl\/wf\/knf2020\/wp-content\/uploads\/sites\/22\/2020\/03\/plum_logo-300x110.png 300w\" sizes=\"auto, (max-width: 200px) 100vw, 200px\" \/><\/figure>\n\n\n\n<p><strong> \u201eRola laboratori\u00f3w wzorcuj\u0105cych w przemy\u015ble\u201d<\/strong><\/p>\n\n\n\n<p>Definicje jednostek miar i ich fizyczna realizacja oraz jej praktyczne zastosowanie w procesach wzorcowania (kalibracji) powszechnie u\u017cywanych przyrz\u0105d\u00f3w pomiarowych to podstawa dzia\u0142alno\u015bci laboratori\u00f3w wzorcuj\u0105cych. Przedstawiona zostanie ich rola w przekazywaniu jednostek miar. Om\u00f3wimy zagadnienia istotne dla funkcjonowania laboratori\u00f3w wzorcuj\u0105cych: akredytacja laboratorium, system jako\u015bci laboratorium, zapewnienie sp\u00f3jno\u015bci pomiarowej, utrzymywanie wzorc\u00f3w pomiarowych. Przedstawimy wybrane przyk\u0142ady wzorc\u00f3w: napi\u0119cia elektrycznego, ci\u015bnienia i temperatury. Om\u00f3wimy zagadnienia z codziennej pracy laboratori\u00f3w: por\u00f3wnanie mi\u0119dzylaboratoryjne, znaczenie niepewno\u015bci pomiaru, us\u0142uga wzorcowania i wsp\u00f3\u0142praca z klientami. Przedstawimy przyk\u0142ad akredytowanego laboratorium wzorcuj\u0105cego funkcjonuj\u0105cego w bia\u0142ostockiej firmie PLUM, producenta przyrz\u0105d\u00f3w pomiarowych i automatyki przemys\u0142owej.<\/p>\n","protected":false},"excerpt":{"rendered":"<p>\u201eRola laboratori\u00f3w wzorcuj\u0105cych w przemy\u015ble\u201d Definicje jednostek miar i ich fizyczna realizacja oraz jej praktyczne zastosowanie w procesach wzorcowania (kalibracji) powszechnie u\u017cywanych przyrz\u0105d\u00f3w pomiarowych to podstawa dzia\u0142alno\u015bci laboratori\u00f3w wzorcuj\u0105cych. Przedstawiona zostanie ich rola w przekazywaniu jednostek miar. Om\u00f3wimy zagadnienia istotne &hellip; <a href=\"https:\/\/physics.uwb.edu.pl\/wf\/knf2020\/marek-szpakowski\/\">Czytaj dalej <span class=\"meta-nav\">&rarr;<\/span><\/a><\/p>\n","protected":false},"author":8,"featured_media":0,"parent":0,"menu_order":0,"comment_status":"closed","ping_status":"closed","template":"","meta":{"ngg_post_thumbnail":0,"footnotes":""},"class_list":["post-361","page","type-page","status-publish","hentry"],"_links":{"self":[{"href":"https:\/\/physics.uwb.edu.pl\/wf\/knf2020\/wp-json\/wp\/v2\/pages\/361","targetHints":{"allow":["GET"]}}],"collection":[{"href":"https:\/\/physics.uwb.edu.pl\/wf\/knf2020\/wp-json\/wp\/v2\/pages"}],"about":[{"href":"https:\/\/physics.uwb.edu.pl\/wf\/knf2020\/wp-json\/wp\/v2\/types\/page"}],"author":[{"embeddable":true,"href":"https:\/\/physics.uwb.edu.pl\/wf\/knf2020\/wp-json\/wp\/v2\/users\/8"}],"replies":[{"embeddable":true,"href":"https:\/\/physics.uwb.edu.pl\/wf\/knf2020\/wp-json\/wp\/v2\/comments?post=361"}],"version-history":[{"count":1,"href":"https:\/\/physics.uwb.edu.pl\/wf\/knf2020\/wp-json\/wp\/v2\/pages\/361\/revisions"}],"predecessor-version":[{"id":362,"href":"https:\/\/physics.uwb.edu.pl\/wf\/knf2020\/wp-json\/wp\/v2\/pages\/361\/revisions\/362"}],"wp:attachment":[{"href":"https:\/\/physics.uwb.edu.pl\/wf\/knf2020\/wp-json\/wp\/v2\/media?parent=361"}],"curies":[{"name":"wp","href":"https:\/\/api.w.org\/{rel}","templated":true}]}}