{"id":365,"date":"2020-03-12T10:52:00","date_gmt":"2020-03-12T10:52:00","guid":{"rendered":"https:\/\/physics.uwb.edu.pl\/wf\/knf2020\/?page_id=365"},"modified":"2020-03-12T10:57:59","modified_gmt":"2020-03-12T10:57:59","slug":"pawel-andryszak","status":"publish","type":"page","link":"https:\/\/physics.uwb.edu.pl\/wf\/knf2020\/pawel-andryszak\/","title":{"rendered":"Pawe\u0142 Andryszak"},"content":{"rendered":"\n<figure class=\"wp-block-image size-large is-resized\"><img loading=\"lazy\" decoding=\"async\" src=\"https:\/\/physics.uwb.edu.pl\/wf\/knf2020\/wp-content\/uploads\/sites\/22\/2020\/03\/DI_Logo_Full_Color_CMYK-1024x256.png\" alt=\"\" class=\"wp-image-367\" width=\"234\" height=\"59\" srcset=\"https:\/\/physics.uwb.edu.pl\/wf\/knf2020\/wp-content\/uploads\/sites\/22\/2020\/03\/DI_Logo_Full_Color_CMYK-1024x256.png 1024w, https:\/\/physics.uwb.edu.pl\/wf\/knf2020\/wp-content\/uploads\/sites\/22\/2020\/03\/DI_Logo_Full_Color_CMYK-300x75.png 300w, https:\/\/physics.uwb.edu.pl\/wf\/knf2020\/wp-content\/uploads\/sites\/22\/2020\/03\/DI_Logo_Full_Color_CMYK-768x192.png 768w, https:\/\/physics.uwb.edu.pl\/wf\/knf2020\/wp-content\/uploads\/sites\/22\/2020\/03\/DI_Logo_Full_Color_CMYK-1536x384.png 1536w, https:\/\/physics.uwb.edu.pl\/wf\/knf2020\/wp-content\/uploads\/sites\/22\/2020\/03\/DI_Logo_Full_Color_CMYK-2048x512.png 2048w\" sizes=\"auto, (max-width: 234px) 100vw, 234px\" \/><\/figure>\n\n\n\n<p><strong> \u201eDestination Imagination w praktyce szkolnej\u201d<\/strong><\/p>\n\n\n\n<p>Destination Imagination \u00a0jest najwi\u0119kszym na \u015bwiecie programem edukacyjnym dla dzieci i m\u0142odzie\u017cy zorientowanym na rozw\u00f3j kreatywno\u015bci oraz umiej\u0119tno\u015bci XXI wieku. Destination Imagination uczy przede wszystkim kreatywnego rozwi\u0105zywania problem\u00f3w, tworzenia innowacji, pracy zespo\u0142owej podczas podejmowania ekscytuj\u0105cych wyzwa\u0144, zarz\u0105dzania czasem, zasobami ludzkimi, materia\u0142ami, finansami i pomys\u0142ami. Uczy tak\u017ce umiej\u0119tno\u015bci skutecznej komunikacji i prezentacji wytwor\u00f3w w\u0142asnej pracy oraz pracy zespo\u0142u.<\/p>\n\n\n\n<p>Projekt stawia przed uczestnikami wyzwania zespo\u0142owe, kt\u00f3re wyzwalaj\u0105 ducha odkrywczo\u015bci i samodzielno\u015bci, zach\u0119caj\u0105 do zdobywania nowych umiej\u0119tno\u015bci i zainteresowa\u0144 oraz kreuj\u0105 poczucie odpowiedzialno\u015bci wobec innych. Dzieje si\u0119 tak, poniewa\u017c w naszym programie dzieci i m\u0142odzie\u017c rozwi\u0105zuj\u0105 wyzwania samodzielnie. G\u0142\u00f3wnym celem wyst\u0105pienia jest promowanie pracy metod\u0105 projektu\/wyzwania na bazie mi\u0119dzynarodowego programu Destination Imagination. Podczas wyst\u0105pienia zostan\u0105 przybli\u017cone techniki u\u017cycia wyzwa\u0144 DI (STEM, STEM-ATRT, ART) na lekcjach przedmiot\u00f3w przyrodniczych.<\/p>\n\n\n\n<p>Coraz wi\u0119cej polskich szk\u00f3\u0142 i nauczycieli do\u0142\u0105cza do wyj\u0105tkowej kreatywnej spo\u0142eczno\u015bci DI Polska. Mo\u017ce czas na Was? Zapraszam Pa\u0144stwa na podr\u00f3\u017c w przysz\u0142o\u015b\u0107 edukacji \u2026 kierunek wyobra\u017ania! <\/p>\n","protected":false},"excerpt":{"rendered":"<p>\u201eDestination Imagination w praktyce szkolnej\u201d Destination Imagination \u00a0jest najwi\u0119kszym na \u015bwiecie programem edukacyjnym dla dzieci i m\u0142odzie\u017cy zorientowanym na rozw\u00f3j kreatywno\u015bci oraz umiej\u0119tno\u015bci XXI wieku. Destination Imagination uczy przede wszystkim kreatywnego rozwi\u0105zywania problem\u00f3w, tworzenia innowacji, pracy zespo\u0142owej podczas podejmowania ekscytuj\u0105cych &hellip; <a href=\"https:\/\/physics.uwb.edu.pl\/wf\/knf2020\/pawel-andryszak\/\">Czytaj dalej <span class=\"meta-nav\">&rarr;<\/span><\/a><\/p>\n","protected":false},"author":8,"featured_media":0,"parent":0,"menu_order":0,"comment_status":"closed","ping_status":"closed","template":"","meta":{"ngg_post_thumbnail":0,"footnotes":""},"class_list":["post-365","page","type-page","status-publish","hentry"],"_links":{"self":[{"href":"https:\/\/physics.uwb.edu.pl\/wf\/knf2020\/wp-json\/wp\/v2\/pages\/365","targetHints":{"allow":["GET"]}}],"collection":[{"href":"https:\/\/physics.uwb.edu.pl\/wf\/knf2020\/wp-json\/wp\/v2\/pages"}],"about":[{"href":"https:\/\/physics.uwb.edu.pl\/wf\/knf2020\/wp-json\/wp\/v2\/types\/page"}],"author":[{"embeddable":true,"href":"https:\/\/physics.uwb.edu.pl\/wf\/knf2020\/wp-json\/wp\/v2\/users\/8"}],"replies":[{"embeddable":true,"href":"https:\/\/physics.uwb.edu.pl\/wf\/knf2020\/wp-json\/wp\/v2\/comments?post=365"}],"version-history":[{"count":3,"href":"https:\/\/physics.uwb.edu.pl\/wf\/knf2020\/wp-json\/wp\/v2\/pages\/365\/revisions"}],"predecessor-version":[{"id":370,"href":"https:\/\/physics.uwb.edu.pl\/wf\/knf2020\/wp-json\/wp\/v2\/pages\/365\/revisions\/370"}],"wp:attachment":[{"href":"https:\/\/physics.uwb.edu.pl\/wf\/knf2020\/wp-json\/wp\/v2\/media?parent=365"}],"curies":[{"name":"wp","href":"https:\/\/api.w.org\/{rel}","templated":true}]}}