{"id":43,"date":"2019-10-15T11:46:52","date_gmt":"2019-10-15T11:46:52","guid":{"rendered":"http:\/\/physics.uwb.edu.pl\/wf\/knf2020\/?page_id=43"},"modified":"2020-01-07T23:52:10","modified_gmt":"2020-01-07T23:52:10","slug":"cele","status":"publish","type":"page","link":"https:\/\/physics.uwb.edu.pl\/wf\/knf2020\/cele\/","title":{"rendered":""},"content":{"rendered":"<h1><span style=\"color: #333399;\">CELE KONFERENCJI<\/span><\/h1>\n<ul>\n<li>integracja \u015brodowiska<\/li>\n<li>poszerzanie kompetencji<\/li>\n<li>dzielenie si\u0119 do\u015bwiadczeniami<\/li>\n<li>przekazywanie aktualnych informacji<\/li>\n<\/ul>\n\n\n<p><\/p>\n","protected":false},"excerpt":{"rendered":"<p>CELE KONFERENCJI integracja \u015brodowiska poszerzanie kompetencji dzielenie si\u0119 do\u015bwiadczeniami przekazywanie aktualnych informacji<\/p>\n","protected":false},"author":8,"featured_media":0,"parent":0,"menu_order":0,"comment_status":"closed","ping_status":"closed","template":"","meta":{"ngg_post_thumbnail":0,"footnotes":""},"class_list":["post-43","page","type-page","status-publish","hentry"],"_links":{"self":[{"href":"https:\/\/physics.uwb.edu.pl\/wf\/knf2020\/wp-json\/wp\/v2\/pages\/43","targetHints":{"allow":["GET"]}}],"collection":[{"href":"https:\/\/physics.uwb.edu.pl\/wf\/knf2020\/wp-json\/wp\/v2\/pages"}],"about":[{"href":"https:\/\/physics.uwb.edu.pl\/wf\/knf2020\/wp-json\/wp\/v2\/types\/page"}],"author":[{"embeddable":true,"href":"https:\/\/physics.uwb.edu.pl\/wf\/knf2020\/wp-json\/wp\/v2\/users\/8"}],"replies":[{"embeddable":true,"href":"https:\/\/physics.uwb.edu.pl\/wf\/knf2020\/wp-json\/wp\/v2\/comments?post=43"}],"version-history":[{"count":7,"href":"https:\/\/physics.uwb.edu.pl\/wf\/knf2020\/wp-json\/wp\/v2\/pages\/43\/revisions"}],"predecessor-version":[{"id":230,"href":"https:\/\/physics.uwb.edu.pl\/wf\/knf2020\/wp-json\/wp\/v2\/pages\/43\/revisions\/230"}],"wp:attachment":[{"href":"https:\/\/physics.uwb.edu.pl\/wf\/knf2020\/wp-json\/wp\/v2\/media?parent=43"}],"curies":[{"name":"wp","href":"https:\/\/api.w.org\/{rel}","templated":true}]}}