{"id":50,"date":"2019-10-15T18:00:23","date_gmt":"2019-10-15T18:00:23","guid":{"rendered":"http:\/\/physics.uwb.edu.pl\/wf\/knf2020\/?page_id=50"},"modified":"2020-01-20T11:51:32","modified_gmt":"2020-01-20T11:51:32","slug":"organizatorzy","status":"publish","type":"page","link":"https:\/\/physics.uwb.edu.pl\/wf\/knf2020\/organizatorzy\/","title":{"rendered":""},"content":{"rendered":"<h1><span style=\"color: #333399;\">KOMITET ORGANIZACYJNY<\/span><\/h1>\n<h3><em>przewodnicz\u0105cy:<\/em><\/h3>\n<ul>\n<li><strong>prof. dr hab. Krzysztof Szyma\u0144ski<\/strong> \u2013 Wydzia\u0142 Fizyki UwB<\/li>\n<\/ul>\n<h3><em>cz\u0142onkowie:<\/em><\/h3>\n<ul>\n<li><strong>mgr Pawe\u0142 Andryszak<\/strong> \u2013 I LO w Bia\u0142ymstoku, IV LO w Bia\u0142ymstoku<\/li>\n<li><strong>mgr Tomasz Bia\u0142kowski<\/strong> \u2013 III LO w Bia\u0142ymstoku, I SLO w Bia\u0142ymstoku<\/li>\n<li><strong>dr Marek Brancewicz<\/strong> \u2013 Wydzia\u0142 Fizyki UwB<\/li>\n<li><strong>dr Wojciech Olszewski<\/strong> &#8211; Wydzia\u0142 Fizyki UwB<\/li>\n<li><strong>dr hab. Katarzyna Re\u0107ko<\/strong> \u2013 Wydzia\u0142 Fizyki UwB<\/li>\n<li><strong>mgr Urszula Ryba\u0142owska \u2013&nbsp;<\/strong>II LO w Bia\u0142ymstoku<\/li>\n<li><strong>mgr Miros\u0142awa \u017buber<\/strong> \u2013 I LO w Bia\u0142ymstoku<\/li>\n<\/ul>\n<h1><span style=\"color: #333399;\">WSP\u00d3\u0141ORGANIZATORZY<\/span><\/h1>\n<ul>\n<li>Polskie Towarzystwo Fizyczne Oddzia\u0142 w Bia\u0142ymstoku<\/li>\n<li>Polska Akademia Nauk oddzia\u0142 w Olsztynie i w Bia\u0142ymstoku z siedzib\u0105 w Olsztynie<\/li>\n<\/ul>\n","protected":false},"excerpt":{"rendered":"<p>KOMITET ORGANIZACYJNY przewodnicz\u0105cy: prof. dr hab. Krzysztof Szyma\u0144ski \u2013 Wydzia\u0142 Fizyki UwB cz\u0142onkowie: mgr Pawe\u0142 Andryszak \u2013 I LO w Bia\u0142ymstoku, IV LO w Bia\u0142ymstoku mgr Tomasz Bia\u0142kowski \u2013 III LO w Bia\u0142ymstoku, I SLO w Bia\u0142ymstoku dr Marek Brancewicz &hellip; <a href=\"https:\/\/physics.uwb.edu.pl\/wf\/knf2020\/organizatorzy\/\">Czytaj dalej <span class=\"meta-nav\">&rarr;<\/span><\/a><\/p>\n","protected":false},"author":8,"featured_media":0,"parent":0,"menu_order":0,"comment_status":"closed","ping_status":"closed","template":"","meta":{"ngg_post_thumbnail":0,"footnotes":""},"class_list":["post-50","page","type-page","status-publish","hentry"],"_links":{"self":[{"href":"https:\/\/physics.uwb.edu.pl\/wf\/knf2020\/wp-json\/wp\/v2\/pages\/50","targetHints":{"allow":["GET"]}}],"collection":[{"href":"https:\/\/physics.uwb.edu.pl\/wf\/knf2020\/wp-json\/wp\/v2\/pages"}],"about":[{"href":"https:\/\/physics.uwb.edu.pl\/wf\/knf2020\/wp-json\/wp\/v2\/types\/page"}],"author":[{"embeddable":true,"href":"https:\/\/physics.uwb.edu.pl\/wf\/knf2020\/wp-json\/wp\/v2\/users\/8"}],"replies":[{"embeddable":true,"href":"https:\/\/physics.uwb.edu.pl\/wf\/knf2020\/wp-json\/wp\/v2\/comments?post=50"}],"version-history":[{"count":4,"href":"https:\/\/physics.uwb.edu.pl\/wf\/knf2020\/wp-json\/wp\/v2\/pages\/50\/revisions"}],"predecessor-version":[{"id":269,"href":"https:\/\/physics.uwb.edu.pl\/wf\/knf2020\/wp-json\/wp\/v2\/pages\/50\/revisions\/269"}],"wp:attachment":[{"href":"https:\/\/physics.uwb.edu.pl\/wf\/knf2020\/wp-json\/wp\/v2\/media?parent=50"}],"curies":[{"name":"wp","href":"https:\/\/api.w.org\/{rel}","templated":true}]}}