{"id":58,"date":"2019-10-15T19:27:15","date_gmt":"2019-10-15T19:27:15","guid":{"rendered":"http:\/\/physics.uwb.edu.pl\/wf\/knf2020\/?page_id=58"},"modified":"2020-09-07T10:40:18","modified_gmt":"2020-09-07T10:40:18","slug":"rejestracja","status":"publish","type":"page","link":"https:\/\/physics.uwb.edu.pl\/wf\/knf2020\/rejestracja\/","title":{"rendered":""},"content":{"rendered":"<h1><span style=\"color: #333399;\">REJESTRACJA UCZESTNICTWA W KONFERENCJI<\/span><\/h1>\n<p style=\"text-align: center;\">Przepraszamy, ale rejestracja zako\u0144czy\u0142a si\u0119 01.09.2020.<\/p>\n\n\n<p><\/p>\n","protected":false},"excerpt":{"rendered":"<p>REJESTRACJA UCZESTNICTWA W KONFERENCJI Przepraszamy, ale rejestracja zako\u0144czy\u0142a si\u0119 01.09.2020.<\/p>\n","protected":false},"author":8,"featured_media":0,"parent":0,"menu_order":0,"comment_status":"closed","ping_status":"closed","template":"","meta":{"ngg_post_thumbnail":0,"footnotes":""},"class_list":["post-58","page","type-page","status-publish","hentry"],"_links":{"self":[{"href":"https:\/\/physics.uwb.edu.pl\/wf\/knf2020\/wp-json\/wp\/v2\/pages\/58","targetHints":{"allow":["GET"]}}],"collection":[{"href":"https:\/\/physics.uwb.edu.pl\/wf\/knf2020\/wp-json\/wp\/v2\/pages"}],"about":[{"href":"https:\/\/physics.uwb.edu.pl\/wf\/knf2020\/wp-json\/wp\/v2\/types\/page"}],"author":[{"embeddable":true,"href":"https:\/\/physics.uwb.edu.pl\/wf\/knf2020\/wp-json\/wp\/v2\/users\/8"}],"replies":[{"embeddable":true,"href":"https:\/\/physics.uwb.edu.pl\/wf\/knf2020\/wp-json\/wp\/v2\/comments?post=58"}],"version-history":[{"count":24,"href":"https:\/\/physics.uwb.edu.pl\/wf\/knf2020\/wp-json\/wp\/v2\/pages\/58\/revisions"}],"predecessor-version":[{"id":415,"href":"https:\/\/physics.uwb.edu.pl\/wf\/knf2020\/wp-json\/wp\/v2\/pages\/58\/revisions\/415"}],"wp:attachment":[{"href":"https:\/\/physics.uwb.edu.pl\/wf\/knf2020\/wp-json\/wp\/v2\/media?parent=58"}],"curies":[{"name":"wp","href":"https:\/\/api.w.org\/{rel}","templated":true}]}}