{"id":271,"date":"2021-05-25T08:01:17","date_gmt":"2021-05-25T08:01:17","guid":{"rendered":"https:\/\/physics.uwb.edu.pl\/wf\/knf2021\/?page_id=271"},"modified":"2021-07-27T09:58:17","modified_gmt":"2021-07-27T09:58:17","slug":"anna-szulc","status":"publish","type":"page","link":"https:\/\/physics.uwb.edu.pl\/wf\/knf2021\/anna-szulc\/","title":{"rendered":"Anna Szulc"},"content":{"rendered":"\n<figure class=\"wp-block-image size-full is-resized\"><img loading=\"lazy\" decoding=\"async\" src=\"https:\/\/physics.uwb.edu.pl\/wf\/knf2021\/wp-content\/uploads\/sites\/23\/2021\/05\/ILOZW.jpg\" alt=\"\" class=\"wp-image-273\" width=\"128\" height=\"128\" srcset=\"https:\/\/physics.uwb.edu.pl\/wf\/knf2021\/wp-content\/uploads\/sites\/23\/2021\/05\/ILOZW.jpg 256w, https:\/\/physics.uwb.edu.pl\/wf\/knf2021\/wp-content\/uploads\/sites\/23\/2021\/05\/ILOZW-150x150.jpg 150w, https:\/\/physics.uwb.edu.pl\/wf\/knf2021\/wp-content\/uploads\/sites\/23\/2021\/05\/ILOZW-200x200.jpg 200w, https:\/\/physics.uwb.edu.pl\/wf\/knf2021\/wp-content\/uploads\/sites\/23\/2021\/05\/ILOZW-100x100.jpg 100w\" sizes=\"auto, (max-width: 128px) 100vw, 128px\" \/><\/figure>\n\n\n\n<p><strong>\u201eNowa szko\u0142a \u2013 zmian\u0119 edukacji warto (by\u0142o) zacz\u0105\u0107 przy tablicy\u201d<\/strong><\/p>\n\n\n\n<p>W czasie spotkania<br>&#8211; podziel\u0119 si\u0119 swoim do\u015bwiadczeniem nauczycielki matematyki, pracuj\u0105cej w szkole systemowej, kt\u00f3ra ponad szesna\u015bcie lat temu podj\u0119\u0142a pierwsze kroki zmiany warsztatu pracy,<br>&#8211; opowiem dlaczego, mimo powszechnego dzi\u015b przekonania o potrzebie dostosowania warunk\u00f3w nauki w szkole do czas\u00f3w wsp\u00f3\u0142czesnych, tak trudno szko\u0142\u0119 zmieni\u0107,<br>&#8211; odnios\u0119 si\u0119 do obowi\u0105zuj\u0105cego prawa o\u015bwiatowego, kt\u00f3re wspiera dzia\u0142ania nauczyciela-innowatora,<br>&#8211; odnios\u0119 si\u0119 do b\u0142\u0119du, jako naturalnego etapu nauki i zdobywania do\u015bwiadczenia i jako do szansy rozwoju, a nie powodu do krytyki i por\u00f3wna\u0144,<br>&#8211; zaprezentuj\u0119 metody oceniania post\u0119p\u00f3w ucznia, (zgodnie obowi\u0105zuj\u0105cym prawem!) jako docenienia stara\u0144 i wsparcie,<br>&#8211; przedstawi\u0119 metody wykorzystuj\u0105ce efektywne wykorzystywanie czasu lekcji,<br>&#8211; przedstawi\u0119 metody wspieraj\u0105ce mo\u017cliwo\u015b\u0107 efektywnej wsp\u00f3\u0142pracy ucze\u0144 \u2013 nauczyciel- rodzic.<\/p>\n\n\n\n<p><strong>Anna Szulc<\/strong> &#8211; nauczycielka matematyki z ponad trzydziestoletnim sta\u017cem, wychowawca w I Liceum Og\u00f3lnokszta\u0142c\u0105cym im. Kazimierza Wielkiego w Zdu\u0144skiej Woli, mediator spo\u0142eczny, tutor, laureatka Konkursu im. Joanny Kubiak Nauczyciel Mediator. Autorka ksi\u0105\u017cki &#8222;Nowa Szko\u0142a &#8211; zmian\u0119 edukacji warto zacz\u0105\u0107 przy tablicy &#8222;<br>Pomys\u0142odawczyni i organizatorka cyklicznych Konferencji EMPATYCZNA EDUKACJA => EMPATYCZNA POLSKA. W swojej pracy wykorzystuje metod\u0119 Porozumienia bez Przemocy (NVC) oraz badania z dziedziny neurobiologii. Uczestniczka ruchu oddolnych dzia\u0142a\u0144 Budz\u0105cej si\u0119 Szko\u0142y. Prelegentka FORUM DLA EDUKACJI \u2013 przysz\u0142o\u015b\u0107 szko\u0142y, szko\u0142a przysz\u0142o\u015bci zorganizowanego przez Senat RP.<\/p>\n","protected":false},"excerpt":{"rendered":"<p>\u201eNowa szko\u0142a \u2013 zmian\u0119 edukacji warto (by\u0142o) zacz\u0105\u0107 przy tablicy\u201d W czasie spotkania&#8211; podziel\u0119 si\u0119 swoim do\u015bwiadczeniem nauczycielki matematyki, pracuj\u0105cej w szkole systemowej, kt\u00f3ra ponad szesna\u015bcie lat temu podj\u0119\u0142a pierwsze kroki zmiany warsztatu pracy,&#8211; opowiem dlaczego, mimo powszechnego dzi\u015b przekonania &hellip; <a href=\"https:\/\/physics.uwb.edu.pl\/wf\/knf2021\/anna-szulc\/\">Czytaj dalej <span class=\"meta-nav\">&rarr;<\/span><\/a><\/p>\n","protected":false},"author":8,"featured_media":0,"parent":0,"menu_order":0,"comment_status":"closed","ping_status":"closed","template":"","meta":{"ngg_post_thumbnail":0,"footnotes":""},"class_list":["post-271","page","type-page","status-publish","hentry"],"_links":{"self":[{"href":"https:\/\/physics.uwb.edu.pl\/wf\/knf2021\/wp-json\/wp\/v2\/pages\/271","targetHints":{"allow":["GET"]}}],"collection":[{"href":"https:\/\/physics.uwb.edu.pl\/wf\/knf2021\/wp-json\/wp\/v2\/pages"}],"about":[{"href":"https:\/\/physics.uwb.edu.pl\/wf\/knf2021\/wp-json\/wp\/v2\/types\/page"}],"author":[{"embeddable":true,"href":"https:\/\/physics.uwb.edu.pl\/wf\/knf2021\/wp-json\/wp\/v2\/users\/8"}],"replies":[{"embeddable":true,"href":"https:\/\/physics.uwb.edu.pl\/wf\/knf2021\/wp-json\/wp\/v2\/comments?post=271"}],"version-history":[{"count":7,"href":"https:\/\/physics.uwb.edu.pl\/wf\/knf2021\/wp-json\/wp\/v2\/pages\/271\/revisions"}],"predecessor-version":[{"id":354,"href":"https:\/\/physics.uwb.edu.pl\/wf\/knf2021\/wp-json\/wp\/v2\/pages\/271\/revisions\/354"}],"wp:attachment":[{"href":"https:\/\/physics.uwb.edu.pl\/wf\/knf2021\/wp-json\/wp\/v2\/media?parent=271"}],"curies":[{"name":"wp","href":"https:\/\/api.w.org\/{rel}","templated":true}]}}