{"id":349,"date":"2021-07-27T09:53:30","date_gmt":"2021-07-27T09:53:30","guid":{"rendered":"https:\/\/physics.uwb.edu.pl\/wf\/knf2021\/?page_id=349"},"modified":"2021-07-27T09:57:14","modified_gmt":"2021-07-27T09:57:14","slug":"pawel-andryszak","status":"publish","type":"page","link":"https:\/\/physics.uwb.edu.pl\/wf\/knf2021\/pawel-andryszak\/","title":{"rendered":"Pawe\u0142 Andryszak"},"content":{"rendered":"\n<p><strong>\u201eKreatywne lekcje w nauczaniu zdalnym\u201d<\/strong><\/p>\n\n\n\n<p>W trakcie wyst\u0105pienia zrelacjonuj\u0119 pierwszy rok prowadzenia innowacyjnych zaj\u0119\u0107 \u201eKreatywno\u015b\u0107\u201d opartych na mi\u0119dzynarodowym programie edukacyjnym Destination Imagination. \u201eKreatywno\u015b\u0107\u201d od wrze\u015bnia 2020 roku zosta\u0142a przedmiotem uzupe\u0142niaj\u0105cym w klasach \u03a9 (omega) o profilu politechniczno-kreatywnym w I Liceum Og\u00f3lnokszta\u0142c\u0105cym w Bia\u0142ymstoku. Pe\u0142ni entuzjazmu rozpocz\u0119li\u015bmy prac\u0119 z pierwsz\u0105 kreatywn\u0105 klas\u0105 w p\u00f3\u0142nocno-wschodniej Polsce. Jednak pandemia COVID-19 szybko zweryfikowa\u0142a plany i za\u0142o\u017cenia stacjonarnego nauczania nowego przedmiotu. Przej\u015bcie w tryb online wymusi\u0142o zmian\u0119 koncepcji prowadzenia lekcji szczeg\u00f3lnie w aspekcie pracy zespo\u0142owej i wykorzystania r\u00f3\u017cnorodnych materia\u0142\u00f3w. Dlatego podczas wyst\u0105pienia skoncentruj\u0119 si\u0119 na sposobach prowadzenia kreatywnych zaj\u0119\u0107 w wersji STEM, ART oraz STEM-ART w nauczaniu zdalnym. Opisz\u0119 jak wykorzysta\u0107 przedmioty codziennego u\u017cytku, kt\u00f3re ka\u017cdy ucze\u0144 posiada w domu do tworzenia projekt\u00f3w indywidualnych i zespo\u0142owych oraz jak standaryzowa\u0107 u\u017cyte materia\u0142y i oceni\u0107 efekty pracy ucznia w trybie online.<\/p>\n\n\n\n<div class=\"wp-block-image\"><figure class=\"aligncenter size-large is-resized\"><img loading=\"lazy\" decoding=\"async\" src=\"http:\/\/physics.uwb.edu.pl\/wf\/knf2021\/wp-content\/uploads\/sites\/23\/2021\/07\/destination_imagination_logo.png\" alt=\"\" class=\"wp-image-348\" width=\"574\" height=\"143\" srcset=\"https:\/\/physics.uwb.edu.pl\/wf\/knf2021\/wp-content\/uploads\/sites\/23\/2021\/07\/destination_imagination_logo.png 756w, https:\/\/physics.uwb.edu.pl\/wf\/knf2021\/wp-content\/uploads\/sites\/23\/2021\/07\/destination_imagination_logo-300x75.png 300w\" sizes=\"auto, (max-width: 574px) 100vw, 574px\" \/><\/figure><\/div>\n\n\n\n<p>Destination Imagination (DI) uczy przede wszystkim kreatywnego rozwi\u0105zywania problem\u00f3w, tworzenia innowacji, pracy zespo\u0142owej podczas podejmowania ekscytuj\u0105cych wyzwa\u0144, zarz\u0105dzania czasem, zasobami ludzkimi, materia\u0142ami, finansami i pomys\u0142ami. Uczy tak\u017ce umiej\u0119tno\u015bci skutecznej komunikacji i prezentacji wytwor\u00f3w w\u0142asnej pracy oraz pracy zespo\u0142u.<\/p>\n\n\n\n<p>DI bazuje na koncepcji my\u015blenia rozbie\u017cnego (dywergencyjnego) zak\u0142adaj\u0105cego, \u017ce istnieje wi\u0119cej ni\u017c jedna droga do rozwi\u0105zania problemu. Program zach\u0119ca dzieci i m\u0142odzie\u017c do podejmowania procesu tworzenia &#8211; w oparciu o w\u0142asne mocne strony. Pozwala odkrywa\u0107 r\u00f3\u017cnorodne uzdolnienia, prze\u0142amywa\u0107 bariery, kszta\u0142towa\u0107 motywacj\u0119 wewn\u0119trzn\u0105 i zwi\u0119ksza\u0107 poczucie w\u0142asnej warto\u015bci.<\/p>\n\n\n\n<p>Destination Imagination stawia przed uczestnikami projekty zespo\u0142owe, kt\u00f3re wyzwalaj\u0105 ducha odkrywczo\u015bci i samodzielno\u015bci, zach\u0119caj\u0105 do zdobywania nowych umiej\u0119tno\u015bci i zainteresowa\u0144 oraz kreuj\u0105 poczucie odpowiedzialno\u015bci wobec innych. Dzieje si\u0119 tak, poniewa\u017c w naszym Programie dzieci i m\u0142odzie\u017c rozwi\u0105zuj\u0105 Wyzwania samodzielnie.<\/p>\n\n\n\n<p>Wi\u0119cej na <a href=\"http:\/\/www.kreatywnosc.pl\" data-type=\"URL\" data-id=\"www.kreatywnosc.pl\">www.kreatywnosc.pl<\/a><\/p>\n","protected":false},"excerpt":{"rendered":"<p>\u201eKreatywne lekcje w nauczaniu zdalnym\u201d W trakcie wyst\u0105pienia zrelacjonuj\u0119 pierwszy rok prowadzenia innowacyjnych zaj\u0119\u0107 \u201eKreatywno\u015b\u0107\u201d opartych na mi\u0119dzynarodowym programie edukacyjnym Destination Imagination. \u201eKreatywno\u015b\u0107\u201d od wrze\u015bnia 2020 roku zosta\u0142a przedmiotem uzupe\u0142niaj\u0105cym w klasach \u03a9 (omega) o profilu politechniczno-kreatywnym w I Liceum &hellip; <a href=\"https:\/\/physics.uwb.edu.pl\/wf\/knf2021\/pawel-andryszak\/\">Czytaj dalej <span class=\"meta-nav\">&rarr;<\/span><\/a><\/p>\n","protected":false},"author":8,"featured_media":0,"parent":0,"menu_order":0,"comment_status":"closed","ping_status":"closed","template":"","meta":{"ngg_post_thumbnail":0,"footnotes":""},"class_list":["post-349","page","type-page","status-publish","hentry"],"_links":{"self":[{"href":"https:\/\/physics.uwb.edu.pl\/wf\/knf2021\/wp-json\/wp\/v2\/pages\/349","targetHints":{"allow":["GET"]}}],"collection":[{"href":"https:\/\/physics.uwb.edu.pl\/wf\/knf2021\/wp-json\/wp\/v2\/pages"}],"about":[{"href":"https:\/\/physics.uwb.edu.pl\/wf\/knf2021\/wp-json\/wp\/v2\/types\/page"}],"author":[{"embeddable":true,"href":"https:\/\/physics.uwb.edu.pl\/wf\/knf2021\/wp-json\/wp\/v2\/users\/8"}],"replies":[{"embeddable":true,"href":"https:\/\/physics.uwb.edu.pl\/wf\/knf2021\/wp-json\/wp\/v2\/comments?post=349"}],"version-history":[{"count":3,"href":"https:\/\/physics.uwb.edu.pl\/wf\/knf2021\/wp-json\/wp\/v2\/pages\/349\/revisions"}],"predecessor-version":[{"id":353,"href":"https:\/\/physics.uwb.edu.pl\/wf\/knf2021\/wp-json\/wp\/v2\/pages\/349\/revisions\/353"}],"wp:attachment":[{"href":"https:\/\/physics.uwb.edu.pl\/wf\/knf2021\/wp-json\/wp\/v2\/media?parent=349"}],"curies":[{"name":"wp","href":"https:\/\/api.w.org\/{rel}","templated":true}]}}