{"id":50,"date":"2021-04-15T08:20:12","date_gmt":"2021-04-15T08:20:12","guid":{"rendered":"https:\/\/physics.uwb.edu.pl\/wf\/knf2021\/?page_id=50"},"modified":"2021-05-14T08:22:09","modified_gmt":"2021-05-14T08:22:09","slug":"cele","status":"publish","type":"page","link":"https:\/\/physics.uwb.edu.pl\/wf\/knf2021\/cele\/","title":{"rendered":""},"content":{"rendered":"\n<p class=\"has-blue-color has-text-color\" style=\"font-size:32px\">CELE KONFERENCJI<\/p>\n\n\n\n<ul class=\"wp-block-list\"><li>integracja \u015brodowiska akademickiego i nauczycieli przedmiot\u00f3w przyrodniczych<\/li><li>poszerzanie kompetencji nauczycieli szkolnych i akademickich<\/li><li>dzielenie si\u0119 do\u015bwiadczeniami<\/li><li>przekazywanie aktualnych informacji<\/li><li>prezentacja nowo\u015bci na rynku wydawniczym i pomocy naukowych<\/li><\/ul>\n\n\n\n<p><\/p>\n","protected":false},"excerpt":{"rendered":"<p>CELE KONFERENCJI integracja \u015brodowiska akademickiego i nauczycieli przedmiot\u00f3w przyrodniczych poszerzanie kompetencji nauczycieli szkolnych i akademickich dzielenie si\u0119 do\u015bwiadczeniami przekazywanie aktualnych informacji prezentacja nowo\u015bci na rynku wydawniczym i pomocy naukowych<\/p>\n","protected":false},"author":8,"featured_media":0,"parent":0,"menu_order":0,"comment_status":"closed","ping_status":"closed","template":"","meta":{"ngg_post_thumbnail":0,"footnotes":""},"class_list":["post-50","page","type-page","status-publish","hentry"],"_links":{"self":[{"href":"https:\/\/physics.uwb.edu.pl\/wf\/knf2021\/wp-json\/wp\/v2\/pages\/50","targetHints":{"allow":["GET"]}}],"collection":[{"href":"https:\/\/physics.uwb.edu.pl\/wf\/knf2021\/wp-json\/wp\/v2\/pages"}],"about":[{"href":"https:\/\/physics.uwb.edu.pl\/wf\/knf2021\/wp-json\/wp\/v2\/types\/page"}],"author":[{"embeddable":true,"href":"https:\/\/physics.uwb.edu.pl\/wf\/knf2021\/wp-json\/wp\/v2\/users\/8"}],"replies":[{"embeddable":true,"href":"https:\/\/physics.uwb.edu.pl\/wf\/knf2021\/wp-json\/wp\/v2\/comments?post=50"}],"version-history":[{"count":11,"href":"https:\/\/physics.uwb.edu.pl\/wf\/knf2021\/wp-json\/wp\/v2\/pages\/50\/revisions"}],"predecessor-version":[{"id":230,"href":"https:\/\/physics.uwb.edu.pl\/wf\/knf2021\/wp-json\/wp\/v2\/pages\/50\/revisions\/230"}],"wp:attachment":[{"href":"https:\/\/physics.uwb.edu.pl\/wf\/knf2021\/wp-json\/wp\/v2\/media?parent=50"}],"curies":[{"name":"wp","href":"https:\/\/api.w.org\/{rel}","templated":true}]}}