{"id":56,"date":"2021-04-15T08:27:10","date_gmt":"2021-04-15T08:27:10","guid":{"rendered":"https:\/\/physics.uwb.edu.pl\/wf\/knf2021\/?page_id=56"},"modified":"2022-01-05T10:44:12","modified_gmt":"2022-01-05T10:44:12","slug":"terminy","status":"publish","type":"page","link":"https:\/\/physics.uwb.edu.pl\/wf\/knf2021\/terminy\/","title":{"rendered":""},"content":{"rendered":"\n<p class=\"has-blue-color has-text-color\" style=\"font-size:32px\">WA\u017bNE TERMINY<\/p>\n\n\n\n<div class=\"wp-block-group\"><div class=\"wp-block-group__inner-container is-layout-flow wp-block-group-is-layout-flow\">\n<div class=\"wp-block-group\"><div class=\"wp-block-group__inner-container is-layout-flow wp-block-group-is-layout-flow\">\n<p><strong><span style=\"color:#9c9d9e\" class=\"has-inline-color\">01.05.2021<\/span><\/strong> \u2013 Otwarcie rejestracji uczestnik\u00f3w<\/p>\n<\/div><\/div>\n\n\n\n<p><strong><span style=\"color:#9c9d9e\" class=\"has-inline-color\">01.08.2021<\/span><\/strong> \u2013 Termin zg\u0142aszania wyst\u0105pie\u0144<\/p>\n\n\n\n<p><strong><span style=\"color:#9c9d9e\" class=\"has-inline-color\">07.09.2021<\/span><\/strong> \u2013 Zamkni\u0119cie rejestracji uczestnik\u00f3w<\/p>\n\n\n\n<p><strong><strong>25<strong>.09.2021<\/strong><\/strong><\/strong> \u2013 V Konferencja Nauczycieli Fizyki 2021<\/p>\n<\/div><\/div>\n\n\n\n<p><\/p>\n","protected":false},"excerpt":{"rendered":"<p>WA\u017bNE TERMINY 01.05.2021 \u2013 Otwarcie rejestracji uczestnik\u00f3w 01.08.2021 \u2013 Termin zg\u0142aszania wyst\u0105pie\u0144 07.09.2021 \u2013 Zamkni\u0119cie rejestracji uczestnik\u00f3w 25.09.2021 \u2013 V Konferencja Nauczycieli Fizyki 2021<\/p>\n","protected":false},"author":8,"featured_media":0,"parent":0,"menu_order":0,"comment_status":"closed","ping_status":"closed","template":"","meta":{"ngg_post_thumbnail":0,"footnotes":""},"class_list":["post-56","page","type-page","status-publish","hentry"],"_links":{"self":[{"href":"https:\/\/physics.uwb.edu.pl\/wf\/knf2021\/wp-json\/wp\/v2\/pages\/56","targetHints":{"allow":["GET"]}}],"collection":[{"href":"https:\/\/physics.uwb.edu.pl\/wf\/knf2021\/wp-json\/wp\/v2\/pages"}],"about":[{"href":"https:\/\/physics.uwb.edu.pl\/wf\/knf2021\/wp-json\/wp\/v2\/types\/page"}],"author":[{"embeddable":true,"href":"https:\/\/physics.uwb.edu.pl\/wf\/knf2021\/wp-json\/wp\/v2\/users\/8"}],"replies":[{"embeddable":true,"href":"https:\/\/physics.uwb.edu.pl\/wf\/knf2021\/wp-json\/wp\/v2\/comments?post=56"}],"version-history":[{"count":11,"href":"https:\/\/physics.uwb.edu.pl\/wf\/knf2021\/wp-json\/wp\/v2\/pages\/56\/revisions"}],"predecessor-version":[{"id":514,"href":"https:\/\/physics.uwb.edu.pl\/wf\/knf2021\/wp-json\/wp\/v2\/pages\/56\/revisions\/514"}],"wp:attachment":[{"href":"https:\/\/physics.uwb.edu.pl\/wf\/knf2021\/wp-json\/wp\/v2\/media?parent=56"}],"curies":[{"name":"wp","href":"https:\/\/api.w.org\/{rel}","templated":true}]}}