{"id":58,"date":"2021-04-15T08:27:25","date_gmt":"2021-04-15T08:27:25","guid":{"rendered":"https:\/\/physics.uwb.edu.pl\/wf\/knf2021\/?page_id=58"},"modified":"2021-09-13T07:11:46","modified_gmt":"2021-09-13T07:11:46","slug":"rejestracja","status":"publish","type":"page","link":"https:\/\/physics.uwb.edu.pl\/wf\/knf2021\/rejestracja\/","title":{"rendered":""},"content":{"rendered":"\n<p class=\"has-blue-color has-text-color\" style=\"font-size:32px\">REJESTRACJA UCZESTNICTWA W KONFERENCJI<\/p>\n\n\n\n<p>Rejestracja uczestnik\u00f3w zako\u0144czy\u0142a si\u0119. Zapraszamy na kolejn\u0105 edycj\u0119 konferencji w nast\u0119pnym roku.<\/p>\n","protected":false},"excerpt":{"rendered":"<p>REJESTRACJA UCZESTNICTWA W KONFERENCJI Rejestracja uczestnik\u00f3w zako\u0144czy\u0142a si\u0119. Zapraszamy na kolejn\u0105 edycj\u0119 konferencji w nast\u0119pnym roku.<\/p>\n","protected":false},"author":8,"featured_media":0,"parent":0,"menu_order":0,"comment_status":"closed","ping_status":"closed","template":"","meta":{"ngg_post_thumbnail":0,"footnotes":""},"class_list":["post-58","page","type-page","status-publish","hentry"],"_links":{"self":[{"href":"https:\/\/physics.uwb.edu.pl\/wf\/knf2021\/wp-json\/wp\/v2\/pages\/58","targetHints":{"allow":["GET"]}}],"collection":[{"href":"https:\/\/physics.uwb.edu.pl\/wf\/knf2021\/wp-json\/wp\/v2\/pages"}],"about":[{"href":"https:\/\/physics.uwb.edu.pl\/wf\/knf2021\/wp-json\/wp\/v2\/types\/page"}],"author":[{"embeddable":true,"href":"https:\/\/physics.uwb.edu.pl\/wf\/knf2021\/wp-json\/wp\/v2\/users\/8"}],"replies":[{"embeddable":true,"href":"https:\/\/physics.uwb.edu.pl\/wf\/knf2021\/wp-json\/wp\/v2\/comments?post=58"}],"version-history":[{"count":10,"href":"https:\/\/physics.uwb.edu.pl\/wf\/knf2021\/wp-json\/wp\/v2\/pages\/58\/revisions"}],"predecessor-version":[{"id":399,"href":"https:\/\/physics.uwb.edu.pl\/wf\/knf2021\/wp-json\/wp\/v2\/pages\/58\/revisions\/399"}],"wp:attachment":[{"href":"https:\/\/physics.uwb.edu.pl\/wf\/knf2021\/wp-json\/wp\/v2\/media?parent=58"}],"curies":[{"name":"wp","href":"https:\/\/api.w.org\/{rel}","templated":true}]}}