{"id":60,"date":"2021-04-15T08:27:38","date_gmt":"2021-04-15T08:27:38","guid":{"rendered":"https:\/\/physics.uwb.edu.pl\/wf\/knf2021\/?page_id=60"},"modified":"2021-04-15T09:54:23","modified_gmt":"2021-04-15T09:54:23","slug":"kontakt","status":"publish","type":"page","link":"https:\/\/physics.uwb.edu.pl\/wf\/knf2021\/kontakt\/","title":{"rendered":""},"content":{"rendered":"\n<p class=\"has-blue-color has-text-color\" style=\"font-size:32px\">KONTAKT<\/p>\n\n\n\n<p>Wszelkie zapytania dotycz\u0105ce konferencji prosimy kierowa\u0107 na adres e-mail, b\u0105d\u017a telefonicznie:<\/p>\n\n\n\n<p class=\"has-text-align-center\"><a href=\"mailto:m.brancewicz@uwb.edu.pl\">m.brancewicz@uwb.edu.pl<\/a>, tel. 085-738-8168 (<strong>dr Marek Brancewicz<\/strong>)<\/p>\n\n\n\n<p class=\"has-text-align-center\">lub<\/p>\n\n\n\n<p class=\"has-text-align-center\"><a href=\"mailto:k.szymanski@uwb.edu.pl\">k.szymanski@uwb.edu.pl<\/a>, tel. 085-745-7221 (<strong>prof. dr hab. Krzysztof Szyma\u0144ski<\/strong>)<\/p>\n","protected":false},"excerpt":{"rendered":"<p>KONTAKT Wszelkie zapytania dotycz\u0105ce konferencji prosimy kierowa\u0107 na adres e-mail, b\u0105d\u017a telefonicznie: m.brancewicz@uwb.edu.pl, tel. 085-738-8168 (dr Marek Brancewicz) lub k.szymanski@uwb.edu.pl, tel. 085-745-7221 (prof. dr hab. Krzysztof Szyma\u0144ski)<\/p>\n","protected":false},"author":8,"featured_media":0,"parent":0,"menu_order":0,"comment_status":"closed","ping_status":"closed","template":"","meta":{"ngg_post_thumbnail":0,"footnotes":""},"class_list":["post-60","page","type-page","status-publish","hentry"],"_links":{"self":[{"href":"https:\/\/physics.uwb.edu.pl\/wf\/knf2021\/wp-json\/wp\/v2\/pages\/60","targetHints":{"allow":["GET"]}}],"collection":[{"href":"https:\/\/physics.uwb.edu.pl\/wf\/knf2021\/wp-json\/wp\/v2\/pages"}],"about":[{"href":"https:\/\/physics.uwb.edu.pl\/wf\/knf2021\/wp-json\/wp\/v2\/types\/page"}],"author":[{"embeddable":true,"href":"https:\/\/physics.uwb.edu.pl\/wf\/knf2021\/wp-json\/wp\/v2\/users\/8"}],"replies":[{"embeddable":true,"href":"https:\/\/physics.uwb.edu.pl\/wf\/knf2021\/wp-json\/wp\/v2\/comments?post=60"}],"version-history":[{"count":4,"href":"https:\/\/physics.uwb.edu.pl\/wf\/knf2021\/wp-json\/wp\/v2\/pages\/60\/revisions"}],"predecessor-version":[{"id":128,"href":"https:\/\/physics.uwb.edu.pl\/wf\/knf2021\/wp-json\/wp\/v2\/pages\/60\/revisions\/128"}],"wp:attachment":[{"href":"https:\/\/physics.uwb.edu.pl\/wf\/knf2021\/wp-json\/wp\/v2\/media?parent=60"}],"curies":[{"name":"wp","href":"https:\/\/api.w.org\/{rel}","templated":true}]}}