{"id":45,"date":"2022-01-05T10:04:53","date_gmt":"2022-01-05T10:04:53","guid":{"rendered":"https:\/\/physics.uwb.edu.pl\/wf\/knf2022\/?page_id=45"},"modified":"2022-01-05T10:10:00","modified_gmt":"2022-01-05T10:10:00","slug":"organizatorzy","status":"publish","type":"page","link":"https:\/\/physics.uwb.edu.pl\/wf\/knf2022\/organizatorzy\/","title":{"rendered":""},"content":{"rendered":"\n<p class=\"has-blue-color has-text-color\" style=\"font-size:32px\">KOMITET ORGANIZACYJNY<\/p>\n\n\n\n<h3 class=\"wp-block-heading\"><em>przewodnicz\u0105cy:<\/em><\/h3>\n\n\n\n<ul class=\"wp-block-list\"><li><strong>prof. dr hab. Krzysztof Szyma\u0144ski<\/strong> \u2013 Wydzia\u0142 Fizyki UwB<\/li><\/ul>\n\n\n\n<h3 class=\"wp-block-heading\"><em>cz\u0142onkowie:<\/em><\/h3>\n\n\n\n<ul class=\"wp-block-list\"><li><strong>dr Marek Brancewicz<\/strong> \u2013 Wydzia\u0142 Fizyki UwB<\/li><li><strong>dr Wojciech Olszewski<\/strong> \u2013 Wydzia\u0142 Fizyki UwB<\/li><li><strong>dr hab. Katarzyna Re\u0107ko<\/strong> \u2013 Wydzia\u0142 Fizyki UwB<\/li><li><strong>mgr Katarzyna Waszkielis<\/strong> &#8211; Zesp\u00f3\u0142 Szk\u00f3\u0142 Elektronicznych i Telekomunikacyjnych w Olsztynie<\/li><\/ul>\n\n\n\n<p class=\"has-blue-color has-text-color\" style=\"font-size:32px\">WSP\u00d3\u0141ORGANIZATORZY<\/p>\n\n\n\n<ul class=\"wp-block-list\"><li>Polskie Towarzystwo Fizyczne Oddzia\u0142 w Bia\u0142ymstoku<\/li><li>Polska Akademia Nauk oddzia\u0142 w Olsztynie i w Bia\u0142ymstoku z siedzib\u0105 w Olsztynie<\/li><\/ul>\n","protected":false},"excerpt":{"rendered":"<p>KOMITET ORGANIZACYJNY przewodnicz\u0105cy: prof. dr hab. Krzysztof Szyma\u0144ski \u2013 Wydzia\u0142 Fizyki UwB cz\u0142onkowie: dr Marek Brancewicz \u2013 Wydzia\u0142 Fizyki UwB dr Wojciech Olszewski \u2013 Wydzia\u0142 Fizyki UwB dr hab. Katarzyna Re\u0107ko \u2013 Wydzia\u0142 Fizyki UwB mgr Katarzyna Waszkielis &#8211; Zesp\u00f3\u0142 &hellip; <a href=\"https:\/\/physics.uwb.edu.pl\/wf\/knf2022\/organizatorzy\/\">Czytaj dalej <span class=\"meta-nav\">&rarr;<\/span><\/a><\/p>\n","protected":false},"author":8,"featured_media":0,"parent":0,"menu_order":0,"comment_status":"closed","ping_status":"closed","template":"","meta":{"footnotes":""},"class_list":["post-45","page","type-page","status-publish","hentry"],"_links":{"self":[{"href":"https:\/\/physics.uwb.edu.pl\/wf\/knf2022\/wp-json\/wp\/v2\/pages\/45","targetHints":{"allow":["GET"]}}],"collection":[{"href":"https:\/\/physics.uwb.edu.pl\/wf\/knf2022\/wp-json\/wp\/v2\/pages"}],"about":[{"href":"https:\/\/physics.uwb.edu.pl\/wf\/knf2022\/wp-json\/wp\/v2\/types\/page"}],"author":[{"embeddable":true,"href":"https:\/\/physics.uwb.edu.pl\/wf\/knf2022\/wp-json\/wp\/v2\/users\/8"}],"replies":[{"embeddable":true,"href":"https:\/\/physics.uwb.edu.pl\/wf\/knf2022\/wp-json\/wp\/v2\/comments?post=45"}],"version-history":[{"count":4,"href":"https:\/\/physics.uwb.edu.pl\/wf\/knf2022\/wp-json\/wp\/v2\/pages\/45\/revisions"}],"predecessor-version":[{"id":52,"href":"https:\/\/physics.uwb.edu.pl\/wf\/knf2022\/wp-json\/wp\/v2\/pages\/45\/revisions\/52"}],"wp:attachment":[{"href":"https:\/\/physics.uwb.edu.pl\/wf\/knf2022\/wp-json\/wp\/v2\/media?parent=45"}],"curies":[{"name":"wp","href":"https:\/\/api.w.org\/{rel}","templated":true}]}}