{"id":96,"date":"2022-01-05T11:17:52","date_gmt":"2022-01-05T11:17:52","guid":{"rendered":"https:\/\/physics.uwb.edu.pl\/wf\/knf2022\/?page_id=96"},"modified":"2022-01-05T11:19:11","modified_gmt":"2022-01-05T11:19:11","slug":"galeria","status":"publish","type":"page","link":"https:\/\/physics.uwb.edu.pl\/wf\/knf2022\/galeria\/","title":{"rendered":""},"content":{"rendered":"\n<p class=\"has-blue-color has-text-color\" style=\"font-size:32px\">GALERIA ZDJ\u0118\u0106<\/p>\n\n\n\n<p>Galeria zdj\u0119\u0107 pojawi si\u0119 oczywi\u015bcie po konferencji. Do tego czasu zapraszamy do obejrzenia fotorelacji z naszych poprzednich konferencji:<\/p>\n","protected":false},"excerpt":{"rendered":"<p>GALERIA ZDJ\u0118\u0106 Galeria zdj\u0119\u0107 pojawi si\u0119 oczywi\u015bcie po konferencji. Do tego czasu zapraszamy do obejrzenia fotorelacji z naszych poprzednich konferencji:<\/p>\n","protected":false},"author":8,"featured_media":0,"parent":0,"menu_order":0,"comment_status":"closed","ping_status":"closed","template":"","meta":{"footnotes":""},"class_list":["post-96","page","type-page","status-publish","hentry"],"_links":{"self":[{"href":"https:\/\/physics.uwb.edu.pl\/wf\/knf2022\/wp-json\/wp\/v2\/pages\/96","targetHints":{"allow":["GET"]}}],"collection":[{"href":"https:\/\/physics.uwb.edu.pl\/wf\/knf2022\/wp-json\/wp\/v2\/pages"}],"about":[{"href":"https:\/\/physics.uwb.edu.pl\/wf\/knf2022\/wp-json\/wp\/v2\/types\/page"}],"author":[{"embeddable":true,"href":"https:\/\/physics.uwb.edu.pl\/wf\/knf2022\/wp-json\/wp\/v2\/users\/8"}],"replies":[{"embeddable":true,"href":"https:\/\/physics.uwb.edu.pl\/wf\/knf2022\/wp-json\/wp\/v2\/comments?post=96"}],"version-history":[{"count":2,"href":"https:\/\/physics.uwb.edu.pl\/wf\/knf2022\/wp-json\/wp\/v2\/pages\/96\/revisions"}],"predecessor-version":[{"id":100,"href":"https:\/\/physics.uwb.edu.pl\/wf\/knf2022\/wp-json\/wp\/v2\/pages\/96\/revisions\/100"}],"wp:attachment":[{"href":"https:\/\/physics.uwb.edu.pl\/wf\/knf2022\/wp-json\/wp\/v2\/media?parent=96"}],"curies":[{"name":"wp","href":"https:\/\/api.w.org\/{rel}","templated":true}]}}