{"id":12,"date":"2017-12-29T07:42:33","date_gmt":"2017-12-29T07:42:33","guid":{"rendered":"http:\/\/physics.uwb.edu.pl\/wf\/magnet\/?page_id=12"},"modified":"2023-12-15T03:37:22","modified_gmt":"2023-12-15T03:37:22","slug":"badania","status":"publish","type":"page","link":"https:\/\/physics.uwb.edu.pl\/wf\/magnet\/badania\/","title":{"rendered":"Badania"},"content":{"rendered":"<div class=\"content\">\n<h2>Problematyka badawcza:<\/h2>\n<ul>\n<li>Statyczne i dynamiczne w\u0142a\u015bciwo\u015bci struktury domenowej w cienkich i ultracienkich warstwach magnetycznych (badania z wykorzystaniem m. in. magnetooptycznej mikroskopii i magnetometrii oraz mikroskopii si\u0142 magnetycznych MFM).<\/li>\n<li><a href=\"http:\/\/labfiz.uwb.edu.pl\/lab\/and\/pl\/badania\/fotomagnetyzm\/\">Efekty fotomagnetyczne.<\/a><\/li>\n<li>Cyfrowa analiza obraz\u00f3w.<\/li>\n<li>W\u0142a\u015bciwo\u015bci magnetyk\u00f3w wzbudzanych mikrofalami.<\/li>\n<li>Magnetyczna anizotropia i przej\u015bcia fazowe w magnetykach.<\/li>\n<li>Badania powierzchni (z wykorzystaniem mikroskopii si\u0142 atomowych AFM oraz mikroskopii tunelowej STM).<\/li>\n<li><a href=\"https:\/\/physics.uwb.edu.pl\/zfmag\/uvm\/magnetyczne_uporzadkowanie_UF.html\"> Magnetyczne uporz\u0105dkowanie w ultracienkich warstwach<\/a><\/li>\n<\/ul>\n<h2>Projekty badawcze<\/h2>\n<p>Od ko\u0144ca lat siedemdziesi\u0105tych do lat 90 dzia\u0142alno\u015b\u0107 naukowa by\u0142a dofinansowywana w ramach oko\u0142o 10 projekt\u00f3w badawczych &#8211; PR-3, CPBP, CPBR; problematyka bada\u0144 zosta\u0142a uj\u0119ta w temacie 21KO2 wsp\u00f3\u0142pracy kraj\u00f3w RWPG (w okresie 1978-1985). W latach dziewi\u0119\u0107dziesi\u0105tych KBN przyzna\u0142 ZFM 5 projekt\u00f3w badawczych oraz przydzieli\u0142 6 grant\u00f3w aparaturowych; Prace ZFM wspierane s\u0105 przez Uni\u0119 Europejsk\u0105 (Human Capital Mobility, ESF, TEMPUS) oraz European Office of Aerospace Research and Development.<\/p>\n<p>Zak\u0142ad Fizyki Magnetyk\u00f3w opiekuje si\u0119 r\u00f3wnie\u017c Pracowni\u0105 Dydaktyki Fizyki. W ramach tej Pracowni utworzono Regionalne Laboratorium Komputerowe do nauczania przedmiot\u00f3w przyrodniczych.<\/p>\n<h2>Realizowane projekty badawcze<\/h2>\n<ol>\n<li>MC ITN FP7 <i>&#8222;Femtosecond opto-magnetism and novel approaches to ultrafast magnetism at the nanoscale&#8221;<\/i>,<a href=\"https:\/\/cordis.europa.eu\/project\/rcn\/88342_pl.html\" target=\"_blank\" rel=\"noopener\"> <b>FANTOMAS<\/b><\/a> (2008-2012).<\/li>\n<li>Inwestycje aparaturowe w ramach <i>&#8222;Krajowego Centrum Nanostruktur Magnetycznych do Zastosowa\u0144 w Elektronice Spinowej&#8221;<\/i> \u2013 <a href=\"https:\/\/spinlab.uwb.edu.pl\/\" target=\"_blank\" rel=\"noopener\"><b>SPINLAB<\/b><\/a> PO IG 2.2.SPINLAB (2009-2012).<\/li>\n<li>Badaniach w ramach Sieci Krajowej <a href=\"http:\/\/www.artmag.agh.edu.pl\/\" target=\"_blank\" rel=\"noopener\"><b>ARTMAG<\/b><\/a> &#8211; <i>&#8222;Nanostruktury magnetyczne do zastosowania w elektronice spinowej&#8221;<\/i> (od 2008).<\/li>\n<\/ol>\n<h2>Osi\u0105gni\u0119cia<\/h2>\n<ul>\n<li>ponad 200 opublikowanych prac &#8211; zdecydowana wi\u0119kszo\u015b\u0107 w czasopismach mi\u0119dzynarodowych;<\/li>\n<li>oko\u0142o 300 wyst\u0105pie\u0144 na mi\u0119dzynarodowych konferencjach (w tym wyst\u0105pienia z wyk\u0142adami invited);<\/li>\n<li>10 rozpraw doktorskich, 4 rozprawy habilitacyjne, 1 tytu\u0142 profesorski.<\/li>\n<\/ul>\n<\/div>\n","protected":false},"excerpt":{"rendered":"<p>Problematyka badawcza: Statyczne i dynamiczne w\u0142a\u015bciwo\u015bci struktury domenowej w cienkich i ultracienkich warstwach magnetycznych (badania z wykorzystaniem m. in. magnetooptycznej mikroskopii i magnetometrii oraz mikroskopii si\u0142 magnetycznych MFM). Efekty fotomagnetyczne. Cyfrowa analiza obraz\u00f3w. W\u0142a\u015bciwo\u015bci magnetyk\u00f3w wzbudzanych mikrofalami. Magnetyczna anizotropia i przej\u015bcia fazowe w magnetykach. Badania powierzchni (z wykorzystaniem mikroskopii si\u0142 atomowych AFM oraz mikroskopii tunelowej &hellip; <a href=\"https:\/\/physics.uwb.edu.pl\/wf\/magnet\/badania\/\" class=\"more-link\">Czytaj dalej <span class=\"screen-reader-text\">Badania<\/span> <span class=\"meta-nav\">&rarr;<\/span><\/a><\/p>\n","protected":false},"author":2,"featured_media":0,"parent":0,"menu_order":0,"comment_status":"closed","ping_status":"closed","template":"","meta":{"_acf_changed":false,"ngg_post_thumbnail":0,"footnotes":""},"categories":[],"tags":[],"class_list":["post-12","page","type-page","status-publish","hentry"],"acf":[],"_links":{"self":[{"href":"https:\/\/physics.uwb.edu.pl\/wf\/magnet\/wp-json\/wp\/v2\/pages\/12","targetHints":{"allow":["GET"]}}],"collection":[{"href":"https:\/\/physics.uwb.edu.pl\/wf\/magnet\/wp-json\/wp\/v2\/pages"}],"about":[{"href":"https:\/\/physics.uwb.edu.pl\/wf\/magnet\/wp-json\/wp\/v2\/types\/page"}],"author":[{"embeddable":true,"href":"https:\/\/physics.uwb.edu.pl\/wf\/magnet\/wp-json\/wp\/v2\/users\/2"}],"replies":[{"embeddable":true,"href":"https:\/\/physics.uwb.edu.pl\/wf\/magnet\/wp-json\/wp\/v2\/comments?post=12"}],"version-history":[{"count":4,"href":"https:\/\/physics.uwb.edu.pl\/wf\/magnet\/wp-json\/wp\/v2\/pages\/12\/revisions"}],"predecessor-version":[{"id":843,"href":"https:\/\/physics.uwb.edu.pl\/wf\/magnet\/wp-json\/wp\/v2\/pages\/12\/revisions\/843"}],"wp:attachment":[{"href":"https:\/\/physics.uwb.edu.pl\/wf\/magnet\/wp-json\/wp\/v2\/media?parent=12"}],"wp:term":[{"taxonomy":"category","embeddable":true,"href":"https:\/\/physics.uwb.edu.pl\/wf\/magnet\/wp-json\/wp\/v2\/categories?post=12"},{"taxonomy":"post_tag","embeddable":true,"href":"https:\/\/physics.uwb.edu.pl\/wf\/magnet\/wp-json\/wp\/v2\/tags?post=12"}],"curies":[{"name":"wp","href":"https:\/\/api.w.org\/{rel}","templated":true}]}}