{"id":147,"date":"2018-01-02T12:56:26","date_gmt":"2018-01-02T12:56:26","guid":{"rendered":"http:\/\/physics.uwb.edu.pl\/wf\/magnet\/?page_id=147"},"modified":"2018-01-02T12:56:26","modified_gmt":"2018-01-02T12:56:26","slug":"kriostat-pracujacy-w-obiegu-zamknietym-do-badan-magnetooptycznych","status":"publish","type":"page","link":"https:\/\/physics.uwb.edu.pl\/wf\/magnet\/aparatura\/kriostat-pracujacy-w-obiegu-zamknietym-do-badan-magnetooptycznych\/","title":{"rendered":"Kriostat pracuj\u0105cy w obiegu zamkni\u0119tym do bada\u0144 magnetooptycznych"},"content":{"rendered":"<p>Closed-cycle, cryo-free cryostat DE-204 PF Advanced Research System, Inc, USA, for magnetooptical-Kerr-microscopy-investigation of spatial distribution of magnetization.<\/p>\n<ul>\n<li>Four quartz windows for visible optical range;<\/li>\n<li>Ultra-low vibration level at sample (5 nm at 2.4 Hz);<\/li>\n<li>Temperature range 10 &#8211; 350 K;<\/li>\n<li>Computer-controlled system for 3D-positioning of the cryostat in respect to an optical axis (the range of shift in each direction \u2013 15 mm).<\/li>\n<\/ul>\n<p>Closed-cycle, cryo-free cryostat CFSM7T-1.5 OXFORD INSTRUMENTS PLC for magnetooptical investigation of ultra-fast magnetization processes in low temperatures and high magnetic field.<\/p>\n<ul>\n<li>Four quartz windows for visible optical range;<\/li>\n<li>Superconducting magnetic coils 7T@1.5K<\/li>\n<li>Temperature range 1.5 &#8211; 350 K.<\/li>\n<\/ul>\n","protected":false},"excerpt":{"rendered":"<p>Closed-cycle, cryo-free cryostat DE-204 PF Advanced Research System, Inc, USA, for magnetooptical-Kerr-microscopy-investigation of spatial distribution of magnetization. Four quartz windows for visible optical range; Ultra-low vibration level at sample (5 nm at 2.4 Hz); Temperature range 10 &#8211; 350 K; Computer-controlled system for 3D-positioning of the cryostat in respect to an optical axis (the range &hellip; <a href=\"https:\/\/physics.uwb.edu.pl\/wf\/magnet\/aparatura\/kriostat-pracujacy-w-obiegu-zamknietym-do-badan-magnetooptycznych\/\" class=\"more-link\">Czytaj dalej <span class=\"screen-reader-text\">Kriostat pracuj\u0105cy w obiegu zamkni\u0119tym do bada\u0144 magnetooptycznych<\/span> <span class=\"meta-nav\">&rarr;<\/span><\/a><\/p>\n","protected":false},"author":2,"featured_media":0,"parent":91,"menu_order":0,"comment_status":"closed","ping_status":"closed","template":"","meta":{"_acf_changed":false,"ngg_post_thumbnail":0,"footnotes":""},"categories":[],"tags":[],"class_list":["post-147","page","type-page","status-publish","hentry"],"acf":[],"_links":{"self":[{"href":"https:\/\/physics.uwb.edu.pl\/wf\/magnet\/wp-json\/wp\/v2\/pages\/147","targetHints":{"allow":["GET"]}}],"collection":[{"href":"https:\/\/physics.uwb.edu.pl\/wf\/magnet\/wp-json\/wp\/v2\/pages"}],"about":[{"href":"https:\/\/physics.uwb.edu.pl\/wf\/magnet\/wp-json\/wp\/v2\/types\/page"}],"author":[{"embeddable":true,"href":"https:\/\/physics.uwb.edu.pl\/wf\/magnet\/wp-json\/wp\/v2\/users\/2"}],"replies":[{"embeddable":true,"href":"https:\/\/physics.uwb.edu.pl\/wf\/magnet\/wp-json\/wp\/v2\/comments?post=147"}],"version-history":[{"count":1,"href":"https:\/\/physics.uwb.edu.pl\/wf\/magnet\/wp-json\/wp\/v2\/pages\/147\/revisions"}],"predecessor-version":[{"id":148,"href":"https:\/\/physics.uwb.edu.pl\/wf\/magnet\/wp-json\/wp\/v2\/pages\/147\/revisions\/148"}],"up":[{"embeddable":true,"href":"https:\/\/physics.uwb.edu.pl\/wf\/magnet\/wp-json\/wp\/v2\/pages\/91"}],"wp:attachment":[{"href":"https:\/\/physics.uwb.edu.pl\/wf\/magnet\/wp-json\/wp\/v2\/media?parent=147"}],"wp:term":[{"taxonomy":"category","embeddable":true,"href":"https:\/\/physics.uwb.edu.pl\/wf\/magnet\/wp-json\/wp\/v2\/categories?post=147"},{"taxonomy":"post_tag","embeddable":true,"href":"https:\/\/physics.uwb.edu.pl\/wf\/magnet\/wp-json\/wp\/v2\/tags?post=147"}],"curies":[{"name":"wp","href":"https:\/\/api.w.org\/{rel}","templated":true}]}}