{"id":171,"date":"2018-01-02T14:35:36","date_gmt":"2018-01-02T14:35:36","guid":{"rendered":"http:\/\/physics.uwb.edu.pl\/wf\/magnet\/?page_id=171"},"modified":"2023-12-14T13:07:30","modified_gmt":"2023-12-14T13:07:30","slug":"popularyzacja-fizyki","status":"publish","type":"page","link":"https:\/\/physics.uwb.edu.pl\/wf\/magnet\/popularyzacja-fizyki\/","title":{"rendered":"Popularyzacja Fizyki"},"content":{"rendered":"<div class=\"content\">\n<ul>\n<li>Zak\u0142ad Fizyki Magnetyk\u00f3w opiekuje si\u0119 Pracowni\u0105 Dydaktyki Fizyki. W ramach tej Pracowni utworzono Regionalne Laboratorium Komputerowe do nauczania przedmiot\u00f3w przyrodniczych <a href=\"http:\/\/labfiz.uwb.edu.pl\"> http:\/\/labfiz.uwb.edu.pl<\/a><\/li>\n<li>Zak\u0142ad bierze udzia\u0142 w realizacji akcji pilota\u017cowej wprowadzania komputerowych minilaboratori\u00f3w przyrodniczych w szko\u0142ach ponadgimnazjalnych <a href=\"http:\/\/labfiz.uwb.edu.pl\/labfiz\/siec\/\">http:\/\/labfiz.uwb.edu.pl\/labfiz\/siec\/<\/a>. Akcja finansowana jest przez MENiS.<\/li>\n<li><a href=\"https:\/\/physics.uwb.edu.pl\/zfmag\/prezentacje\/animacje\/animac.html\"> Magnetyzm na podlaskim Festiwalu nauki 2003.09.26 <\/a><\/li>\n<li><a href=\"https:\/\/physics.uwb.edu.pl\/zfmag\/media\/FN2005.wmv\"> Magnetyzm na podlaskim Festiwalu nauki 2005 <\/a><\/li>\n<li><a href=\"https:\/\/physics.uwb.edu.pl\/zfmag\/do\/nanotechnologie.php\"> Nanotechnologie <\/a><\/li>\n<li><a href=\"https:\/\/labfiz.uwb.edu.pl\/lab\/magmicroscope\/\"> Badanie domen magnetycznych przez INTERNET <\/a> &#8211; do\u015bwiadczenie On-line umo\u017cliwiaj\u0105ce wykonanie pomiar\u00f3w poprzez Internet<\/li>\n<li><a href=\"https:\/\/physics.uwb.edu.pl\/wf\/magnet\/xlvi-nadzwyczajny-zjazd-fizykow-polskich-ptf-2020\/\">XLVI nadzwyczajny zjazd fizyk\u00f3w polskich PTF 2020<\/a><\/li>\n<\/ul>\n<h3>Inne<\/h3>\n<p><a href=\"https:\/\/physics.uwb.edu.pl\/zfmag\/otwarcie_afm.php\">Uroczysto\u015b\u0107 otwarcia Laboratorium AFM\/STM\/MFM<\/a><br \/>\n<a href=\"https:\/\/physics.uwb.edu.pl\/zfmag\/tok\/workshop06\/\">Workshop on Properties of ultrathin magnetic films<\/a><\/p>\n<\/div>\n","protected":false},"excerpt":{"rendered":"<p>Zak\u0142ad Fizyki Magnetyk\u00f3w opiekuje si\u0119 Pracowni\u0105 Dydaktyki Fizyki. W ramach tej Pracowni utworzono Regionalne Laboratorium Komputerowe do nauczania przedmiot\u00f3w przyrodniczych http:\/\/labfiz.uwb.edu.pl Zak\u0142ad bierze udzia\u0142 w realizacji akcji pilota\u017cowej wprowadzania komputerowych minilaboratori\u00f3w przyrodniczych w szko\u0142ach ponadgimnazjalnych http:\/\/labfiz.uwb.edu.pl\/labfiz\/siec\/. Akcja finansowana jest przez MENiS. Magnetyzm na podlaskim Festiwalu nauki 2003.09.26 Magnetyzm na podlaskim Festiwalu nauki 2005 Nanotechnologie Badanie &hellip; <a href=\"https:\/\/physics.uwb.edu.pl\/wf\/magnet\/popularyzacja-fizyki\/\" class=\"more-link\">Czytaj dalej <span class=\"screen-reader-text\">Popularyzacja Fizyki<\/span> <span class=\"meta-nav\">&rarr;<\/span><\/a><\/p>\n","protected":false},"author":2,"featured_media":0,"parent":0,"menu_order":0,"comment_status":"closed","ping_status":"closed","template":"","meta":{"_acf_changed":false,"ngg_post_thumbnail":0,"footnotes":""},"categories":[],"tags":[],"class_list":["post-171","page","type-page","status-publish","hentry"],"acf":[],"_links":{"self":[{"href":"https:\/\/physics.uwb.edu.pl\/wf\/magnet\/wp-json\/wp\/v2\/pages\/171","targetHints":{"allow":["GET"]}}],"collection":[{"href":"https:\/\/physics.uwb.edu.pl\/wf\/magnet\/wp-json\/wp\/v2\/pages"}],"about":[{"href":"https:\/\/physics.uwb.edu.pl\/wf\/magnet\/wp-json\/wp\/v2\/types\/page"}],"author":[{"embeddable":true,"href":"https:\/\/physics.uwb.edu.pl\/wf\/magnet\/wp-json\/wp\/v2\/users\/2"}],"replies":[{"embeddable":true,"href":"https:\/\/physics.uwb.edu.pl\/wf\/magnet\/wp-json\/wp\/v2\/comments?post=171"}],"version-history":[{"count":3,"href":"https:\/\/physics.uwb.edu.pl\/wf\/magnet\/wp-json\/wp\/v2\/pages\/171\/revisions"}],"predecessor-version":[{"id":840,"href":"https:\/\/physics.uwb.edu.pl\/wf\/magnet\/wp-json\/wp\/v2\/pages\/171\/revisions\/840"}],"wp:attachment":[{"href":"https:\/\/physics.uwb.edu.pl\/wf\/magnet\/wp-json\/wp\/v2\/media?parent=171"}],"wp:term":[{"taxonomy":"category","embeddable":true,"href":"https:\/\/physics.uwb.edu.pl\/wf\/magnet\/wp-json\/wp\/v2\/categories?post=171"},{"taxonomy":"post_tag","embeddable":true,"href":"https:\/\/physics.uwb.edu.pl\/wf\/magnet\/wp-json\/wp\/v2\/tags?post=171"}],"curies":[{"name":"wp","href":"https:\/\/api.w.org\/{rel}","templated":true}]}}