{"id":30,"date":"2017-12-29T12:36:22","date_gmt":"2017-12-29T12:36:22","guid":{"rendered":"http:\/\/physics.uwb.edu.pl\/wf\/magnet\/?page_id=30"},"modified":"2026-02-27T12:21:52","modified_gmt":"2026-02-27T12:21:52","slug":"kontakt","status":"publish","type":"page","link":"https:\/\/physics.uwb.edu.pl\/wf\/magnet\/","title":{"rendered":"Kontakt"},"content":{"rendered":"\t\t<div data-elementor-type=\"wp-page\" data-elementor-id=\"30\" class=\"elementor elementor-30\">\n\t\t\t\t<div class=\"elementor-element elementor-element-dd212f2 e-flex e-con-boxed e-con e-parent\" data-id=\"dd212f2\" data-element_type=\"container\" data-e-type=\"container\">\n\t\t\t\t\t<div class=\"e-con-inner\">\n\t\t<div class=\"elementor-element elementor-element-d195d6c e-con-full e-flex e-con e-child\" data-id=\"d195d6c\" data-element_type=\"container\" data-e-type=\"container\">\n\t\t\t\t<div class=\"elementor-element elementor-element-af7ef89 elementor-widget elementor-widget-text-editor\" data-id=\"af7ef89\" data-element_type=\"widget\" data-e-type=\"widget\" data-widget_type=\"text-editor.default\">\n\t\t\t\t<div class=\"elementor-widget-container\">\n\t\t\t\t\t\t\t\t\t<h3 align=\"left\">Katedra Fizyki Magnetyk\u00f3w<\/h3><div align=\"left\"><p><b>Adres:<\/b><br \/><b><i>Katedra Fizyki Magnetyk\u00f3w<br \/><a href=\"http:\/\/fizyka.uwb.edu.pl\/\"> Wydzia\u0142 Fizyki <\/a><br \/><a href=\"http:\/\/www.uwb.edu.pl\"> Uniwersytet w Bia\u0142ymstoku<\/a><br \/><\/i><\/b> ul. Konstantego Cio\u0142kowskiego 1L<br \/>15-245 Bia\u0142ystok<\/p><p>tel 048-85-7387229<br \/>fax 048-85-7387223<br \/><a href=\"http:\/\/magnet.uwb.edu.pl\"> http:\/\/magnet.uwb.edu.pl<\/a><br \/>E-mail: <a href=\"mailto:magnet@uwb.edu.pl\">magnet@uwb.edu.pl<\/a><\/p><\/div><p><a href=\"http:\/\/bialystok.jakdojade.pl\/index.html?fn=53%C2%B08%277%22%2C+23%C2%B08%2714%22&amp;fc=53.1355:23.13742&amp;tn=53%C2%B06%2731%22%2C+23%C2%B09%2713%22&amp;tc=53.10863:23.15373&amp;ia=false&amp;t=0&amp;n=0&amp;ri=0&amp;cid=11000&amp;as=true#tabId=0&amp;\"> <b>Komunikacja miejska<\/b><\/a><\/p><p>QRcode : dane adresowe<\/p><p><img fetchpriority=\"high\" decoding=\"async\" class=\"alignnone size-full wp-image-102\" src=\"https:\/\/physics.uwb.edu.pl\/wf\/magnet\/wp-content\/uploads\/sites\/16\/2018\/01\/manet-qrcode.gif\" alt=\"\" width=\"240\" height=\"240\" \/><\/p><div id=\"simple-translate\" class=\"simple-translate-system-theme\"><div><div class=\"simple-translate-button isShow\" style=\"background-image: url('moz-extension:\/\/1009a102-4631-408e-9e4b-ef44ff1de286\/icons\/512.png'); height: 22px; width: 22px; top: 93px; left: 92px;\">\u00a0<\/div><div class=\"simple-translate-panel \" style=\"width: 300px; height: 200px; top: 0px; left: 0px; font-size: 13px;\"><div class=\"simple-translate-result-wrapper\" style=\"overflow: hidden;\"><div class=\"simple-translate-move\" draggable=\"true\">\u00a0<\/div><div class=\"simple-translate-result-contents\"><p class=\"simple-translate-candidate\" dir=\"auto\">\u00a0<\/p><\/div><\/div><\/div><\/div><\/div>\t\t\t\t\t\t\t\t<\/div>\n\t\t\t\t<\/div>\n\t\t\t\t<\/div>\n\t\t<div class=\"elementor-element elementor-element-219d238 e-con-full e-flex e-con e-child\" data-id=\"219d238\" data-element_type=\"container\" data-e-type=\"container\">\n\t\t\t\t<div class=\"elementor-element elementor-element-c054504 elementor-widget elementor-widget-html\" data-id=\"c054504\" data-element_type=\"widget\" data-e-type=\"widget\" data-widget_type=\"html.default\">\n\t\t\t\t<div class=\"elementor-widget-container\">\n\t\t\t\t\t<div style=\"width: 100%\"><iframe width=\"100%\" height=\"600\" src=\"https:\/\/maps.google.com\/maps?lang=en&width=100%&amp;height=600&amp;hl=pl&amp;coord=53.108366, 23.154266&amp;q=+(Kampus%20Uniwersytetu%20w%20Bia%C5%82ymstoku)&amp;ie=UTF8&amp;t=&amp;z=17&amp;iwloc=A&amp;output=embed\" frameborder=\"0\" scrolling=\"no\" marginheight=\"0\" marginwidth=\"0\"><a href=\"https:\/\/www.maps.ie\/map-my-route\/\">Map a route<\/a><\/iframe><\/div>\t\t\t\t<\/div>\n\t\t\t\t<\/div>\n\t\t\t\t<\/div>\n\t\t\t\t\t<\/div>\n\t\t\t\t<\/div>\n\t\t\t\t<\/div>\n\t\t","protected":false},"excerpt":{"rendered":"<p>Katedra Fizyki Magnetyk\u00f3w Adres:Katedra Fizyki Magnetyk\u00f3w Wydzia\u0142 Fizyki Uniwersytet w Bia\u0142ymstoku ul. Konstantego Cio\u0142kowskiego 1L15-245 Bia\u0142ystok tel 048-85-7387229fax 048-85-7387223 http:\/\/magnet.uwb.edu.plE-mail: magnet@uwb.edu.pl Komunikacja miejska QRcode : dane adresowe \u00a0\u00a0 \u00a0 Map a route<\/p>\n","protected":false},"author":2,"featured_media":0,"parent":0,"menu_order":0,"comment_status":"closed","ping_status":"closed","template":"","meta":{"_acf_changed":false,"ngg_post_thumbnail":0,"footnotes":""},"categories":[],"tags":[],"class_list":["post-30","page","type-page","status-publish","hentry"],"acf":[],"_links":{"self":[{"href":"https:\/\/physics.uwb.edu.pl\/wf\/magnet\/wp-json\/wp\/v2\/pages\/30","targetHints":{"allow":["GET"]}}],"collection":[{"href":"https:\/\/physics.uwb.edu.pl\/wf\/magnet\/wp-json\/wp\/v2\/pages"}],"about":[{"href":"https:\/\/physics.uwb.edu.pl\/wf\/magnet\/wp-json\/wp\/v2\/types\/page"}],"author":[{"embeddable":true,"href":"https:\/\/physics.uwb.edu.pl\/wf\/magnet\/wp-json\/wp\/v2\/users\/2"}],"replies":[{"embeddable":true,"href":"https:\/\/physics.uwb.edu.pl\/wf\/magnet\/wp-json\/wp\/v2\/comments?post=30"}],"version-history":[{"count":50,"href":"https:\/\/physics.uwb.edu.pl\/wf\/magnet\/wp-json\/wp\/v2\/pages\/30\/revisions"}],"predecessor-version":[{"id":1042,"href":"https:\/\/physics.uwb.edu.pl\/wf\/magnet\/wp-json\/wp\/v2\/pages\/30\/revisions\/1042"}],"wp:attachment":[{"href":"https:\/\/physics.uwb.edu.pl\/wf\/magnet\/wp-json\/wp\/v2\/media?parent=30"}],"wp:term":[{"taxonomy":"category","embeddable":true,"href":"https:\/\/physics.uwb.edu.pl\/wf\/magnet\/wp-json\/wp\/v2\/categories?post=30"},{"taxonomy":"post_tag","embeddable":true,"href":"https:\/\/physics.uwb.edu.pl\/wf\/magnet\/wp-json\/wp\/v2\/tags?post=30"}],"curies":[{"name":"wp","href":"https:\/\/api.w.org\/{rel}","templated":true}]}}