{"id":347,"date":"2018-01-30T09:58:03","date_gmt":"2018-01-30T09:58:03","guid":{"rendered":"http:\/\/physics.uwb.edu.pl\/wf\/magnet\/?page_id=347"},"modified":"2021-04-14T10:21:21","modified_gmt":"2021-04-14T10:21:21","slug":"beethoven","status":"publish","type":"page","link":"https:\/\/physics.uwb.edu.pl\/wf\/magnet\/beethoven\/","title":{"rendered":"BEETHOVEN 2"},"content":{"rendered":"<p style=\"text-align: left;\">Polsko-niemiecki projekt badawczy Beethoven 2 (NCN ID: <a href=\"https:\/\/projekty.ncn.gov.pl\/index.php?projekt_id=356211\">2016\/23\/G\/ST3\/04196<\/a>) <strong>Dynamika \u015bciany domenowej i w\u0142a\u015bciwo\u015bci magnetycznej tekstury w warstwach magnetycznych z oddzia\u0142ywaniem typu Dzyaloshinskii-Moriya <\/strong>(2018-2021) <strong>jest realizowany <\/strong>w ramach wsp\u00f3\u0142pracy polskiego Konsorcjum pomi\u0119dzy Instytutem Katalizy i Fizykochemii Powierzchni im. Jerzego Habera Polskiej Akademii Nauk w Krakowie (koordynator) i Wydzia\u0142em Fizyki Uniwersytetu w Bia\u0142ymstoku z Uniwersytetem w Kilonii (Niemcy). Strona polska jest finansowana przez Narodowe Centrum Nauki, strona niemiecka przez German Research Foundation (DFG). Realizacja projektu jest wspomagana przez narodowe centrum promieniowania synchrotronowego SOLARIS w Krakowie.<\/p>\n<p>&nbsp;<\/p>\n<p><figure id=\"attachment_352\" aria-describedby=\"caption-attachment-352\" style=\"width: 279px\" class=\"wp-caption alignright\"><img fetchpriority=\"high\" decoding=\"async\" class=\"wp-image-352 size-medium\" src=\"http:\/\/physics.uwb.edu.pl\/wf\/magnet\/wp-content\/uploads\/sites\/16\/2018\/01\/Skyrmions-are-tiny-nanometre-sized-magnetic-vortices-1-279x300.png\" alt=\"\" width=\"279\" height=\"300\" srcset=\"https:\/\/physics.uwb.edu.pl\/wf\/magnet\/wp-content\/uploads\/sites\/16\/2018\/01\/Skyrmions-are-tiny-nanometre-sized-magnetic-vortices-1-279x300.png 279w, https:\/\/physics.uwb.edu.pl\/wf\/magnet\/wp-content\/uploads\/sites\/16\/2018\/01\/Skyrmions-are-tiny-nanometre-sized-magnetic-vortices-1.png 500w\" sizes=\"(max-width: 279px) 100vw, 279px\" \/><figcaption id=\"caption-attachment-352\" class=\"wp-caption-text\">Rys. 1. Chiralna domenowa struktura magnetyczna \u2013 skyrmion; potencjalna struktura do zapisu informacji [<a href=\"http:\/\/www.nanowerk.com\">www.nanowerk.com<\/a>].<\/figcaption><\/figure>Wraz z rosn\u0105c\u0105 ilo\u015bci\u0105 przetwarzanych, przekazywanych i gromadzonych danych cyfrowych, ro\u015bnie zapotrzebowanie na zwi\u0119kszanie pojemno\u015bci no\u015bnik\u00f3w danych. W przypadku no\u015bnik\u00f3w magnetycznych, takich jak dyski twarde, oznacza to konieczno\u015b\u0107 nie tylko zmniejszania element\u00f3w pami\u0119ci \u2013 rozumianych jako pojedynczy bit, ale tak\u017ce konieczno\u015b\u0107 zmniejszenia mocy potrzebnej do prze\u0142\u0105czania\/zapisu bitu informacji, a w konsekwencji unikni\u0119cia problem\u00f3w z odprowadzaniem generowanego przy tym ciep\u0142a. Dlatego te\u017c w materia\u0142ach magnetycznych stosowanych w najnowszych urz\u0105dzeniach elektronicznych istotne sta\u0142o si\u0119 zastosowanie nie tylko \u0142adunku elektron\u00f3w, ale r\u00f3wnie\u017c i ich spin\u00f3w. Uporz\u0105dkowanie spin\u00f3w elektron\u00f3w decyduje o w\u0142a\u015bciwo\u015bciach magnetycznych materia\u0142\u00f3w. Szczeg\u00f3lne fascynuj\u0105cym zjawiskiem w materia\u0142ach magnetycznych jest chiralno\u015b\u0107. Charakteryzuje si\u0119 ona odbiciow\u0105 asymetri\u0105. Przyk\u0142adowo lewa d\u0142o\u0144 po lustrzanym odbiciu nie jest identyczna jak wyj\u015bciowa ale wygl\u0105da tak jak prawa. Chiralno\u015b\u0107 odgrywa istotn\u0105 rol\u0119 np. w fizyce, a w materia\u0142ach magnetycznych, mo\u017ce objawi\u0107 si\u0119 w tak subtelny spos\u00f3b, jako wyst\u0119powanie tylko jednego typu chiralno\u015bci spin\u00f3w. Taki chiralny typ struktury magnetycznej wynika z istnienia oddzia\u0142ywania typu Dzyaloshinskii-Moriya (DMI). Z mikroskopowego punku widzenia jest to oddzia\u0142ywanie spin\u00f3w w uk\u0142adach nie posiadaj\u0105cych symetrii odbiciowej i charakteryzuje si\u0119 silnym sprz\u0119\u017ceniem spin-orbita. Wynikiem takiego oddzia\u0142ywania jest tworzenie si\u0119 faz o skr\u0119conej strukturze magnetycznej, takiej jak np. skyrmiony. Obserwowane w materia\u0142ach magnetycznych struktury chiralne typu: magnetyczne \u015bciany domenowe, punkty Blocha, a zw\u0142aszcza skyrmiony, mog\u0105 by\u0107 wykorzystane w przysz\u0142o\u015bci do zastosowa\u0144 technicznych. Ze wzgl\u0119du na nanometrowe rozmiary takich struktur mog\u0142yby one w szczeg\u00f3lno\u015bci znale\u017a\u0107 zastosowanie w nowych typach pami\u0119ci magnetycznych o bardzo du\u017cej g\u0119sto\u015bci zapisu, gdzie skyrmion stanowi\u0142by bit informacji (Rys. 1).<\/p>\n<p>G\u0142\u00f3wnym celem projektu jest uzyskanie fundamentalnej wiedzy o w\u0142a\u015bciwo\u015bciach statycznych i dynamicznych tych mikromagnetycznych struktur, wyst\u0119puj\u0105cych w cienkich warstwach z prostopad\u0142\u0105 do powierzchni anizotropi\u0105 magnetyczn\u0105 i oddzia\u0142ywaniem typu Dzyaloshinskii-Moriya. Badania z wykorzystaniem wysokorozdzielczych technik magnetooptycznych koncentruj\u0105 si\u0119 w szczeg\u00f3lno\u015bci na pomiarach wysokocz\u0119stotliwo\u015bciowych odpowiedzi swobodnych i cz\u0119\u015bciowo zakotwiczonych w warstwie mikrostruktur po ich wzbudzeniu za pomoc\u0105 m.in. pola magnetycznego, pr\u0105du elektrycznego, jak r\u00f3wnie\u017c termo-optycznego (stosuj\u0105c impuls lasera o odpowiedniej energii). W celu uzyskania statycznych i dynamicznych parametr\u00f3w materia\u0142\u00f3w przeznaczonych do bada\u0144 odpowiednich mikrostruktur, wykonywane s\u0105 pomiary r\u00f3\u017cnymi uzupe\u0142niaj\u0105cymi si\u0119 technikami m.in. magnetometrycznymi, rezonansu ferromagnetycznego czy spektroskopii rozpraszania \u015bwiat\u0142a Brillouina. We wsp\u00f3\u0142pracy z pierwszym polskim synchrotronem SOLARIS (jak r\u00f3wnie\u017c innymi synchrotronami), zastosowane zostan\u0105 wysokorozdzielcze techniki badawcze wykorzystuj\u0105ce promieniowanie synchrotronowe, np. fotoemisyjny mikroskop elektronowy (PEEM). Uzyskane wyniki eksperymentalne stanowi\u0107 b\u0119d\u0105 podstaw\u0119 do mikromagnetycznego modelowania rozk\u0142ad\u00f3w namagnesowania. Po\u0142\u0105czenie oblicze\u0144 i wynik\u00f3w obrazowania mikrostruktur w czasie rzeczywistym pozwoli pozna\u0107 fizyczne mechanizmy badanych obiekt\u00f3w, co przyczyni\u0107 si\u0119 mo\u017ce do opracowania podstaw nowego typu pami\u0119ci magnetycznych. W szczeg\u00f3lno\u015bci mikrostruktury typu bubble\/skyrmion w materia\u0142ach magnetycznych mog\u0105 prowadzi\u0107 do powstania nowej klasy urz\u0105dze\u0144 \u201espintronicznych\u201d, o niskim zu\u017cyciu energii i du\u017cej g\u0119sto\u015bci zapisu.<\/p>\n<p>W ostatnim czasie mikrostruktury magnetyczne typu bubble\/skyrmion sta\u0142y si\u0119 nowym interesuj\u0105cym obiektem bada\u0144 eksperymentalnych i teoretycznych. Badania te koncentruj\u0105 si\u0119 na zrozumieniu fundamentalnych w\u0142a\u015bciwo\u015bci magnetycznych tych mikrostruktur w r\u00f3\u017cnych systemach magnetycznych oraz na rozwoju metod ich preparacji, detekcji i sterowania. W zwi\u0105zku z tym mo\u017cna oczekiwa\u0107, \u017ce proponowane w projekcie badania wpisuj\u0105 si\u0119 w aktualne trendy zwi\u0105zane z rozwojem mikrostruktur magnetycznych.<\/p>\n<p><strong>Koordynatorzy projektu<\/strong><\/p>\n<p>dr Piotr Mazalski \u2013 <a href=\"mailto:piotrmaz@uwb.edu.pl\">piotrmaz@uwb.edu.pl<\/a> (koordynator zada\u0144 ze strony Instytutu Katalizy i Fizykochemii Powierzchni im. Jerzego Habera Polskiej Akademii Nauk w Krakowie)<\/p>\n<p>dr hab Ryszard Gieniusz, prof. UwB \u2013 <a href=\"mailto:gieniusz@uwb.edu.pl\">gieniusz@uwb.edu.pl<\/a> (koordynator zada\u0144 realizowanych w UwB)<\/p>\n<p>Prof. Dr.-Ing. Jeffrey McCord &#8211; <a href=\"mailto:jmc@tf.uni-kiel.de\">jmc@tf.uni-kiel.de<\/a> (koordynator zada\u0144 realizowanych w Kilonii)<\/p>\n<p>Strona koordynatora z Niemiec: <a href=\"https:\/\/www.tf.uni-kiel.de\/matwis\/nmm\/en\/nmm-group\">https:\/\/www.tf.uni-kiel.de\/matwis\/nmm\/en\/nmm-group<\/a><\/p>\n<p><a href=\"https:\/\/projekty.ncn.gov.pl\/index.php?projekt_id=356211\">Informacja o projekcie na stronach NCN<\/a><\/p>\n","protected":false},"excerpt":{"rendered":"<p>Polsko-niemiecki projekt badawczy Beethoven 2 (NCN ID: 2016\/23\/G\/ST3\/04196) Dynamika \u015bciany domenowej i w\u0142a\u015bciwo\u015bci magnetycznej tekstury w warstwach magnetycznych z oddzia\u0142ywaniem typu Dzyaloshinskii-Moriya (2018-2021) jest realizowany w ramach wsp\u00f3\u0142pracy polskiego Konsorcjum pomi\u0119dzy Instytutem Katalizy i Fizykochemii Powierzchni im. Jerzego Habera Polskiej Akademii Nauk w Krakowie (koordynator) i Wydzia\u0142em Fizyki Uniwersytetu w Bia\u0142ymstoku z Uniwersytetem w Kilonii &hellip; <a href=\"https:\/\/physics.uwb.edu.pl\/wf\/magnet\/beethoven\/\" class=\"more-link\">Czytaj dalej <span class=\"screen-reader-text\">BEETHOVEN 2<\/span> <span class=\"meta-nav\">&rarr;<\/span><\/a><\/p>\n","protected":false},"author":2,"featured_media":0,"parent":0,"menu_order":0,"comment_status":"closed","ping_status":"closed","template":"","meta":{"_acf_changed":false,"ngg_post_thumbnail":0,"footnotes":""},"categories":[],"tags":[],"class_list":["post-347","page","type-page","status-publish","hentry"],"acf":[],"_links":{"self":[{"href":"https:\/\/physics.uwb.edu.pl\/wf\/magnet\/wp-json\/wp\/v2\/pages\/347","targetHints":{"allow":["GET"]}}],"collection":[{"href":"https:\/\/physics.uwb.edu.pl\/wf\/magnet\/wp-json\/wp\/v2\/pages"}],"about":[{"href":"https:\/\/physics.uwb.edu.pl\/wf\/magnet\/wp-json\/wp\/v2\/types\/page"}],"author":[{"embeddable":true,"href":"https:\/\/physics.uwb.edu.pl\/wf\/magnet\/wp-json\/wp\/v2\/users\/2"}],"replies":[{"embeddable":true,"href":"https:\/\/physics.uwb.edu.pl\/wf\/magnet\/wp-json\/wp\/v2\/comments?post=347"}],"version-history":[{"count":12,"href":"https:\/\/physics.uwb.edu.pl\/wf\/magnet\/wp-json\/wp\/v2\/pages\/347\/revisions"}],"predecessor-version":[{"id":763,"href":"https:\/\/physics.uwb.edu.pl\/wf\/magnet\/wp-json\/wp\/v2\/pages\/347\/revisions\/763"}],"wp:attachment":[{"href":"https:\/\/physics.uwb.edu.pl\/wf\/magnet\/wp-json\/wp\/v2\/media?parent=347"}],"wp:term":[{"taxonomy":"category","embeddable":true,"href":"https:\/\/physics.uwb.edu.pl\/wf\/magnet\/wp-json\/wp\/v2\/categories?post=347"},{"taxonomy":"post_tag","embeddable":true,"href":"https:\/\/physics.uwb.edu.pl\/wf\/magnet\/wp-json\/wp\/v2\/tags?post=347"}],"curies":[{"name":"wp","href":"https:\/\/api.w.org\/{rel}","templated":true}]}}