{"id":387,"date":"2018-02-22T09:27:01","date_gmt":"2018-02-22T09:27:01","guid":{"rendered":"http:\/\/physics.uwb.edu.pl\/wf\/magnet\/?page_id=387"},"modified":"2018-02-22T09:31:16","modified_gmt":"2018-02-22T09:31:16","slug":"national-centrum-of-nanophysics-and-spintronics-spinlab-2","status":"publish","type":"page","link":"https:\/\/physics.uwb.edu.pl\/wf\/magnet\/national-centrum-of-nanophysics-and-spintronics-spinlab-2\/","title":{"rendered":"Krajowe Centrum Nanofizyki i Spintroniki SPINLAB"},"content":{"rendered":"<p><img decoding=\"async\" class=\"wp-image-383 size-full alignnone\" src=\"http:\/\/physics.uwb.edu.pl\/wf\/magnet\/wp-content\/uploads\/sites\/16\/2018\/02\/spinlab_of-e1519291109374.png\" alt=\"\" width=\"109\" height=\"90\"><\/p>\n<p>Presidium of Polish Academy of Sciences created (24th September 2013, decision 28\/2013) \u201cNational Centrum of Nanophysics and Spintronics &#8211; SPINLAB\u201d, CENTRUM ( \u201cKrajowe Centrum Nanofizyki i Spintroniki SPINLAB\u201d, CENTRUM).<br \/>\nCentrum continues activities of Polish National Network <a href=\"http:\/\/www.artmag.agh.edu.pl\/\" target=\"_blank\" rel=\"noopener\"><img decoding=\"async\" src=\"http:\/\/physics.uwb.edu.pl\/zfmag\/img\/Artmag.png\" alt=\"Artmag\" height=\"35\" align=\"absmiddle\" border=\"0\" hspace=\"5\" vspace=\"5\"> ARTMAG <\/a>&#8211; &#8222;Magnetic nanostructures for spintronics&#8221; supported in the frame of European Union Operational Program for Innovative Economy 2007-2013 by the project National Centre: <a href=\"http:\/\/spinlab.uwb.edu.pl\/\">Magnetic Nanostructures for Spintronics Applications SPINLAB.<\/a><\/p>\n<p><img fetchpriority=\"high\" decoding=\"async\" class=\"size-medium wp-image-380 alignright\" src=\"http:\/\/physics.uwb.edu.pl\/wf\/magnet\/wp-content\/uploads\/sites\/16\/2018\/02\/Poland_Contour_spinlab_02-2-1-300x278.png\" alt=\"\" width=\"300\" height=\"278\" srcset=\"https:\/\/physics.uwb.edu.pl\/wf\/magnet\/wp-content\/uploads\/sites\/16\/2018\/02\/Poland_Contour_spinlab_02-2-1-300x278.png 300w, https:\/\/physics.uwb.edu.pl\/wf\/magnet\/wp-content\/uploads\/sites\/16\/2018\/02\/Poland_Contour_spinlab_02-2-1.png 610w\" sizes=\"(max-width: 300px) 100vw, 300px\" \/><\/p>\n<ul>\n<li><a class=\"caption\" title=\"IF PAN\" href=\"http:\/\/www.ifpan.edu.pl\/\" target=\"_blank\" rel=\"noopener\">Instytut Fizyki PAN w Warszawie<\/a><\/li>\n<li><a class=\"caption\" title=\"IFM PAN\" href=\"http:\/\/www.ifmpan.poznan.pl\/\" target=\"_blank\" rel=\"noopener\">Instytut Fizyki Molekularnej PAN w Poznaniu<\/a><\/li>\n<li><a class=\"caption\" title=\"UAM\" href=\"http:\/\/www.fizyka.amu.edu.pl\/\" target=\"_blank\" rel=\"noopener\">Wydzia\u0142 Fizyki Uniwersytetu im. Adama Mickiewicza w Poznaniu<\/a><\/li>\n<li><a class=\"caption\" title=\"IKiFP PAN\" href=\"http:\/\/www.ik-pan.krakow.pl\/\" target=\"_blank\" rel=\"noopener\">Instytut Katalizy i Fizykochemii Powierzchni im Jerzego Habera PAN w Krakowie<\/a><\/li>\n<li><a class=\"caption\" title=\"UwB\" href=\"http:\/\/physics.uwb.edu.pl\/\" target=\"_blank\" rel=\"noopener\">Wydzia\u0142 Fizyki Uniwersytetu w Bia\u0142ymstoku<\/a><\/li>\n<li><a class=\"caption\" title=\"AGH\" href=\"http:\/\/www.fis.agh.edu.pl\/\" target=\"_blank\" rel=\"noopener\">Akademia G\u00f3rniczo-Hutnicza im. Stanis\u0142awa Staszica w Krakowie, Wydzia\u0142 Fizyki i Informatyki Stosowanej<\/a><\/li>\n<li><a class=\"caption\" title=\"AGH\" href=\"http:\/\/www.iet.agh.edu.pl\/pl\/\" target=\"_blank\" rel=\"noopener\">Akademia G\u00f3rniczo-Hutnicza im. Stanis\u0142awa Staszica w Krakowie, Wydzia\u0142 Informatyki , Elektroniki i telekomunikacji<\/a><\/li>\n<\/ul>\n","protected":false},"excerpt":{"rendered":"<p>Presidium of Polish Academy of Sciences created (24th September 2013, decision 28\/2013) \u201cNational Centrum of Nanophysics and Spintronics &#8211; SPINLAB\u201d, CENTRUM ( \u201cKrajowe Centrum Nanofizyki i Spintroniki SPINLAB\u201d, CENTRUM). Centrum continues activities of Polish National Network ARTMAG &#8211; &#8222;Magnetic nanostructures for spintronics&#8221; supported in the frame of European Union Operational Program for Innovative Economy 2007-2013 &hellip; <a href=\"https:\/\/physics.uwb.edu.pl\/wf\/magnet\/national-centrum-of-nanophysics-and-spintronics-spinlab-2\/\" class=\"more-link\">Czytaj dalej <span class=\"screen-reader-text\">Krajowe Centrum Nanofizyki i Spintroniki SPINLAB<\/span> <span class=\"meta-nav\">&rarr;<\/span><\/a><\/p>\n","protected":false},"author":2,"featured_media":0,"parent":0,"menu_order":0,"comment_status":"closed","ping_status":"closed","template":"","meta":{"_acf_changed":false,"ngg_post_thumbnail":0,"footnotes":""},"categories":[],"tags":[],"class_list":["post-387","page","type-page","status-publish","hentry"],"acf":[],"_links":{"self":[{"href":"https:\/\/physics.uwb.edu.pl\/wf\/magnet\/wp-json\/wp\/v2\/pages\/387","targetHints":{"allow":["GET"]}}],"collection":[{"href":"https:\/\/physics.uwb.edu.pl\/wf\/magnet\/wp-json\/wp\/v2\/pages"}],"about":[{"href":"https:\/\/physics.uwb.edu.pl\/wf\/magnet\/wp-json\/wp\/v2\/types\/page"}],"author":[{"embeddable":true,"href":"https:\/\/physics.uwb.edu.pl\/wf\/magnet\/wp-json\/wp\/v2\/users\/2"}],"replies":[{"embeddable":true,"href":"https:\/\/physics.uwb.edu.pl\/wf\/magnet\/wp-json\/wp\/v2\/comments?post=387"}],"version-history":[{"count":1,"href":"https:\/\/physics.uwb.edu.pl\/wf\/magnet\/wp-json\/wp\/v2\/pages\/387\/revisions"}],"predecessor-version":[{"id":388,"href":"https:\/\/physics.uwb.edu.pl\/wf\/magnet\/wp-json\/wp\/v2\/pages\/387\/revisions\/388"}],"wp:attachment":[{"href":"https:\/\/physics.uwb.edu.pl\/wf\/magnet\/wp-json\/wp\/v2\/media?parent=387"}],"wp:term":[{"taxonomy":"category","embeddable":true,"href":"https:\/\/physics.uwb.edu.pl\/wf\/magnet\/wp-json\/wp\/v2\/categories?post=387"},{"taxonomy":"post_tag","embeddable":true,"href":"https:\/\/physics.uwb.edu.pl\/wf\/magnet\/wp-json\/wp\/v2\/tags?post=387"}],"curies":[{"name":"wp","href":"https:\/\/api.w.org\/{rel}","templated":true}]}}