{"id":556,"date":"2019-10-28T21:31:08","date_gmt":"2019-10-28T21:31:08","guid":{"rendered":"http:\/\/physics.uwb.edu.pl\/wf\/magnet\/?page_id=556"},"modified":"2024-10-05T14:33:19","modified_gmt":"2024-10-05T14:33:19","slug":"wybrane-zrealizowane-projekty","status":"publish","type":"page","link":"https:\/\/physics.uwb.edu.pl\/wf\/magnet\/wybrane-zrealizowane-projekty\/","title":{"rendered":"Wybrane zrealizowane projekty"},"content":{"rendered":"<ul>\n<li><a href=\"https:\/\/www.cost.eu\/actions\/CA17123\/#tabs|Name:management-committee\">COST CA17123<\/a> &#8211; Ultrafast opto-magneto-electronics for non-dissipative information technology (<a href=\"https:\/\/magnetofon.science.ru.nl\/\">MAGNETOFON<\/a>) ( prof. dr hab. <strong><a href=\"https:\/\/physics.uwb.edu.pl\/wf\/magnet\/en\/pracownik\/andrzej-stupakiewicz-2\"> Andrzej Stupakiewicz&nbsp; <\/a><\/strong>&#8211; <span lang=\"EN-US\"><strong>leader tasks from Bialystok<\/strong>) <\/span><\/li>\n<li><a href=\"https:\/\/physics.uwb.edu.pl\/wf\/magnet\/beethoven\/\">BEETHOVEN 2<\/a><br \/>\nDynamika \u015bciany domenowej i w\u0142a\u015bciwo\u015bci magnetycznej tekstury w warstwach magnetycznych z oddzia\u0142ywaniem typu Dzyaloshinskii-Moriya<br \/>\n(NCN ID: <a href=\"https:\/\/projekty.ncn.gov.pl\/index.php?projekt_id=356211\">2016\/23\/G\/ST3\/04196<\/a>)&nbsp; (2018-2021)<br \/>\nKonsorcjum pomi\u0119dzy Instytutem Katalizy i Fizykochemii Powierzchni im. Jerzego Habera Polskiej Akademii Nauk w Krakowie ( <span lang=\"EN-US\">dr Piotr Mazalski&nbsp; <\/span><strong>koordynator<\/strong>) i Wydzia\u0142em Fizyki Uniwersytetu w Bia\u0142ymstoku <span lang=\"EN-US\"> (dr hab. Ryszard Gieniusz, <strong>koordynator zada\u0144 w Bia\u0142ymstoku<\/strong>)<\/span> z Uniwersytetem w Kilonii (Niemcy). Strona polska jest finansowana przez Narodowe Centrum Nauki, strona niemiecka przez German Research Foundation (DFG). Realizacja projektu by\u0142\u0105 wspomagana przez narodowe centrum promieniowania synchrotronowego SOLARIS w Krakowie.https:\/\/physics.uwb.edu.pl\/wf\/magnet\/beethoven\/<\/li>\n<li><a href=\"https:\/\/physics.uwb.edu.pl\/wf\/magnet\/harmonia-8\/\">HARMONIA 8<\/a><br \/>\nDynamika magnetyzacji w mikrodrutach amorficznych<br \/>\n<strong>Kierownik projektu:<\/strong> dr hab. Andrzej Stupakiewicz<br \/>\nNCN ID: <a href=\"https:\/\/projekty.ncn.gov.pl\/index.php?projekt_id=344397\">2016\/22\/M\/ST3\/00471<\/a><span lang=\"EN-US\"><br \/>\n<\/span><\/li>\n<li><a href=\"https:\/\/physics.uwb.edu.pl\/wf\/magnet\/opus-13\/\">OPUS 13 <\/a><br \/>\nUltraszybka dynamika w magnetoplazmonicznych strukturach periodycznych<br \/>\n<strong>Kierownik projektu:<\/strong> dr hab. Andrzej Stupakiewicz<br \/>\nNCN ID: <a href=\"https:\/\/projekty.ncn.gov.pl\/index.php?projekt_id=371764\">2017\/25\/B\/ST3\/01305<\/a><\/li>\n<li><a href=\"https:\/\/physics.uwb.edu.pl\/wf\/magnet\/opus-18\/\">OPUS 18<\/a><br \/>\nSterowane laserowo femtosekundowe pr\u0105dy spinowe dla nier\u00f3wnowagowej ultraszybkiej fotoniki<br \/>\n<strong>Kierownik projektu<\/strong> : dr Ilya Razdolskiy<br \/>\nNCN ID: <a href=\"https:\/\/projekty.ncn.gov.pl\/index.php?projekt_id=470009\">2019\/35\/B\/ST3\/00853<\/a><\/li>\n<li><a href=\"https:\/\/physics.uwb.edu.pl\/wf\/magnet\/seemag\/\">SEEMAG<\/a><br \/>\nProjekt TECHMATSTRATEG finansowany przez Narodowe Centrum Bada\u0144 i Rozwoju<br \/>\n<em>\u201eOpracowanie wysokowydajnej i bezodpadowej technologii wytwarzania nanokompozyt\u00f3w magnetycznie mi\u0119kkich dla wysokocz\u0119stotliwo\u015bciowego przetwarzania du\u017cych mocy\u201d<\/em><br \/>\nProjekt realizowany w <strong>konsorcjum, koordynowany przez Instytut Metali Nie\u017celaznych w Gliwicach <span lang=\"EN-US\"><strong> (prof. dr hab. Marek Kisielewski, <\/strong>koordynator zada\u0144 w Bia\u0142ymstoku<\/span><\/strong><span lang=\"EN-US\">) <\/span><strong><br \/>\n<\/strong><\/li>\n<li><a href=\"https:\/\/physics.uwb.edu.pl\/wf\/magnet\/?page_id=554\">SONATINA<\/a><br \/>\nSyntetyczne antyferromagnetyki z anizotropi\u0105 prostopad\u0142\u0105 oraz oddzia\u0142ywaniem Dzyaloshinskii-Moriya<br \/>\n<strong>Kierownik projektu:<\/strong> dr Micha\u0142 Matczak<br \/>\nNCN ID: <a href=\"https:\/\/projekty.ncn.gov.pl\/index.php?projekt_id=401337\">2018\/28\/C\/ST5\/00308<\/a><\/li>\n<li><a href=\"http:\/\/team.uwb.edu.pl\">TEAM-UWB <\/a><\/li>\n<li>National Centrum of Nanophysics and Spintronics \u2013 SPINLAB: (od 2013) <a href=\"http:\/\/physics.uwb.edu.pl\/wf\/magnet\/centrum-spinlab\/\">CENTRUM <img decoding=\"async\" src=\"http:\/\/physics.uwb.edu.pl\/zfmag\/img\/logospinlab1.png\" alt=\"Centrum SPINLAB\" height=\"35\" align=\"absmiddle\" border=\"0\" hspace=\"5\" vspace=\"5\"><\/a><\/li>\n<li><span style=\"font-size: 12pt;\">&nbsp;Statics and dynamics of magnonic and magnetophotonic crystals \u2013 SYMPHONY (2012 -2015):<\/span>&nbsp; <a href=\"http:\/\/physics.uwb.edu.pl\/zfmag\/TEAM\/\" target=\"_blank\" rel=\"noopener noreferrer\"><span id=\"blink1\" style=\"color: blue; font-size: x-large;\"><b>TEAM <\/b><\/span><\/a>&nbsp;<a href=\"http:\/\/physics.uwb.edu.pl\/zfmag\/TEAM\/\" target=\"_blank\" rel=\"noopener noreferrer\"><img decoding=\"async\" class=\"\" src=\"http:\/\/physics.uwb.edu.pl\/zfmag\/TEAM\/img\/ifpan_logo.png\" alt=\"TEAM UwB\" width=\"35\" height=\"47\" align=\"absmiddle\" border=\"0\"> <img decoding=\"async\" class=\"\" src=\"http:\/\/physics.uwb.edu.pl\/zfmag\/TEAM\/img\/FNP_en.png\" alt=\"TEAM UwB\" width=\"117\" height=\"65\" align=\"absmiddle\" border=\"0\"> <img decoding=\"async\" src=\"http:\/\/physics.uwb.edu.pl\/zfmag\/TEAM\/img\/logo_uwb_s.png\" alt=\"TEAM UwB\" height=\"35\" align=\"absmiddle\" border=\"0\"><\/a><br \/>\n<span lang=\"EN-US\"><strong>Koordynator:<\/strong> prof dr hab. Andrzej Maziewski <\/span><\/li>\n<li><span style=\"font-size: 12pt;\"><span style=\"font-size: 12pt;\">Harmonia 3 (NCN ID: <a href=\"https:\/\/projekty.ncn.gov.pl\/index.php?projekt_id=193348\">2012\/06\/M\/ST3\/00475<\/a>) Modyfikacja magnetycznych w\u0142a\u015bciwo\u015bci ultracienkich struktur z wykorzystaniem promieniowania elektromagnetycznego w szerokim zakresie spektralnym (2013-2017 ).<\/span><\/span>Projekt realizowane przez konsorcjum UwB &nbsp;(<strong>koordynator<\/strong> prof. dr hab. Maziewski) i IFPAN&nbsp; (koordynator zada\u0144 IFPAN dr hab. M.Tekielak, prof. UwB)<span style=\"font-size: 12pt;\"><a href=\"http:\/\/physics.uwb.edu.pl\/wf\/magnet\/harmonia-tiger\/\"> HARMONIA-TIGER<\/a><\/span><\/li>\n<li>ARTMAG &#8211; &#8222;Nanostruktury magnetyczne do zastosowania w elektronice spinowej&#8221; (2007-2013)<a href=\"http:\/\/www.artmag.agh.edu.pl\/\" target=\"_blank\" rel=\"noopener noreferrer\"><img decoding=\"async\" src=\"http:\/\/physics.uwb.edu.pl\/zfmag\/img\/Artmag.png\" alt=\"Artmag\" height=\"35\" align=\"absmiddle\" border=\"0\" hspace=\"5\" vspace=\"5\">Artmag<\/a><\/li>\n<li><span style=\"font-size: 12pt;\">Femtosecond opto-magnetism and novel approaches to ultrafast magnetismat the nanoscale (2008-2012)<\/span> <a href=\" http:\/\/physics.uwb.edu.pl\/wf\/magnet\/fantomas\/\"><img decoding=\"async\" class=\"alignnone\" src=\"http:\/\/physics.uwb.edu.pl\/zfmag\/img\/Fantomas.png\" alt=\"Fantomas\" width=\"138\" height=\"25\" align=\"absmiddle\" border=\"0\" hspace=\"5\" vspace=\"5\"><\/a><br \/>\n<span lang=\"EN-US\"><strong>koordynator zada\u0144 w Bia\u0142ymstoku:<\/strong> prof dr hab. Andrzej Maziewski <\/span><\/li>\n<li>Sixth Framework Programme of the EU Marie Curie Action, TRANSFER OF KNOWLEDGE, &#8222;Combined study of nanostructured magnetic materials&#8221; (<strong>2004-2009)<\/strong> <a href=\"http:\/\/physics.uwb.edu.pl\/zfmag\/tok\/\" target=\"_blank\" rel=\"noopener noreferrer\"><img loading=\"lazy\" decoding=\"async\" class=\"\" src=\"http:\/\/physics.uwb.edu.pl\/zfmag\/tok\/logo_tok.gif\" alt=\"NANOMAG-LAB HOME\" width=\"72\" height=\"69\" align=\"absmiddle\" border=\"0\" hspace=\"5\" vspace=\"5\">NANOMAG-LAB<\/a><br \/>\n<span lang=\"EN-US\"><strong>Koordynator:<\/strong> prof dr hab. Andrzej Maziewski <\/span><\/li>\n<\/ul>\n<h4>POLONIUM<\/h4>\n<p>Badania reorientacji spinowej w nanostrukturach Co na\u015bwietlonych jonami Ga+, 2012-2013 Ministerstwo Nauki i Szkolnictwa Wy\u017cszego MNiSW-DPD-WWM-183-8565-1\/MBA\/12<\/p>\n<h4>PRELUDIUM<\/h4>\n<p>Badanie magnetycznych przej\u015b\u0107 fazowych indukowanych przez na\u015bwietlanie jonami Ga w nanostrukturach Pt\/Co\/Pt; 2012-2013 Narodowe Centrum Nauki Nr DEC-2011\/03\/N\/ST3\/02408 z dnia 2012-06-20 PM<\/p>\n<h4><strong>Opus 7<\/strong><\/h4>\n<p>Wp\u0142yw struktury i domieszkowania wielowarstwowych uk\u0142ad\u00f3w ferromagnetyk \/ wczesny metal przej\u015bciowy na ich w\u0142a\u015bciwo\u015bci magnetostatyczne i magnetotransportowe<br \/>\nNCN ID: <a href=\"https:\/\/projekty.ncn.gov.pl\/index.php?projekt_id=258865\">2014\/13\/B\/ST5\/01834<\/a><br \/>\nProjekt realizowane przez konsorcjum IFPAN (koordynator prof. dr hab. A.Wawro) i UwB (koordynator zada\u0144 UwB dr hab. M.Tekielak, prof. UwB)<\/p>\n<h4>INNE<\/h4>\n<p>Kilkana\u015bcie projekt\u00f3w badawczych realizowanych w Bia\u0142ymstoku od ko\u0144ca lat siedemdziesi\u0105tych do lat 90 &#8211; PR-3, CPBP, CPBR, KBN, MNiSW. Kilkana\u015bcie grant\u00f3w aparaturowych, trzy granty promotorskie.<\/p>\n<h4>ZFM bra\u0142 udzia\u0142 w dzia\u0142alno\u015bci sieci:<\/h4>\n<p>NANOMATERIA\u0141Y MAGNETYCZNE, (2003-2006)<br \/>\nNowe materia\u0142y dla magnetoelektroniki Mag-El-Mat, (2003-2008)<\/p>\n<p><strong>Projekty mi\u0119dzynarodowe<\/strong><\/p>\n<ul>\n<li>\u201eDetection of Plasma Clusters with Thin Magnetic Films &#8211; Technical Feasibility Study\u201d projekt finansowany przez European Office of Aerospace Research and Development;<\/li>\n<li>\u201eMagnetic Properties of Novel Ultrathin Films\u201d &#8211; projekt finansowany przez Uni\u0119 Europejsk\u0105 (Human Capital Mobility);<\/li>\n<li>\u201eNanomagnetism and Growth Processes on Vicinal Surfaces\u201d NANOMAG &#8211; projekt ESF Scientific Programme;<\/li>\n<li>bilateralna umowa z Niemcami DAAD-MNiSW (2009-2010) \u201eIon-induced spin-reorientation-transition in thin Pt\/Co\/Pt trilayers\u201d.<\/li>\n<\/ul>\n","protected":false},"excerpt":{"rendered":"<p>COST CA17123 &#8211; Ultrafast opto-magneto-electronics for non-dissipative information technology (MAGNETOFON) ( prof. dr hab. Andrzej Stupakiewicz&nbsp; &#8211; leader tasks from Bialystok) BEETHOVEN 2 Dynamika \u015bciany domenowej i w\u0142a\u015bciwo\u015bci magnetycznej tekstury w warstwach magnetycznych z oddzia\u0142ywaniem typu Dzyaloshinskii-Moriya (NCN ID: 2016\/23\/G\/ST3\/04196)&nbsp; (2018-2021) Konsorcjum pomi\u0119dzy Instytutem Katalizy i Fizykochemii Powierzchni im. Jerzego Habera Polskiej Akademii Nauk w &hellip; <a href=\"https:\/\/physics.uwb.edu.pl\/wf\/magnet\/wybrane-zrealizowane-projekty\/\" class=\"more-link\">Czytaj dalej <span class=\"screen-reader-text\">Wybrane zrealizowane projekty<\/span> <span class=\"meta-nav\">&rarr;<\/span><\/a><\/p>\n","protected":false},"author":2,"featured_media":0,"parent":0,"menu_order":0,"comment_status":"closed","ping_status":"closed","template":"","meta":{"_acf_changed":false,"ngg_post_thumbnail":0,"footnotes":""},"categories":[],"tags":[],"class_list":["post-556","page","type-page","status-publish","hentry"],"acf":[],"_links":{"self":[{"href":"https:\/\/physics.uwb.edu.pl\/wf\/magnet\/wp-json\/wp\/v2\/pages\/556","targetHints":{"allow":["GET"]}}],"collection":[{"href":"https:\/\/physics.uwb.edu.pl\/wf\/magnet\/wp-json\/wp\/v2\/pages"}],"about":[{"href":"https:\/\/physics.uwb.edu.pl\/wf\/magnet\/wp-json\/wp\/v2\/types\/page"}],"author":[{"embeddable":true,"href":"https:\/\/physics.uwb.edu.pl\/wf\/magnet\/wp-json\/wp\/v2\/users\/2"}],"replies":[{"embeddable":true,"href":"https:\/\/physics.uwb.edu.pl\/wf\/magnet\/wp-json\/wp\/v2\/comments?post=556"}],"version-history":[{"count":32,"href":"https:\/\/physics.uwb.edu.pl\/wf\/magnet\/wp-json\/wp\/v2\/pages\/556\/revisions"}],"predecessor-version":[{"id":1015,"href":"https:\/\/physics.uwb.edu.pl\/wf\/magnet\/wp-json\/wp\/v2\/pages\/556\/revisions\/1015"}],"wp:attachment":[{"href":"https:\/\/physics.uwb.edu.pl\/wf\/magnet\/wp-json\/wp\/v2\/media?parent=556"}],"wp:term":[{"taxonomy":"category","embeddable":true,"href":"https:\/\/physics.uwb.edu.pl\/wf\/magnet\/wp-json\/wp\/v2\/categories?post=556"},{"taxonomy":"post_tag","embeddable":true,"href":"https:\/\/physics.uwb.edu.pl\/wf\/magnet\/wp-json\/wp\/v2\/tags?post=556"}],"curies":[{"name":"wp","href":"https:\/\/api.w.org\/{rel}","templated":true}]}}