{"id":64,"date":"2017-12-29T13:16:05","date_gmt":"2017-12-29T13:16:05","guid":{"rendered":"http:\/\/physics.uwb.edu.pl\/wf\/magnet\/?page_id=64"},"modified":"2026-02-27T12:20:13","modified_gmt":"2026-02-27T12:20:13","slug":"kontakt-2","status":"publish","type":"page","link":"https:\/\/physics.uwb.edu.pl\/wf\/magnet\/en\/kontakt-2\/","title":{"rendered":"Contact"},"content":{"rendered":"\t\t<div data-elementor-type=\"wp-page\" data-elementor-id=\"64\" class=\"elementor elementor-64\">\n\t\t\t\t<div class=\"elementor-element elementor-element-4d272bb e-flex e-con-boxed e-con e-parent\" data-id=\"4d272bb\" data-element_type=\"container\" data-e-type=\"container\">\n\t\t\t\t\t<div class=\"e-con-inner\">\n\t\t<div class=\"elementor-element elementor-element-d875a21 e-con-full e-flex e-con e-child\" data-id=\"d875a21\" data-element_type=\"container\" data-e-type=\"container\">\n\t\t\t\t<div class=\"elementor-element elementor-element-78e2bf9 elementor-widget elementor-widget-text-editor\" data-id=\"78e2bf9\" data-element_type=\"widget\" data-e-type=\"widget\" data-widget_type=\"text-editor.default\">\n\t\t\t\t<div class=\"elementor-widget-container\">\n\t\t\t\t\t\t\t\t\t<div id=\"pl-64\" class=\"panel-layout\"><div id=\"pg-64-0\" class=\"panel-grid panel-no-style\" data-style=\"{&quot;background_display&quot;:&quot;tile&quot;,&quot;full_height&quot;:&quot;&quot;,&quot;cell_alignment&quot;:&quot;flex-start&quot;}\"><div id=\"pgc-64-0-0\" class=\"panel-grid-cell\" data-weight=\"0.5\"><div id=\"panel-64-0-0-0\" class=\"so-panel widget widget_sow-editor panel-first-child panel-last-child\" data-index=\"0\" data-style=\"{&quot;background_image_attachment&quot;:false,&quot;background_display&quot;:&quot;tile&quot;,&quot;background_image_size&quot;:&quot;full&quot;,&quot;background_image_opacity&quot;:&quot;100&quot;,&quot;border_thickness&quot;:&quot;1px&quot;,&quot;animation_offset&quot;:&quot;10&quot;,&quot;animation_iteration&quot;:&quot;1&quot;,&quot;iw-visible-screen&quot;:&quot;iw-all&quot;,&quot;iw-visible-layout&quot;:&quot;iw-all&quot;}\"><div class=\"so-widget-sow-editor so-widget-sow-editor-base\"><div class=\"siteorigin-widget-tinymce textwidget\"><h3 align=\"left\">Department of Physics of Magnetism<\/h3><div align=\"left\"><p><b>Address:<\/b><br \/><b><i>Department of Physics of Magnetism<\/i><\/b><br \/><a style=\"color: blue;\" href=\"http:\/\/fizyka.uwb.edu.pl\/\"> Faculty of Physics <\/a><br \/><a style=\"color: blue;\" href=\"http:\/\/www.uwb.edu.pl\"> University of Bia\u0142ystok <\/a><br \/>1L Konstantego Cio\u0142kowskiego str.<br \/>15-245 Bia\u0142ystok, Poland<\/p><p>tel 048-85-7457229<br \/>fax 048-85-7457223<br \/><a style=\"color: blue;\" href=\"http:\/\/magnet.uwb.edu.pl\">http:\/\/magnet.uwb.edu.pl<\/a><br \/>E-mail: <a style=\"color: blue;\" href=\"mailto: magnet@uwb.edu.pl\">magnet@uwb.edu.pl<\/a><\/p><div align=\"left\"><p><a style=\"color: blue;\" href=\"http:\/\/bialystok.jakdojade.pl\/?fn=53%C2%B08%277%22%2C+23%C2%B08%2714%22&amp;fc=53.1355:23.13742&amp;tn=53%C2%B06%2731%22%2C+23%C2%B09%2713%22&amp;tc=53.10863:23.15373&amp;ia=false&amp;t=0&amp;n=0&amp;ri=0&amp;cid=11000&amp;as=true&amp;locale=en#tabId=0&amp;\"> <b>City bus service<\/b> <\/a><\/p><p>QRcode\u00a0 address data:<\/p><p><img fetchpriority=\"high\" decoding=\"async\" class=\"alignnone size-full wp-image-102\" src=\"http:\/\/physics.uwb.edu.pl\/wf\/magnet\/wp-content\/uploads\/sites\/16\/2018\/01\/manet-qrcode.gif\" alt=\"\" width=\"240\" height=\"240\" \/><\/p><\/div><\/div><\/div><\/div><\/div><\/div><div id=\"pgc-64-0-1\" class=\"panel-grid-cell\" data-weight=\"0.5\"><div id=\"panel-64-0-1-0\" class=\"so-panel widget widget_mla-text-widget mla_text_widget panel-first-child panel-last-child\" data-index=\"1\" data-style=\"{&quot;background_image_attachment&quot;:false,&quot;background_display&quot;:&quot;tile&quot;,&quot;background_image_size&quot;:&quot;full&quot;,&quot;background_image_opacity&quot;:&quot;100&quot;,&quot;border_thickness&quot;:&quot;1px&quot;,&quot;animation_offset&quot;:&quot;10&quot;,&quot;animation_iteration&quot;:&quot;1&quot;,&quot;iw-visible-screen&quot;:&quot;iw-all&quot;,&quot;iw-visible-layout&quot;:&quot;iw-all&quot;}\"><p>[siteorigin_widget class=&#8221;MLATextWidget&#8221;][\/siteorigin_widget]<\/p><\/div><\/div><\/div><\/div><div id=\"simple-translate\" class=\"simple-translate-system-theme\"><div><div class=\"simple-translate-button isShow\" style=\"background-image: url('moz-extension:\/\/1009a102-4631-408e-9e4b-ef44ff1de286\/icons\/512.png'); height: 22px; width: 22px; top: 113px; left: 8px;\">\u00a0<\/div><div class=\"simple-translate-panel \" style=\"width: 300px; height: 200px; top: 0px; left: 0px; font-size: 13px;\"><div class=\"simple-translate-result-wrapper\" style=\"overflow: hidden;\"><div class=\"simple-translate-move\" draggable=\"true\">\u00a0<\/div><div class=\"simple-translate-result-contents\"><p class=\"simple-translate-candidate\" dir=\"auto\">\u00a0<\/p><\/div><\/div><\/div><\/div><\/div>\t\t\t\t\t\t\t\t<\/div>\n\t\t\t\t<\/div>\n\t\t\t\t<\/div>\n\t\t<div class=\"elementor-element elementor-element-3701a26 e-con-full e-flex e-con e-child\" data-id=\"3701a26\" data-element_type=\"container\" data-e-type=\"container\">\n\t\t\t\t<div class=\"elementor-element elementor-element-7c16cf4 elementor-widget elementor-widget-html\" data-id=\"7c16cf4\" data-element_type=\"widget\" data-e-type=\"widget\" data-widget_type=\"html.default\">\n\t\t\t\t<div class=\"elementor-widget-container\">\n\t\t\t\t\t<div style=\"width: 100%\"><iframe width=\"100%\" height=\"600\" src=\"https:\/\/maps.google.com\/maps?lang=en&width=100%&amp;height=600&amp;hl=pl&amp;coord=53.108366, 23.154266&amp;q=+(Kampus%20Uniwersytetu%20w%20Bia%C5%82ymstoku)&amp;ie=UTF8&amp;t=&amp;z=17&amp;iwloc=A&amp;output=embed\" frameborder=\"0\" scrolling=\"no\" marginheight=\"0\" marginwidth=\"0\"><a href=\"https:\/\/www.maps.ie\/map-my-route\/\">Map a route<\/a><\/iframe><\/div>\t\t\t\t<\/div>\n\t\t\t\t<\/div>\n\t\t\t\t<\/div>\n\t\t\t\t\t<\/div>\n\t\t\t\t<\/div>\n\t\t\t\t<\/div>\n\t\t","protected":false},"excerpt":{"rendered":"<p>Department of Physics of Magnetism Address:Department of Physics of Magnetism Faculty of Physics University of Bia\u0142ystok 1L Konstantego Cio\u0142kowskiego str.15-245 Bia\u0142ystok, Poland tel 048-85-7457229fax 048-85-7457223http:\/\/magnet.uwb.edu.plE-mail: magnet@uwb.edu.pl City bus service QRcode\u00a0 address data: [siteorigin_widget][\/siteorigin_widget] \u00a0\u00a0 \u00a0 Map a route<\/p>\n","protected":false},"author":2,"featured_media":0,"parent":0,"menu_order":0,"comment_status":"closed","ping_status":"closed","template":"","meta":{"_acf_changed":false,"ngg_post_thumbnail":0,"footnotes":""},"categories":[],"tags":[],"class_list":["post-64","page","type-page","status-publish","hentry"],"acf":[],"_links":{"self":[{"href":"https:\/\/physics.uwb.edu.pl\/wf\/magnet\/wp-json\/wp\/v2\/pages\/64","targetHints":{"allow":["GET"]}}],"collection":[{"href":"https:\/\/physics.uwb.edu.pl\/wf\/magnet\/wp-json\/wp\/v2\/pages"}],"about":[{"href":"https:\/\/physics.uwb.edu.pl\/wf\/magnet\/wp-json\/wp\/v2\/types\/page"}],"author":[{"embeddable":true,"href":"https:\/\/physics.uwb.edu.pl\/wf\/magnet\/wp-json\/wp\/v2\/users\/2"}],"replies":[{"embeddable":true,"href":"https:\/\/physics.uwb.edu.pl\/wf\/magnet\/wp-json\/wp\/v2\/comments?post=64"}],"version-history":[{"count":25,"href":"https:\/\/physics.uwb.edu.pl\/wf\/magnet\/wp-json\/wp\/v2\/pages\/64\/revisions"}],"predecessor-version":[{"id":1039,"href":"https:\/\/physics.uwb.edu.pl\/wf\/magnet\/wp-json\/wp\/v2\/pages\/64\/revisions\/1039"}],"wp:attachment":[{"href":"https:\/\/physics.uwb.edu.pl\/wf\/magnet\/wp-json\/wp\/v2\/media?parent=64"}],"wp:term":[{"taxonomy":"category","embeddable":true,"href":"https:\/\/physics.uwb.edu.pl\/wf\/magnet\/wp-json\/wp\/v2\/categories?post=64"},{"taxonomy":"post_tag","embeddable":true,"href":"https:\/\/physics.uwb.edu.pl\/wf\/magnet\/wp-json\/wp\/v2\/tags?post=64"}],"curies":[{"name":"wp","href":"https:\/\/api.w.org\/{rel}","templated":true}]}}