{"id":767,"date":"2021-04-14T10:27:18","date_gmt":"2021-04-14T10:27:18","guid":{"rendered":"https:\/\/physics.uwb.edu.pl\/wf\/magnet\/?page_id=767"},"modified":"2021-04-14T10:27:18","modified_gmt":"2021-04-14T10:27:18","slug":"opus-13","status":"publish","type":"page","link":"https:\/\/physics.uwb.edu.pl\/wf\/magnet\/opus-13\/","title":{"rendered":"OPUS 13"},"content":{"rendered":"<h2>Ultraszybka dynamika w magnetoplazmonicznych strukturach periodycznych<\/h2>\n<div class=\"clearboth\">Kierownik projektu: dr hab. Andrzej Stupakiewicz<\/div>\n<p class=\"row2\">NCN ID: <a href=\"https:\/\/projekty.ncn.gov.pl\/index.php?projekt_id=371764\">2017\/25\/B\/ST3\/01305<\/a><\/p>\n<p>Magnetoplazmonika, kt\u00f3ra jest stosunkowo m\u0142odym obszarem bada\u0144 w nanofotonice, otwiera fascynuj\u0105ce<br \/>\nperspektywy nowych mo\u017cliwo\u015bci bardziej efektywnego kontrolowania oddzia\u0142ywania \u015bwiat\u0142a z materi\u0105, w<br \/>\nspos\u00f3b nieinwazyjny, z du\u017c\u0105 szybko\u015bci\u0105 prze\u0142\u0105czania. Pomimo szeregu obserwacji eksperymentalnych w<br \/>\nmagnetoplazmonice, nadal brakuje zrozumienia podstawowych proces\u00f3w fizycznych \u0142\u0105cz\u0105cych obszary<br \/>\nwiedzy w zakresie fizyki magnetyzmu i fotoniki. W celu uzyskania lepszego zrozumienia tych zjawisk,<br \/>\nszczeg\u00f3lnie interesuj\u0105cym b\u0119dzie przeprowadzenie bada\u0144 ultraszybkiej dynamiki z czasow\u0105 rozdzielczo\u015bci\u0105<br \/>\nw zakresie femto- i pikosekundowym. Co wi\u0119cej, badania te pozwol\u0105 zweryfikowa\u0107 hipotez\u0119 obecno\u015bci<br \/>\nkorelacji proces\u00f3w zwi\u0105zanych ze wzbudzeniem plazmon\u00f3w powierzchniowych oraz precesji magnetyzacji,<br \/>\neksponuj\u0105c w ten spos\u00f3b istotn\u0105 rol\u0119 oddzia\u0142ywania magnetoplazmonicznego.<br \/>\nNiniejszy projekt ma na celu zbadanie dynamiki wzbudzenia plazmon\u00f3w powierzchniowych w hybrydowych<br \/>\nmagnetoplazmonicznych strukturach periodycznych, opartych na metalach i magnetycznych dielektrykach, w<br \/>\nfemtosekundowej skali czasowej. Rola oddzia\u0142ywania magnetoplazmonicznego szczeg\u00f3lnie b\u0119dzie istotna ze<br \/>\nwzgl\u0119du na wzbudzenia zar\u00f3wno magnetoplazmoniczne, jak i optomagnetyczne. Efektem tych wzbudze\u0144<br \/>\nb\u0119dzie wzmocnienie amplitudy ultraszybkiej dynamiki magnesowania podczas generowania plazmon\u00f3w<br \/>\npowierzchniowych, jak r\u00f3wnie\u017c, zwi\u0119kszenia efektywno\u015bci wzbudzenia plazmon\u00f3w przy wykorzystaniu<br \/>\nefekt\u00f3w optomagnetycznych. Kluczowym punktem b\u0119dzie rozseparowanie wk\u0142ad\u00f3w w dynamice<br \/>\nniemagnetycznych i magnetycznych plazmon\u00f3w powierzchniowych przy wykorzystaniu optycznych i<br \/>\nmagnetooptycznych technik liniowych i nieliniowych. Dodatkowo b\u0119dzie opracowany model teoretyczny,<br \/>\nopisuj\u0105cy ultraszybk\u0105 dynamik\u0119 w periodycznych strukturach magnetoplazmonicznych.<br \/>\nW ramach realizacji projektu b\u0119d\u0105 wykonane badania czasowo-rozdzielcze magnetooptycznego efektu Kerra<br \/>\ni Faradaya w warunkach resonansu plazmonowo-polarytonowego. Tak\u017ce planowane jest przeprowadzenie<br \/>\nbada\u0144 dynamiki wzbudzenia plazmon\u00f3w powierzchniowych przy indukowaniu w warstwie dielektryku<br \/>\nodwrotnego efektu Faradaya oraz efektu fotomagnetycznego. Analiza wynik\u00f3w eksperymentalnych b\u0119dzie<br \/>\nwykonana w oparciu o wyniki teoretycznego modelowania proces\u00f3w dynamicznych. Badania z<br \/>\nzastosowaniem nieliniowych technik optycznych z czasow\u0105 rozdzielczo\u015bci\u0105 pozwol\u0105 tak\u017ce wyznaczy\u0107 rol\u0119<br \/>\nposzczeg\u00f3lnych interfejs\u00f3w w dynamice wzbudze\u0144 plazmon\u00f3w powierzchniowych.<\/p>\n<p><a href=\"https:\/\/projekty.ncn.gov.pl\/index.php?projekt_id=371764\">Informacja&nbsp; o projekcie na stronach NCN<\/a><\/p>\n","protected":false},"excerpt":{"rendered":"<p>Ultraszybka dynamika w magnetoplazmonicznych strukturach periodycznych Kierownik projektu: dr hab. Andrzej Stupakiewicz NCN ID: 2017\/25\/B\/ST3\/01305 Magnetoplazmonika, kt\u00f3ra jest stosunkowo m\u0142odym obszarem bada\u0144 w nanofotonice, otwiera fascynuj\u0105ce perspektywy nowych mo\u017cliwo\u015bci bardziej efektywnego kontrolowania oddzia\u0142ywania \u015bwiat\u0142a z materi\u0105, w spos\u00f3b nieinwazyjny, z du\u017c\u0105 szybko\u015bci\u0105 prze\u0142\u0105czania. Pomimo szeregu obserwacji eksperymentalnych w magnetoplazmonice, nadal brakuje zrozumienia podstawowych proces\u00f3w fizycznych &hellip; <a href=\"https:\/\/physics.uwb.edu.pl\/wf\/magnet\/opus-13\/\" class=\"more-link\">Czytaj dalej <span class=\"screen-reader-text\">OPUS 13<\/span> <span class=\"meta-nav\">&rarr;<\/span><\/a><\/p>\n","protected":false},"author":2,"featured_media":0,"parent":0,"menu_order":0,"comment_status":"closed","ping_status":"closed","template":"","meta":{"_acf_changed":false,"ngg_post_thumbnail":0,"footnotes":""},"categories":[],"tags":[],"class_list":["post-767","page","type-page","status-publish","hentry"],"acf":[],"_links":{"self":[{"href":"https:\/\/physics.uwb.edu.pl\/wf\/magnet\/wp-json\/wp\/v2\/pages\/767","targetHints":{"allow":["GET"]}}],"collection":[{"href":"https:\/\/physics.uwb.edu.pl\/wf\/magnet\/wp-json\/wp\/v2\/pages"}],"about":[{"href":"https:\/\/physics.uwb.edu.pl\/wf\/magnet\/wp-json\/wp\/v2\/types\/page"}],"author":[{"embeddable":true,"href":"https:\/\/physics.uwb.edu.pl\/wf\/magnet\/wp-json\/wp\/v2\/users\/2"}],"replies":[{"embeddable":true,"href":"https:\/\/physics.uwb.edu.pl\/wf\/magnet\/wp-json\/wp\/v2\/comments?post=767"}],"version-history":[{"count":1,"href":"https:\/\/physics.uwb.edu.pl\/wf\/magnet\/wp-json\/wp\/v2\/pages\/767\/revisions"}],"predecessor-version":[{"id":768,"href":"https:\/\/physics.uwb.edu.pl\/wf\/magnet\/wp-json\/wp\/v2\/pages\/767\/revisions\/768"}],"wp:attachment":[{"href":"https:\/\/physics.uwb.edu.pl\/wf\/magnet\/wp-json\/wp\/v2\/media?parent=767"}],"wp:term":[{"taxonomy":"category","embeddable":true,"href":"https:\/\/physics.uwb.edu.pl\/wf\/magnet\/wp-json\/wp\/v2\/categories?post=767"},{"taxonomy":"post_tag","embeddable":true,"href":"https:\/\/physics.uwb.edu.pl\/wf\/magnet\/wp-json\/wp\/v2\/tags?post=767"}],"curies":[{"name":"wp","href":"https:\/\/api.w.org\/{rel}","templated":true}]}}