{"id":81,"date":"2018-01-02T11:16:17","date_gmt":"2018-01-02T11:16:17","guid":{"rendered":"http:\/\/physics.uwb.edu.pl\/wf\/magnet\/?page_id=81"},"modified":"2018-01-02T13:36:46","modified_gmt":"2018-01-02T13:36:46","slug":"historia","status":"publish","type":"page","link":"https:\/\/physics.uwb.edu.pl\/wf\/magnet\/historia\/","title":{"rendered":"Historia"},"content":{"rendered":"<p>Historia bada\u0144 magnetyk\u00f3w w Bia\u0142ymstoku si\u0119ga drugiej po\u0142owy lat 70, kiedy to prof. A. Maziewski zainicjowa\u0142 we wsp\u00f3\u0142pracy z grup\u0105 student\u00f3w i przy poparciu \u00f3wczesnego kierownika Zak\u0142adu Fizyki Filii UW doc. dra hab. Jana S. Brzosko, dzia\u0142alno\u015b\u0107 Pracowni Magnetyk\u00f3w. W 1993 roku Pracownia Magnetyk\u00f3w zosta\u0142a przekszta\u0142cona w Zak\u0142ad Fizyki Magnetyk\u00f3w. W tym okresie zainteresowania m\u0142odego zespo\u0142u skupia\u0142y si\u0119 wok\u00f3\u0142 bada\u0144 statycznych i dynamicznych w\u0142a\u015bciwo\u015bci magnetycznych cienkich warstw oraz oddzia\u0142ywania mikrofal z tymi warstwami. W badaniach rozwijano r\u00f3\u017cnorodne metody magnetooptyczne oraz wykorzystywano metody rezonansowe (FMR). Rozw\u00f3j zespo\u0142u by\u0142 mo\u017cliwy dzi\u0119ki istotnemu wsparciu ze strony Instytutu Fizyki Polskiej Akademii Nauk w Warszawie, gdzie m.in. trzy osoby odby\u0142y sta\u017c naukowy, sze\u015b\u0107 os\u00f3b uzyska\u0142o stopie\u0144 doktora, trzy osoby uzyska\u0142y stopie\u0144 doktora habilitowanego i jedna osoba tytu\u0142 profesora. Szczeg\u00f3ln\u0105 \u017cyczliwo\u015b\u0107 i pomoc okazali zw\u0142aszcza prof. dr hab. Henryk Szymczak i prof. dr hab. Ritta Szymczak z IF PAN, kt\u00f3rzy byli promotorami czterech rozpraw doktorskich przygotowanych przez m\u0142odych naukowc\u00f3w z bia\u0142ostockiego zespo\u0142u magnetyk\u00f3w.<\/p>\n<p>Od pocz\u0105tku lat dziewi\u0119\u0107dziesi\u0105tych w ZFM prowadzone by\u0142y, przy wsp\u00f3\u0142pracy z zespo\u0142em prof. J.Ferre z Orsay (Pary\u017c, Francja), badania uporz\u0105dkowania magnetycznego ultracienkich metalicznych warstw magnetycznych.<\/p>\n<p>Przy\u015bpieszenie w rozwoju bada\u0144 magnetycznych nanostruktur nast\u0105pi\u0142o w latach 2004-2009), w kt\u00f3rych ZFM koordynowa\u0142 realizacj\u0105 projektu <a href=\"http:\/\/physics.uwb.edu.pl\/zfmag\/tok\/\" target=\"_blank\" rel=\"noopener\"><b>NANOMAG-LAB <img decoding=\"async\" src=\"http:\/\/physics.uwb.edu.pl\/zfmag\/tok\/logo_tok.gif\" alt=\"NANOMAG-LAB HOME\" width=\"25\" border=\"0\"><\/b><\/a> <i><b>&#8222;Combined study of nanostructured magnetic materials&#8221;<\/b><\/i>. Wyniki realizacji projektu to m.in. transfer wiedzy dotycz\u0105cej kompleksowych bada\u0144 magnetycznych nanostruktur, 78 opublikowanych prac w czasopismach naukowych o zasi\u0119gu mi\u0119dzynarodowym, 139 prezentacji na krajowych i mi\u0119dzynarodowych konferencjach naukowych w tym osiem referat\u00f3w \u201einvited\u201d. Podj\u0119to badania mo\u017cliwo\u015bci r\u00f3\u017cnorodnej magnetycznej strukturyzacji ultracienkich warstw. W wybranych ustrukturyzowanych wastwach badane s\u0105 statyczne i dynamiczne w\u0142a\u015bciwo\u015bci magnetyczne, oraz magnetooptyczne.<\/p>\n<p>Rozw\u00f3j bazy aparaturowego ZFM wspomagany by\u0142 kilkunastoma grantami aparaturowymi, szczeg\u00f3lnie istotny jest rozw\u00f3j zwi\u0105zany z realizacj\u0105 projektu <i><b>&#8222;Krajowego Centrum Nanostruktur Magnetycznych do Zastosowa\u0144 w Elektronice Spinowej&#8221;<\/b><\/i> \u2013 <a href=\"http:\/\/spinlab.uwb.edu.pl\/\" target=\"_blank\" rel=\"noopener\"><b>SPINLAB<\/b><\/a> PO IG 2.2.SPINLAB. W procesie rozwoju bazy aparaturowej wa\u017cnymi etapami by\u0142o utworzenie:<\/p>\n<ol>\n<li><a href=\"http:\/\/physics.uwb.edu.pl\/wf\/magnet\/aparatura\/uklady-mikroskopow-ze-skanujaca-sonda\/\">Laboratorium mikroskopii skaningowej STM\/AFM\/MFM<\/a> <a href=\"http:\/\/physics.uwb.edu.pl\/zfmag\/otwarcie_spm.php\" target=\"_blank\" rel=\"noopener\">(otwarcie 2006)<\/a><\/li>\n<li><a href=\"http:\/\/physics.uwb.edu.pl\/wf\/magnet\/aparatura\/magnetooptyczne-laboratorium-bazujace-na-laserach-femtosekundowych\/\">Laboratorium magnetooptycznego z laserami femtosekundowymi<\/a> <a href=\"http:\/\/physics.uwb.edu.pl\/zfmag\/wwwfemto\/otwarcie2.htm\" target=\"_blank\" rel=\"noopener\">(otwarcie 2008)<\/a><\/li>\n<li><a href=\"http:\/\/physics.uwb.edu.pl\/wf\/magnet\/aparatura\/spektrometr-rozpraszania-swiatla-brillouina-z-rozdzielczoscia-czasowa-i-przestrzenna\/\">Laboratorium spektrometri nieelastycznego rozpraszania \u015bwiat\u0142a Brillouina (BLS) z rozdzielczo\u015bci\u0105 czasow\u0105 i przestrzenn\u0105 (2011).<\/a><\/li>\n<\/ol>\n<p>Pojawi\u0142y si\u0119 w ZFM nowe unikatowe mo\u017cliwo\u015bci bada\u0144 a zw\u0142aszcza w zakresie dynamiki szybkich i ultraszybkich proces\u00f3w magnesowania z rozdzielczo\u015bci\u0105 przestrzenn\u0105. Badania te realizowane s\u0105 cz\u0119\u015bciowo w ramach projektu MC ITN FP7 <i><b>&#8222;Femtosecond opto-magnetism and novel approaches to ultrafast magnetism at the nanoscale&#8221;<\/b><\/i>, <a href=\"http:\/\/cordis.europa.eu\/project\/rcn\/88342_pl.html\" target=\"_blank\" rel=\"noopener\"><b>FANTOMAS<\/b><\/a>.<\/p>\n","protected":false},"excerpt":{"rendered":"<p>Historia bada\u0144 magnetyk\u00f3w w Bia\u0142ymstoku si\u0119ga drugiej po\u0142owy lat 70, kiedy to prof. A. Maziewski zainicjowa\u0142 we wsp\u00f3\u0142pracy z grup\u0105 student\u00f3w i przy poparciu \u00f3wczesnego kierownika Zak\u0142adu Fizyki Filii UW doc. dra hab. Jana S. Brzosko, dzia\u0142alno\u015b\u0107 Pracowni Magnetyk\u00f3w. W 1993 roku Pracownia Magnetyk\u00f3w zosta\u0142a przekszta\u0142cona w Zak\u0142ad Fizyki Magnetyk\u00f3w. W tym okresie zainteresowania m\u0142odego &hellip; <a href=\"https:\/\/physics.uwb.edu.pl\/wf\/magnet\/historia\/\" class=\"more-link\">Czytaj dalej <span class=\"screen-reader-text\">Historia<\/span> <span class=\"meta-nav\">&rarr;<\/span><\/a><\/p>\n","protected":false},"author":2,"featured_media":0,"parent":0,"menu_order":0,"comment_status":"closed","ping_status":"closed","template":"","meta":{"_acf_changed":false,"ngg_post_thumbnail":0,"footnotes":""},"categories":[],"tags":[],"class_list":["post-81","page","type-page","status-publish","hentry"],"acf":[],"_links":{"self":[{"href":"https:\/\/physics.uwb.edu.pl\/wf\/magnet\/wp-json\/wp\/v2\/pages\/81","targetHints":{"allow":["GET"]}}],"collection":[{"href":"https:\/\/physics.uwb.edu.pl\/wf\/magnet\/wp-json\/wp\/v2\/pages"}],"about":[{"href":"https:\/\/physics.uwb.edu.pl\/wf\/magnet\/wp-json\/wp\/v2\/types\/page"}],"author":[{"embeddable":true,"href":"https:\/\/physics.uwb.edu.pl\/wf\/magnet\/wp-json\/wp\/v2\/users\/2"}],"replies":[{"embeddable":true,"href":"https:\/\/physics.uwb.edu.pl\/wf\/magnet\/wp-json\/wp\/v2\/comments?post=81"}],"version-history":[{"count":4,"href":"https:\/\/physics.uwb.edu.pl\/wf\/magnet\/wp-json\/wp\/v2\/pages\/81\/revisions"}],"predecessor-version":[{"id":170,"href":"https:\/\/physics.uwb.edu.pl\/wf\/magnet\/wp-json\/wp\/v2\/pages\/81\/revisions\/170"}],"wp:attachment":[{"href":"https:\/\/physics.uwb.edu.pl\/wf\/magnet\/wp-json\/wp\/v2\/media?parent=81"}],"wp:term":[{"taxonomy":"category","embeddable":true,"href":"https:\/\/physics.uwb.edu.pl\/wf\/magnet\/wp-json\/wp\/v2\/categories?post=81"},{"taxonomy":"post_tag","embeddable":true,"href":"https:\/\/physics.uwb.edu.pl\/wf\/magnet\/wp-json\/wp\/v2\/tags?post=81"}],"curies":[{"name":"wp","href":"https:\/\/api.w.org\/{rel}","templated":true}]}}