{"id":940,"date":"2024-03-14T14:20:58","date_gmt":"2024-03-14T14:20:58","guid":{"rendered":"https:\/\/physics.uwb.edu.pl\/wf\/magnet\/?page_id=940"},"modified":"2024-10-05T14:33:47","modified_gmt":"2024-10-05T14:33:47","slug":"selected-completed-projects","status":"publish","type":"page","link":"https:\/\/physics.uwb.edu.pl\/wf\/magnet\/en\/selected-completed-projects\/","title":{"rendered":"Selected completed projects:"},"content":{"rendered":"<ul>\n<li><a href=\"https:\/\/www.cost.eu\/actions\/CA17123\/#tabs|Name:management-committee\">COST CA17123<\/a> &#8211; Ultrafast opto-magneto-electronics for non-dissipative information technology (<a href=\"https:\/\/magnetofon.science.ru.nl\/\">MAGNETOFON<\/a>),&nbsp;( prof. dr hab. <strong><a href=\"https:\/\/physics.uwb.edu.pl\/wf\/magnet\/en\/pracownik\/andrzej-stupakiewicz-2\"> Andrzej Stupakiewicz&nbsp; <\/a><\/strong>&#8211; <span lang=\"EN-US\"><strong>leader tasks from Bia\u0142ystok<\/strong>) <\/span><\/li>\n<li><a href=\"https:\/\/physics.uwb.edu.pl\/wf\/magnet\/beethoven\/\">BEETHOVEN 2<\/a><br \/>\nThe dynamics of domain wall and magnetic texture properties in magnetic layers with Dzyaloshinskii-Moriya type interaction<br \/>\n(NCN ID: <a href=\"https:\/\/projekty.ncn.gov.pl\/index.php?projekt_id=356211\">2016\/23\/G\/ST3\/04196<\/a>) (2018-2021)<br \/>\n<span lang=\"EN-US\">Consortium between the Institute of Catalysis and Surface Chemistry \u201cJerzy Haber\u201d of the Polish Academy of Sciences in Krakow (dr Piotr Mazalski<strong> coordinator)<\/strong> and the Faculty of Physics of the University of Bia\u0142ystok (dr hab. Ryszard Gieniusz, (<strong>leader tasks from Bialystok<\/strong>) with the University of Kiel (Germany). The Polish side is funded by the National Science Center, while the German side is funded by the German Research Foundation (DFG). The project was supported by the national synchrotron radiation center SOLARIS in Krakow.<\/span><\/li>\n<li><a href=\"https:\/\/physics.uwb.edu.pl\/wf\/magnet\/harmonia-8\/\">HARMONIA 8<\/a><br \/>\nDynamics of magnetization in amorphous micro-wires<br \/>\n<strong>Project Leader<\/strong>: Dr. Hab. Andrzej Stupakiewicz<br \/>\nNCN ID: <a href=\"https:\/\/projekty.ncn.gov.pl\/index.php?projekt_id=344397\">2016\/22\/M\/ST3\/00471<\/a><span lang=\"EN-US\"><br \/>\n<\/span><\/li>\n<li><a href=\"https:\/\/physics.uwb.edu.pl\/wf\/magnet\/opus-13\/\">OPUS 13 <\/a><br \/>\nUltrafast dynamics in magnetoplasmonic periodic structures<br \/>\n<strong>Project Leader:<\/strong> Dr. Hab. Andrzej Stupakiewicz<br \/>\nNCN ID: <a href=\"https:\/\/projekty.ncn.gov.pl\/index.php?projekt_id=371764\">2017\/25\/B\/ST3\/01305<\/a><\/li>\n<li><a href=\"https:\/\/physics.uwb.edu.pl\/wf\/magnet\/opus-18\/\">OPUS 18<\/a><br \/>\nFemtosecond laser-controlled spin currents for non-equilibrium ultrafast photonics<br \/>\n<strong>Project Leader:&nbsp;<\/strong> Dr. Ilya Razdolskiy<br \/>\nNCN ID: <a href=\"https:\/\/projekty.ncn.gov.pl\/index.php?projekt_id=470009\">2019\/35\/B\/ST3\/00853<\/a><\/li>\n<li><a href=\"https:\/\/physics.uwb.edu.pl\/wf\/magnet\/seemag\/\">SEEMAG<\/a><br \/>\n<span lang=\"EN-US\">TECHMATSTRATEG project funded by the National Centre for Research and Development<br \/>\n\u201cDevelopment of high-efficiency and waste-free technology for manufacturing soft magnetic nanocomposites for high-frequency high-power processing\u201d<br \/>\nProject carried out in a consortium, coordinated by the Institute of Non-Ferrous Metals in Gliwice (prof. dr hab. Marek Kisielewski <strong>leader tasks from Bia\u0142ystok<\/strong>) <\/span><\/li>\n<li><a href=\"https:\/\/physics.uwb.edu.pl\/wf\/magnet\/?page_id=554\">SONATINA<\/a><br \/>\nSynthetic antiferromagnets with perpendicular anisotropy and Dzyaloshinskii-Moriya interaction<br \/>\n<strong>Project Leader:<\/strong> Dr. Micha\u0142 Matczak<br \/>\nNCN ID: <a href=\"https:\/\/projekty.ncn.gov.pl\/index.php?projekt_id=401337\">2018\/28\/C\/ST5\/00308<\/a><\/li>\n<li><a href=\"http:\/\/team.uwb.edu.pl\">TEAM-UWB <\/a><\/li>\n<li>National Centrum of Nanophysics and Spintronics \u2013 SPINLAB: (od 2013) <a href=\"http:\/\/physics.uwb.edu.pl\/wf\/magnet\/centrum-spinlab\/\">CENTRUM <img decoding=\"async\" src=\"http:\/\/physics.uwb.edu.pl\/zfmag\/img\/logospinlab1.png\" alt=\"Centrum SPINLAB\" height=\"35\" align=\"absmiddle\" border=\"0\" hspace=\"5\" vspace=\"5\"><\/a><\/li>\n<li><span style=\"font-size: 12pt;\">&nbsp;Statics and dynamics of magnonic and magnetophotonic crystals \u2013 SYMPHONY (2012 -2015):<\/span>&nbsp; <a href=\"http:\/\/physics.uwb.edu.pl\/zfmag\/TEAM\/\" target=\"_blank\" rel=\"noopener noreferrer\"><span id=\"blink1\" style=\"color: blue; font-size: x-large;\"><b>TEAM <\/b><\/span><\/a>&nbsp;<a href=\"http:\/\/physics.uwb.edu.pl\/zfmag\/TEAM\/\" target=\"_blank\" rel=\"noopener noreferrer\"><img decoding=\"async\" class=\"\" src=\"http:\/\/physics.uwb.edu.pl\/zfmag\/TEAM\/img\/ifpan_logo.png\" alt=\"TEAM UwB\" width=\"35\" height=\"47\" align=\"absmiddle\" border=\"0\"> <img decoding=\"async\" class=\"\" src=\"http:\/\/physics.uwb.edu.pl\/zfmag\/TEAM\/img\/FNP_en.png\" alt=\"TEAM UwB\" width=\"117\" height=\"65\" align=\"absmiddle\" border=\"0\"> <img decoding=\"async\" src=\"http:\/\/physics.uwb.edu.pl\/zfmag\/TEAM\/img\/logo_uwb_s.png\" alt=\"TEAM UwB\" height=\"35\" align=\"absmiddle\" border=\"0\"><\/a><br \/>\n<span lang=\"EN-US\"><strong>Coordinator:<\/strong> prof dr hab. Andrzej Maziewski <\/span><\/li>\n<li><span style=\"font-size: 12pt;\"><span style=\"font-size: 12pt;\">Harmonia 3 (NCN ID: <a href=\"https:\/\/projekty.ncn.gov.pl\/index.php?projekt_id=193348\">2012\/06\/M\/ST3\/00475<\/a>)<br \/>\n<\/span><\/span>Modification of magnetic properties of ultrathin structures using electromagnetic radiation in a wide spectral range (2013-2017). Project carried out by a consortium (<strong>coordinator<\/strong> prof. dr. hab. Maziewski) <span lang=\"EN-US\">University of Bia\u0142ystok &nbsp;and Institute of Physics PAS, Warsaw.<\/span><span lang=\"EN-US\"> )&nbsp;<\/span><span style=\"font-size: 12pt;\"><a href=\"http:\/\/physics.uwb.edu.pl\/wf\/magnet\/harmonia-tiger\/\">&nbsp;HARMONIA-TIGER<\/a><\/span><\/li>\n<li>ARTMAG &#8211; &#8222;Magnetic nanostructures for spin electronics applications&#8221;&nbsp; (2007-2013)<a href=\"http:\/\/www.artmag.agh.edu.pl\/\" target=\"_blank\" rel=\"noopener noreferrer\"><img decoding=\"async\" src=\"http:\/\/physics.uwb.edu.pl\/zfmag\/img\/Artmag.png\" alt=\"Artmag\" height=\"35\" align=\"absmiddle\" border=\"0\" hspace=\"5\" vspace=\"5\">Artmag<\/a><\/li>\n<li><span style=\"font-size: 12pt;\">Femtosecond opto-magnetism and novel approaches to ultrafast magnetismat the nanoscale (2008-2012)<\/span> <a href=\" http:\/\/physics.uwb.edu.pl\/wf\/magnet\/fantomas\/\"><img decoding=\"async\" class=\"alignnone\" src=\"http:\/\/physics.uwb.edu.pl\/zfmag\/img\/Fantomas.png\" alt=\"Fantomas\" width=\"138\" height=\"25\" align=\"absmiddle\" border=\"0\" hspace=\"5\" vspace=\"5\"><\/a><br \/>\n<span lang=\"EN-US\">(prof. dr hab. Andrzej Maziewski <strong>&nbsp;leader tasks from Bia\u0142ystok<\/strong>)<\/span><\/li>\n<li>Sixth Framework Programme of the EU Marie Curie Action, TRANSFER OF KNOWLEDGE, &#8222;Combined study of nanostructured magnetic materials&#8221; (<strong>2004-2009)<\/strong> <a href=\"http:\/\/physics.uwb.edu.pl\/zfmag\/tok\/\" target=\"_blank\" rel=\"noopener noreferrer\"><img loading=\"lazy\" decoding=\"async\" class=\"\" src=\"http:\/\/physics.uwb.edu.pl\/zfmag\/tok\/logo_tok.gif\" alt=\"NANOMAG-LAB HOME\" width=\"72\" height=\"69\" align=\"absmiddle\" border=\"0\" hspace=\"5\" vspace=\"5\">NANOMAG-LAB<\/a><br \/>\n<span lang=\"EN-US\"><strong>Coordinator:<\/strong> prof dr hab. Andrzej Maziewski <\/span><\/li>\n<\/ul>\n<h4>POLONIUM<\/h4>\n<p>Research on spin reorientation in Ga+-irradiated nanostructures,&nbsp; 2012-2013 Ministerstwo Nauki i Szkolnictwa Wy\u017cszego MNiSW-DPD-WWM-183-8565-1\/MBA\/12<\/p>\n<h4>PRELUDIUM<\/h4>\n<p>Investigation of magnetic phase transitions induced by Ga ion irradiation in Pt\/Co\/Pt nanostructures; 2012-2013 National Science Centre No. DEC-2011\/03\/N\/ST3\/02408 dated 2012-06-20 PM<\/p>\n<h4><strong>Opus 7<\/strong><\/h4>\n<p>Influence of structure and doping of multilayer ferromagnetic\/early transition metal systems on their magnetostatic and magnetotransport properties<br \/>\nNCN ID: <a href=\"https:\/\/projekty.ncn.gov.pl\/index.php?projekt_id=258865\">2014\/13\/B\/ST5\/01834<\/a><br \/>\nProject carried out by a consortium IFPAN (coordinator Prof. Dr. Hab. A. Wawro) and UwB (<strong>coordinator of tasks UwB<\/strong> dr. hab. M. Tekielak, Prof. UwB)<\/p>\n<h4>OTHER<\/h4>\n<p>Several research projects carried out in Bia\u0142ystok from the late seventies to the nineties \u2013 PR-3, CPBP, CPBR, KBN, MNiSW. Several equipment grants, three supervisor grants.ZFM bra\u0142 udzia\u0142 w dzia\u0142alno\u015bci sieci:<\/p>\n<p><strong>KFM team participated in network activities:<\/strong><\/p>\n<p>MAGNETIC NANOMATERIALS, (2003-2006)<br \/>\nNew materials for magnetoelectronics Mag-El-Mat, (2003-2008)<\/p>\n<p><strong>International projects<\/strong><\/p>\n<div class=\"flex flex-grow flex-col max-w-full\">\n<div class=\"min-h-[20px] text-message flex flex-col items-start gap-3 whitespace-pre-wrap break-words [.text-message+&amp;]:mt-5 overflow-x-auto\" data-message-author-role=\"assistant\" data-message-id=\"de79e860-bb76-4c9f-aac3-1a807e46042e\">\n<div class=\"markdown prose w-full break-words dark:prose-invert light\">\n<ul>\n<li>&#8222;Detection of Plasma Clusters with Thin Magnetic Films \u2013 Technical Feasibility Study&#8221; project funded by the European Office of Aerospace Research and Development.<\/li>\n<li>&#8222;Magnetic Properties of Novel Ultrathin Films&#8221; project funded by the European Union (Human Capital Mobility).<\/li>\n<li>&#8222;Nanomagnetism and Growth Processes on Vicinal Surfaces&#8221; NANOMAG \u2013 ESF Scientific Programme project.<\/li>\n<li>Bilateral agreement with Germany DAAD-MNiSW (2009-2010) &#8222;Ion-induced spin-reorientation-transition in thin Pt\/Co\/Pt trilayers&#8221;.<\/li>\n<\/ul>\n<\/div>\n<\/div>\n<\/div>\n","protected":false},"excerpt":{"rendered":"<p>COST CA17123 &#8211; Ultrafast opto-magneto-electronics for non-dissipative information technology (MAGNETOFON),&nbsp;( prof. dr hab. Andrzej Stupakiewicz&nbsp; &#8211; leader tasks from Bia\u0142ystok) BEETHOVEN 2 The dynamics of domain wall and magnetic texture properties in magnetic layers with Dzyaloshinskii-Moriya type interaction (NCN ID: 2016\/23\/G\/ST3\/04196) (2018-2021) Consortium between the Institute of Catalysis and Surface Chemistry \u201cJerzy Haber\u201d of the &hellip; <a href=\"https:\/\/physics.uwb.edu.pl\/wf\/magnet\/en\/selected-completed-projects\/\" class=\"more-link\">Czytaj dalej <span class=\"screen-reader-text\">Selected completed projects:<\/span> <span class=\"meta-nav\">&rarr;<\/span><\/a><\/p>\n","protected":false},"author":2,"featured_media":0,"parent":0,"menu_order":0,"comment_status":"closed","ping_status":"closed","template":"","meta":{"_acf_changed":false,"ngg_post_thumbnail":0,"footnotes":""},"categories":[],"tags":[],"class_list":["post-940","page","type-page","status-publish","hentry"],"acf":[],"_links":{"self":[{"href":"https:\/\/physics.uwb.edu.pl\/wf\/magnet\/wp-json\/wp\/v2\/pages\/940","targetHints":{"allow":["GET"]}}],"collection":[{"href":"https:\/\/physics.uwb.edu.pl\/wf\/magnet\/wp-json\/wp\/v2\/pages"}],"about":[{"href":"https:\/\/physics.uwb.edu.pl\/wf\/magnet\/wp-json\/wp\/v2\/types\/page"}],"author":[{"embeddable":true,"href":"https:\/\/physics.uwb.edu.pl\/wf\/magnet\/wp-json\/wp\/v2\/users\/2"}],"replies":[{"embeddable":true,"href":"https:\/\/physics.uwb.edu.pl\/wf\/magnet\/wp-json\/wp\/v2\/comments?post=940"}],"version-history":[{"count":13,"href":"https:\/\/physics.uwb.edu.pl\/wf\/magnet\/wp-json\/wp\/v2\/pages\/940\/revisions"}],"predecessor-version":[{"id":1017,"href":"https:\/\/physics.uwb.edu.pl\/wf\/magnet\/wp-json\/wp\/v2\/pages\/940\/revisions\/1017"}],"wp:attachment":[{"href":"https:\/\/physics.uwb.edu.pl\/wf\/magnet\/wp-json\/wp\/v2\/media?parent=940"}],"wp:term":[{"taxonomy":"category","embeddable":true,"href":"https:\/\/physics.uwb.edu.pl\/wf\/magnet\/wp-json\/wp\/v2\/categories?post=940"},{"taxonomy":"post_tag","embeddable":true,"href":"https:\/\/physics.uwb.edu.pl\/wf\/magnet\/wp-json\/wp\/v2\/tags?post=940"}],"curies":[{"name":"wp","href":"https:\/\/api.w.org\/{rel}","templated":true}]}}