{"id":318,"date":"2017-02-08T11:56:29","date_gmt":"2017-02-08T11:56:29","guid":{"rendered":"http:\/\/physics.uwb.edu.pl\/wf\/ossm2018\/?page_id=318"},"modified":"2018-06-27T12:16:02","modified_gmt":"2018-06-27T12:16:02","slug":"miejsce","status":"publish","type":"page","link":"https:\/\/physics.uwb.edu.pl\/wf\/ossm2018\/miejsce\/","title":{"rendered":"miejsce"},"content":{"rendered":"<div id=\"pl-318\" class=\"panel-layout\">\n<div id=\"pg-318-0\" class=\"panel-grid panel-no-style\">\n<div id=\"pgc-318-0-0\" class=\"panel-grid-cell\">\n<div id=\"panel-318-0-0-0\" class=\"so-panel widget widget_sow-editor panel-first-child panel-last-child\">\n<div class=\"so-widget-sow-editor so-widget-sow-editor-base\">\n<div class=\"siteorigin-widget-tinymce textwidget\">\n\tKonferencja odb\u0119dzie si\u0119 w <strong>Goni\u0105dzu <\/strong>(<a href=\"https:\/\/www.google.pl\/maps\/@53.4935612,22.6972161,7570m\/data=!3m1!1e3?dcr=0\" target=\"_blank\" rel=\"noopener\">zobacz na mapie<\/a>) w O\u015brodku Szkoleniowo-Wypoczynkowym <a href=\"http:\/\/biebrza.com.pl\/\" target=\"_blank\" rel=\"noopener\"><strong>Bartlowizna<\/strong><\/a>:<\/p>\n<p><em>Bartlowizna sp. z o.o. ul. Nadbiebrza\u0144ska 32, 19-110 Goni\u0105dz, Tel. 85 738 06 30, Fax 85 738 06 33,<\/em><br \/>\n<em> Kom. +48 502 772 594<\/em>.<\/p>\n<p>Przewidujemy transport busem z Bia\u0142egostoku do Bartlowizny (w pierwszym dniu konferencji) oraz z Bartlowizny do Bia\u0142egostoku (w ostatnim dniu konferencji) po zg\u0142oszeniu zapotrzebowania. W pierwszym dniu konferencji bus zabierze uczestnik\u00f3w z dworca PKP o godz. 15:00, stosownie do godziny przyjazdu poci\u0105gu relacji Krak\u00f3w -&gt; Warszawa -&gt;Bia\u0142ystok <strong><span style=\"color: red\">*<\/span><\/strong>. Informacje o innych sposobach dojazdu mo\u017cna znale\u017a\u0107 <a href=\"http:\/\/physics.uwb.edu.pl\/wf\/ossm2018\/dojazd\/\">tutaj<\/a>. Informacje o atrakcjach turystycznych mo\u017cna znale\u017a\u0107<a href=\"http:\/\/www.goniadz.org.pl\/index.php\" target=\"_blank\" rel=\"noopener\"> tutaj<\/a>. Plan Goni\u0105dza mo\u017cna obejrze\u0107 <a href=\"http:\/\/physics.uwb.edu.pl\/wf\/ossm2018\/wp-content\/uploads\/sites\/8\/2018\/06\/5_Mapa-Goniadzajpg.pdf\" target=\"_blank\" rel=\"noopener\">tutaj<\/a>.<\/p>\n<p>Galeria zdj\u0119\u0107 z okolic Goni\u0105dza poni\u017cej. Autorem zdj\u0119\u0107 jest dr Marek Brancewicz.<\/p>\n<p><strong><span style=\"color: red\">*<\/span><\/strong> <em>w przypadku zmiany rozk\u0142adu jazdy poci\u0105g\u00f3w godzina podstawienia busa zostanie odpowiednio przesuni\u0119ta.<\/em><br \/>\nngg_shortcode_0_placeholder<\/div>\n<\/div>\n<\/div>\n<\/div>\n<\/div>\n<\/div>\n","protected":false},"excerpt":{"rendered":"<p>Konferencja odb\u0119dzie si\u0119 w Goni\u0105dzu (zobacz na mapie) w O\u015brodku Szkoleniowo-Wypoczynkowym Bartlowizna: Bartlowizna sp. z o.o. ul. Nadbiebrza\u0144ska 32, 19-110 Goni\u0105dz, Tel. 85 738 06 30, Fax 85 738 06 33, Kom. +48 502 772 594. Przewidujemy transport busem z Bia\u0142egostoku do Bartlowizny (w pierwszym dniu konferencji) oraz z Bartlowizny do Bia\u0142egostoku (w ostatnim dniu [&hellip;]<\/p>\n","protected":false},"author":7,"featured_media":0,"parent":0,"menu_order":1,"comment_status":"closed","ping_status":"closed","template":"","meta":{"ngg_post_thumbnail":0,"footnotes":""},"class_list":["post-318","page","type-page","status-publish","hentry"],"_links":{"self":[{"href":"https:\/\/physics.uwb.edu.pl\/wf\/ossm2018\/wp-json\/wp\/v2\/pages\/318","targetHints":{"allow":["GET"]}}],"collection":[{"href":"https:\/\/physics.uwb.edu.pl\/wf\/ossm2018\/wp-json\/wp\/v2\/pages"}],"about":[{"href":"https:\/\/physics.uwb.edu.pl\/wf\/ossm2018\/wp-json\/wp\/v2\/types\/page"}],"author":[{"embeddable":true,"href":"https:\/\/physics.uwb.edu.pl\/wf\/ossm2018\/wp-json\/wp\/v2\/users\/7"}],"replies":[{"embeddable":true,"href":"https:\/\/physics.uwb.edu.pl\/wf\/ossm2018\/wp-json\/wp\/v2\/comments?post=318"}],"version-history":[{"count":61,"href":"https:\/\/physics.uwb.edu.pl\/wf\/ossm2018\/wp-json\/wp\/v2\/pages\/318\/revisions"}],"predecessor-version":[{"id":1521,"href":"https:\/\/physics.uwb.edu.pl\/wf\/ossm2018\/wp-json\/wp\/v2\/pages\/318\/revisions\/1521"}],"wp:attachment":[{"href":"https:\/\/physics.uwb.edu.pl\/wf\/ossm2018\/wp-json\/wp\/v2\/media?parent=318"}],"curies":[{"name":"wp","href":"https:\/\/api.w.org\/{rel}","templated":true}]}}