{"id":321,"date":"2017-02-08T11:56:47","date_gmt":"2017-02-08T11:56:47","guid":{"rendered":"http:\/\/physics.uwb.edu.pl\/wf\/ossm2018\/?page_id=321"},"modified":"2018-05-18T09:52:03","modified_gmt":"2018-05-18T09:52:03","slug":"terminy","status":"publish","type":"page","link":"https:\/\/physics.uwb.edu.pl\/wf\/ossm2018\/terminy\/","title":{"rendered":"terminy"},"content":{"rendered":"<div id=\"pl-321\" class=\"panel-layout\">\n<div id=\"pg-321-0\" class=\"panel-grid panel-no-style\">\n<div id=\"pgc-321-0-0\" class=\"panel-grid-cell\">\n<div id=\"panel-321-0-0-0\" class=\"so-panel widget widget_sow-editor panel-first-child panel-last-child\">\n<div class=\"so-widget-sow-editor so-widget-sow-editor-base\">\n<div class=\"siteorigin-widget-tinymce textwidget\">\n\tKonferencja odb\u0119dzie si\u0119 w w terminie <strong>17-20 czerwca 2018r<\/strong>.<\/p>\n<p>Termin wnoszenia op\u0142aty konferencyjnej up\u0142ywa <strong>25.05.2018r.<\/strong><\/p>\n<p>Abstrakty prosimy nadsy\u0142a\u0107 do <strong>7.05.2018r.<\/strong><br \/>\nSzczeg\u00f3\u0142owe instrukcje dotycz\u0105ce przygotowania abstrakt\u00f3w <a href=\"http:\/\/physics.uwb.edu.pl\/wf\/ossm2018\/publikacje\/\" target=\"_blank\" rel=\"noopener\">znajduj\u0105 si\u0119 tutaj<\/a>.<\/p>\n<p>Termin nadsy\u0142ania manuskrypt\u00f3w &#8211; <strong>20.06.2018.<\/strong><\/p>\n<p><strong>\u00a0<\/strong><\/p>\n<p>&nbsp;<\/p><\/div>\n<\/div>\n<\/div>\n<\/div>\n<\/div>\n<\/div>\n","protected":false},"excerpt":{"rendered":"<p>Konferencja odb\u0119dzie si\u0119 w w terminie 17-20 czerwca 2018r. Termin wnoszenia op\u0142aty konferencyjnej up\u0142ywa 25.05.2018r. Abstrakty prosimy nadsy\u0142a\u0107 do 7.05.2018r. Szczeg\u00f3\u0142owe instrukcje dotycz\u0105ce przygotowania abstrakt\u00f3w znajduj\u0105 si\u0119 tutaj. Termin nadsy\u0142ania manuskrypt\u00f3w &#8211; 20.06.2018. \u00a0 &nbsp;<\/p>\n","protected":false},"author":7,"featured_media":0,"parent":0,"menu_order":2,"comment_status":"closed","ping_status":"closed","template":"","meta":{"ngg_post_thumbnail":0,"footnotes":""},"class_list":["post-321","page","type-page","status-publish","hentry"],"_links":{"self":[{"href":"https:\/\/physics.uwb.edu.pl\/wf\/ossm2018\/wp-json\/wp\/v2\/pages\/321","targetHints":{"allow":["GET"]}}],"collection":[{"href":"https:\/\/physics.uwb.edu.pl\/wf\/ossm2018\/wp-json\/wp\/v2\/pages"}],"about":[{"href":"https:\/\/physics.uwb.edu.pl\/wf\/ossm2018\/wp-json\/wp\/v2\/types\/page"}],"author":[{"embeddable":true,"href":"https:\/\/physics.uwb.edu.pl\/wf\/ossm2018\/wp-json\/wp\/v2\/users\/7"}],"replies":[{"embeddable":true,"href":"https:\/\/physics.uwb.edu.pl\/wf\/ossm2018\/wp-json\/wp\/v2\/comments?post=321"}],"version-history":[{"count":22,"href":"https:\/\/physics.uwb.edu.pl\/wf\/ossm2018\/wp-json\/wp\/v2\/pages\/321\/revisions"}],"predecessor-version":[{"id":1507,"href":"https:\/\/physics.uwb.edu.pl\/wf\/ossm2018\/wp-json\/wp\/v2\/pages\/321\/revisions\/1507"}],"wp:attachment":[{"href":"https:\/\/physics.uwb.edu.pl\/wf\/ossm2018\/wp-json\/wp\/v2\/media?parent=321"}],"curies":[{"name":"wp","href":"https:\/\/api.w.org\/{rel}","templated":true}]}}