{"id":332,"date":"2017-02-08T12:00:39","date_gmt":"2017-02-08T12:00:39","guid":{"rendered":"http:\/\/physics.uwb.edu.pl\/wf\/ossm2018\/?page_id=332"},"modified":"2018-04-24T07:50:27","modified_gmt":"2018-04-24T07:50:27","slug":"oplaty","status":"publish","type":"page","link":"https:\/\/physics.uwb.edu.pl\/wf\/ossm2018\/oplaty\/","title":{"rendered":"op\u0142aty"},"content":{"rendered":"<div id=\"pl-332\" class=\"panel-layout\">\n<div id=\"pg-332-0\" class=\"panel-grid panel-no-style\">\n<div id=\"pgc-332-0-0\" class=\"panel-grid-cell\">\n<div id=\"panel-332-0-0-0\" class=\"so-panel widget widget_sow-editor panel-first-child panel-last-child\">\n<div class=\"panel-widget-style panel-widget-style-for-332-0-0-0\">\n<div class=\"so-widget-sow-editor so-widget-sow-editor-base\">\n<div class=\"siteorigin-widget-tinymce textwidget\">\n<table class=\"aligncenter\" style=\"width: 569px;border-color: #fcfcfc;background-color: #fcfcfc;height: 127px\" border=\"0\" cellspacing=\"0\" cellpadding=\"5\">\n<caption>\u00a0<\/caption>\n<tbody>\n<tr style=\"border-color: #e69915\">\n<td style=\"width: 170.983px\">uczestnik<\/td>\n<td style=\"width: 301.617px\">noclegi, pe\u0142ne wy\u017cywienie, wycieczka, materia\u0142y konferencyjne<\/td>\n<td style=\"width: 93.6667px\">1100.00z\u0142<\/td>\n<\/tr>\n<tr style=\"border-color: #cf9013\">\n<td style=\"width: 170.983px\">osoba towarzysz\u0105ca<\/td>\n<td style=\"width: 301.617px\">noclegi, pe\u0142ne wy\u017cywienie, wycieczka<\/td>\n<td style=\"width: 93.6667px\">\u00a0900.00z\u0142<\/td>\n<\/tr>\n<\/tbody>\n<\/table>\n<p>&nbsp;<\/p>\n<hr \/>\n<p style=\"text-align: center\">Termin p\u0142atno\u015bci <strong>25.05.2018<\/strong><\/p>\n<p style=\"text-align: center\">Konto: <strong>86 1160 2202 0000 0000 6000 1031 Bank Millenium<\/strong><\/p>\n<p style=\"text-align: center\">adresat wp\u0142at:<strong> Uniwersytet w Bia\u0142ymstoku<br \/>\n15-097 Bia\u0142ystok<br \/>\nul. M. Sk\u0142odowskiej-Curie 14<\/strong><\/p>\n<p style=\"text-align: center\">\u00a0\u00a0\u00a0\u00a0\u00a0\u00a0\u00a0\u00a0 tytu\u0142 wp\u0142aty: <strong>OSSM2018<\/strong> -op\u0142ata konferencyjna<\/p>\n<hr \/>\n<p>&nbsp;<\/p><\/div>\n<\/div>\n<\/div>\n<\/div>\n<\/div>\n<\/div>\n<\/div>\n","protected":false},"excerpt":{"rendered":"<p>\u00a0 uczestnik noclegi, pe\u0142ne wy\u017cywienie, wycieczka, materia\u0142y konferencyjne 1100.00z\u0142 osoba towarzysz\u0105ca noclegi, pe\u0142ne wy\u017cywienie, wycieczka \u00a0900.00z\u0142 &nbsp; Termin p\u0142atno\u015bci 25.05.2018 Konto: 86 1160 2202 0000 0000 6000 1031 Bank Millenium adresat wp\u0142at: Uniwersytet w Bia\u0142ymstoku 15-097 Bia\u0142ystok ul. M. Sk\u0142odowskiej-Curie 14 \u00a0\u00a0\u00a0\u00a0\u00a0\u00a0\u00a0\u00a0 tytu\u0142 wp\u0142aty: OSSM2018 -op\u0142ata konferencyjna &nbsp;<\/p>\n","protected":false},"author":7,"featured_media":0,"parent":0,"menu_order":3,"comment_status":"closed","ping_status":"closed","template":"","meta":{"ngg_post_thumbnail":0,"footnotes":""},"class_list":["post-332","page","type-page","status-publish","hentry"],"_links":{"self":[{"href":"https:\/\/physics.uwb.edu.pl\/wf\/ossm2018\/wp-json\/wp\/v2\/pages\/332","targetHints":{"allow":["GET"]}}],"collection":[{"href":"https:\/\/physics.uwb.edu.pl\/wf\/ossm2018\/wp-json\/wp\/v2\/pages"}],"about":[{"href":"https:\/\/physics.uwb.edu.pl\/wf\/ossm2018\/wp-json\/wp\/v2\/types\/page"}],"author":[{"embeddable":true,"href":"https:\/\/physics.uwb.edu.pl\/wf\/ossm2018\/wp-json\/wp\/v2\/users\/7"}],"replies":[{"embeddable":true,"href":"https:\/\/physics.uwb.edu.pl\/wf\/ossm2018\/wp-json\/wp\/v2\/comments?post=332"}],"version-history":[{"count":16,"href":"https:\/\/physics.uwb.edu.pl\/wf\/ossm2018\/wp-json\/wp\/v2\/pages\/332\/revisions"}],"predecessor-version":[{"id":1400,"href":"https:\/\/physics.uwb.edu.pl\/wf\/ossm2018\/wp-json\/wp\/v2\/pages\/332\/revisions\/1400"}],"wp:attachment":[{"href":"https:\/\/physics.uwb.edu.pl\/wf\/ossm2018\/wp-json\/wp\/v2\/media?parent=332"}],"curies":[{"name":"wp","href":"https:\/\/api.w.org\/{rel}","templated":true}]}}