{"id":1173,"date":"2017-03-01T16:46:50","date_gmt":"2017-03-01T15:46:50","guid":{"rendered":"http:\/\/physics.uwb.edu.pl\/wf\/przyszlosc\/?page_id=1173"},"modified":"2017-04-07T08:57:37","modified_gmt":"2017-04-07T06:57:37","slug":"zajecia-2","status":"publish","type":"page","link":"https:\/\/physics.uwb.edu.pl\/wf\/przyszlosc\/zajecia-2","title":{"rendered":"Zaj\u0119cia"},"content":{"rendered":"<h2><strong>ZAJ\u0118CIA<\/strong>&nbsp;(2-ga edycja) rozpoczynaj\u0105 si\u0119 od <strong>poniedzia\u0142ku 06 marca 2017<\/strong>:<\/h2>\n<h2>\u015awi\u0119ta Wielkanocne: <strong>wszystkie<\/strong> zaj\u0119cia w dniach 13-18 kwiecie\u0144 2017r. zosta\u0142y prze\u0142o\u017cone na p\u00f3\u017aniejszy termin (maj).<\/h2>\n<p><strong>Klasyczne do\u015bwiadczenia fizyka<\/strong> <strong>\u2013 eksperymentatora<\/strong>: WTOREK&nbsp;godz 16:30 sala 2025, \u015aRODA&nbsp;16:30 sala 2025<\/p>\n<p><strong>Fizyka, grafika i gry komputerowe<\/strong>: PONIEDZIA\u0141EK 16:15 sala 2021, WTOREK 16:15 sala 2021<\/p>\n<p><strong>Eksperymenty fizyczne wspomagane komputerowo<\/strong>: \u015aRODA 16:15 sala 2021, CZWARTEK 16:15 sala 2021,<\/p>\n<p><strong>Drukarki 3D \u2013 modelowanie tr\u00f3jwymiarowe<\/strong>: PONIEDZIA\u0141EK 16:15 sala 2001, WTOREK&nbsp;16:15 sala 2001<\/p>\n<p><strong>Robotyka dla ka\u017cdego<\/strong>: PONIEDZIALEK&nbsp;<strong>16:00<\/strong> sala 1064, CZWARTEK 16:15 sala 1064, PI\u0104TEK (grupa zaawansowana) 16:15 sala 1064<\/p>\n<p><img loading=\"lazy\" decoding=\"async\" class=\"alignnone wp-image-1194 size-large\" src=\"http:\/\/physics.uwb.edu.pl\/wf\/przyszlosc\/wp-content\/uploads\/sites\/7\/2017\/03\/text3695-7-9-9-6-1024x414.png\" width=\"640\" height=\"259\" srcset=\"https:\/\/physics.uwb.edu.pl\/wf\/przyszlosc\/wp-content\/uploads\/sites\/7\/2017\/03\/text3695-7-9-9-6-1024x414.png 1024w, https:\/\/physics.uwb.edu.pl\/wf\/przyszlosc\/wp-content\/uploads\/sites\/7\/2017\/03\/text3695-7-9-9-6-300x121.png 300w, https:\/\/physics.uwb.edu.pl\/wf\/przyszlosc\/wp-content\/uploads\/sites\/7\/2017\/03\/text3695-7-9-9-6-768x311.png 768w\" sizes=\"auto, (max-width: 640px) 100vw, 640px\" \/><\/p>\n","protected":false},"excerpt":{"rendered":"<p>ZAJ\u0118CIA&nbsp;(2-ga edycja) rozpoczynaj\u0105 si\u0119 od poniedzia\u0142ku 06 marca 2017: \u015awi\u0119ta Wielkanocne: wszystkie zaj\u0119cia w dniach 13-18 kwiecie\u0144 2017r. zosta\u0142y prze\u0142o\u017cone na p\u00f3\u017aniejszy termin (maj). Klasyczne do\u015bwiadczenia fizyka \u2013 eksperymentatora: WTOREK&nbsp;godz 16:30 sala 2025, \u015aRODA&nbsp;16:30 sala 2025 Fizyka, grafika i gry &hellip; <a href=\"https:\/\/physics.uwb.edu.pl\/wf\/przyszlosc\/zajecia-2\">Czytaj dalej <span class=\"meta-nav\">&rarr;<\/span><\/a><\/p>\n","protected":false},"author":5,"featured_media":0,"parent":0,"menu_order":0,"comment_status":"closed","ping_status":"closed","template":"","meta":{"ngg_post_thumbnail":0,"footnotes":""},"class_list":["post-1173","page","type-page","status-publish","hentry"],"_links":{"self":[{"href":"https:\/\/physics.uwb.edu.pl\/wf\/przyszlosc\/wp-json\/wp\/v2\/pages\/1173","targetHints":{"allow":["GET"]}}],"collection":[{"href":"https:\/\/physics.uwb.edu.pl\/wf\/przyszlosc\/wp-json\/wp\/v2\/pages"}],"about":[{"href":"https:\/\/physics.uwb.edu.pl\/wf\/przyszlosc\/wp-json\/wp\/v2\/types\/page"}],"author":[{"embeddable":true,"href":"https:\/\/physics.uwb.edu.pl\/wf\/przyszlosc\/wp-json\/wp\/v2\/users\/5"}],"replies":[{"embeddable":true,"href":"https:\/\/physics.uwb.edu.pl\/wf\/przyszlosc\/wp-json\/wp\/v2\/comments?post=1173"}],"version-history":[{"count":5,"href":"https:\/\/physics.uwb.edu.pl\/wf\/przyszlosc\/wp-json\/wp\/v2\/pages\/1173\/revisions"}],"predecessor-version":[{"id":1300,"href":"https:\/\/physics.uwb.edu.pl\/wf\/przyszlosc\/wp-json\/wp\/v2\/pages\/1173\/revisions\/1300"}],"wp:attachment":[{"href":"https:\/\/physics.uwb.edu.pl\/wf\/przyszlosc\/wp-json\/wp\/v2\/media?parent=1173"}],"curies":[{"name":"wp","href":"https:\/\/api.w.org\/{rel}","templated":true}]}}