{"id":147,"date":"2016-09-08T05:21:18","date_gmt":"2016-09-08T05:21:18","guid":{"rendered":"http:\/\/physics.uwb.edu.pl\/wf\/przyszlosc\/?page_id=147"},"modified":"2017-02-13T11:06:22","modified_gmt":"2017-02-13T10:06:22","slug":"regulamin","status":"publish","type":"page","link":"https:\/\/physics.uwb.edu.pl\/wf\/przyszlosc\/strona-glowna\/regulamin","title":{"rendered":"Regulamin"},"content":{"rendered":"<p><a href=\"http:\/\/physics.uwb.edu.pl\/wf\/przyszlosc\/wp-content\/uploads\/sites\/7\/2016\/09\/regulamin2.pdf\"><img loading=\"lazy\" decoding=\"async\" class=\"alignnone wp-image-672 size-medium\" src=\"http:\/\/physics.uwb.edu.pl\/wf\/przyszlosc\/wp-content\/uploads\/sites\/7\/2017\/02\/regulamin2-pdf-image-212x300.jpg\" width=\"212\" height=\"300\"><\/a><\/p>\n<p>Za\u0142\u0105czniki<\/p>\n<table>\n<tbody>\n<tr>\n<td>\n<p><div id=\"attachment_137\" style=\"width: 222px\" class=\"wp-caption alignnone\"><a href=\"http:\/\/physics.uwb.edu.pl\/wf\/przyszlosc\/wp-content\/uploads\/sites\/7\/2016\/09\/zalacznik1.pdf\"><img loading=\"lazy\" decoding=\"async\" aria-describedby=\"caption-attachment-137\" class=\"wp-image-137 size-medium\" src=\"http:\/\/physics.uwb.edu.pl\/wf\/przyszlosc\/wp-content\/uploads\/sites\/7\/2016\/09\/zalacznik-1-o\u015bwiadczenie-opiekuna-pdf-image-212x300.jpg\" alt=\"zalacznik-1-oswiadczenie-opiekuna-thumbnail\" width=\"212\" height=\"300\"><\/a><p id=\"caption-attachment-137\" class=\"wp-caption-text\">Za\u0142\u0105cznik 1: O\u015bwiadczenie opiekuna<\/p><\/div><\/td>\n<td>\n<p><div id=\"attachment_139\" style=\"width: 222px\" class=\"wp-caption alignnone\"><a href=\"http:\/\/physics.uwb.edu.pl\/wf\/przyszlosc\/wp-content\/uploads\/sites\/7\/2016\/09\/zalacznik2.pdf\"><img loading=\"lazy\" decoding=\"async\" aria-describedby=\"caption-attachment-139\" class=\"wp-image-139 size-medium\" src=\"http:\/\/physics.uwb.edu.pl\/wf\/przyszlosc\/wp-content\/uploads\/sites\/7\/2016\/09\/zalacznik-2-zaswiadczenie-o-zainteresowaniu-ucznia-pdf-image-212x300.jpg\" alt=\"zalacznik-2-zaswiadczenie-o-zainteresowaniu-ucznia-thumbnail\" width=\"212\" height=\"300\"><\/a><p id=\"caption-attachment-139\" class=\"wp-caption-text\">Za\u0142\u0105cznik 2: Za\u015bwiadczenie o zainteresowaniu ucznia<\/p><\/div><\/td>\n<td>\n<p><div id=\"attachment_186\" style=\"width: 222px\" class=\"wp-caption alignnone\"><a href=\"http:\/\/physics.uwb.edu.pl\/wf\/przyszlosc\/wp-content\/uploads\/sites\/7\/2016\/09\/zalacznik3.pdf\"><img loading=\"lazy\" decoding=\"async\" aria-describedby=\"caption-attachment-186\" class=\"wp-image-186 size-medium\" src=\"http:\/\/physics.uwb.edu.pl\/wf\/przyszlosc\/wp-content\/uploads\/sites\/7\/2016\/09\/zalacznik-3-zaswiadczenie-o-ocenach-ucznia-pdf-image-212x300.jpg\" alt=\"zalacznik-3-zaswiadczenie-o-ocenach-ucznia-thumbnail\" width=\"212\" height=\"300\" srcset=\"https:\/\/physics.uwb.edu.pl\/wf\/przyszlosc\/wp-content\/uploads\/sites\/7\/2016\/09\/zalacznik-3-zaswiadczenie-o-ocenach-ucznia-pdf-image-212x300.jpg 212w, https:\/\/physics.uwb.edu.pl\/wf\/przyszlosc\/wp-content\/uploads\/sites\/7\/2016\/09\/zalacznik-3-zaswiadczenie-o-ocenach-ucznia-pdf-image.jpg 595w\" sizes=\"auto, (max-width: 212px) 100vw, 212px\" \/><\/a><p id=\"caption-attachment-186\" class=\"wp-caption-text\">Za\u0142\u0105cznik 3: Za\u015bwiadczenie o ocenach ucznia.<\/p><\/div><\/td>\n<\/tr>\n<\/tbody>\n<\/table>\n<p>&nbsp;<\/p>\n","protected":false},"excerpt":{"rendered":"<p>Za\u0142\u0105czniki &nbsp;<\/p>\n","protected":false},"author":2,"featured_media":0,"parent":29,"menu_order":0,"comment_status":"closed","ping_status":"closed","template":"","meta":{"ngg_post_thumbnail":0,"footnotes":""},"class_list":["post-147","page","type-page","status-publish","hentry"],"_links":{"self":[{"href":"https:\/\/physics.uwb.edu.pl\/wf\/przyszlosc\/wp-json\/wp\/v2\/pages\/147","targetHints":{"allow":["GET"]}}],"collection":[{"href":"https:\/\/physics.uwb.edu.pl\/wf\/przyszlosc\/wp-json\/wp\/v2\/pages"}],"about":[{"href":"https:\/\/physics.uwb.edu.pl\/wf\/przyszlosc\/wp-json\/wp\/v2\/types\/page"}],"author":[{"embeddable":true,"href":"https:\/\/physics.uwb.edu.pl\/wf\/przyszlosc\/wp-json\/wp\/v2\/users\/2"}],"replies":[{"embeddable":true,"href":"https:\/\/physics.uwb.edu.pl\/wf\/przyszlosc\/wp-json\/wp\/v2\/comments?post=147"}],"version-history":[{"count":9,"href":"https:\/\/physics.uwb.edu.pl\/wf\/przyszlosc\/wp-json\/wp\/v2\/pages\/147\/revisions"}],"predecessor-version":[{"id":685,"href":"https:\/\/physics.uwb.edu.pl\/wf\/przyszlosc\/wp-json\/wp\/v2\/pages\/147\/revisions\/685"}],"up":[{"embeddable":true,"href":"https:\/\/physics.uwb.edu.pl\/wf\/przyszlosc\/wp-json\/wp\/v2\/pages\/29"}],"wp:attachment":[{"href":"https:\/\/physics.uwb.edu.pl\/wf\/przyszlosc\/wp-json\/wp\/v2\/media?parent=147"}],"curies":[{"name":"wp","href":"https:\/\/api.w.org\/{rel}","templated":true}]}}