{"id":215,"date":"2016-09-16T11:02:21","date_gmt":"2016-09-16T11:02:21","guid":{"rendered":"http:\/\/physics.uwb.edu.pl\/wf\/przyszlosc\/?page_id=215"},"modified":"2017-03-02T09:07:57","modified_gmt":"2017-03-02T08:07:57","slug":"formularz-zgloszenia","status":"publish","type":"page","link":"https:\/\/physics.uwb.edu.pl\/wf\/przyszlosc\/formularz-zgloszenia","title":{"rendered":"Rekrutacja zako\u0144czona"},"content":{"rendered":"<p>Dzi\u0119kujemy za liczne zg\u0142oszenia. Co dalej?<\/p>\n<ul>\n<li>o wynikach rekrutacji poinformujemy emailem (w dniu <strong>1 marca<\/strong>, po godz. 16:00)<\/li>\n<li>w emailu uczniowie dostan\u0105 informacj\u0119 o zaj\u0119ciach, na kt\u00f3re si\u0119 zakwalifikowali <strong>oraz godziny spotka\u0144<\/strong> na te zaj\u0119cia<\/li>\n<li>nale\u017cy potwierdzi\u0107 otrzymany email &#8211; w przeciwnym przypadku zostanie zakfalifikowana kolejna osoba z listy os\u00f3b oczekuj\u0105cych &nbsp;(na potwierdzenia czekamy do <strong>3 marca<\/strong> w\u0142\u0105czenie)<\/li>\n<li>osoby wybieraj\u0105ce dwa bloki zaj\u0119\u0107 otrzymaj\u0105 dwa emaile &#8211; nale\u017cy odpowiedzie\u0107 na ka\u017cdy z nich oddzielnie<\/li>\n<li>osoby rezygnuj\u0105ce z zaj\u0119\u0107 (z powodu niedopasowania si\u0119 do zaproponowanych termin\u00f3w spotka\u0144 lub innych) tak\u017ce proszone s\u0105 o odpowiedzenie na wys\u0142any przez nas email &#8211; z informacj\u0105, \u017ce <strong>nie b\u0119d\u0105 ucz\u0119szcza\u0107<\/strong>&nbsp;(to nam pozwoli zapisa\u0107 kolejn\u0105 osob\u0119 oczekuj\u0105c\u0105 na zaj\u0119cia)<\/li>\n<li>je\u015bli nie wszyscy uczestnicy potwierdz\u0105 sw\u00f3j uczia\u0142 &#8211; na ich miejsce &#8222;wskocz\u0105&#8221; kolejne osoby z <strong>listy &#8222;rezerwowej&#8221;<\/strong> &#8211; emaile do nich b\u0119d\u0105 rozsy\u0142ane w sobot\u0119 4-go marca<\/li>\n<li>na pierwsze zaj\u0119cia (rozpoczynaj\u0105ce si\u0119 od <strong>6-go marca<\/strong>) nale\u017cy przynie\u015b\u0107 orygina\u0142y dokument\u00f3w (je\u015bli osoba ucz\u0119szcza na 2 bloki tematyczne &#8211; wystarczy dostarczy\u0107 jeden komplet dokument\u00f3w).&nbsp;<\/li>\n<\/ul>\n","protected":false},"excerpt":{"rendered":"<p>Dzi\u0119kujemy za liczne zg\u0142oszenia. Co dalej? o wynikach rekrutacji poinformujemy emailem (w dniu 1 marca, po godz. 16:00) w emailu uczniowie dostan\u0105 informacj\u0119 o zaj\u0119ciach, na kt\u00f3re si\u0119 zakwalifikowali oraz godziny spotka\u0144 na te zaj\u0119cia nale\u017cy potwierdzi\u0107 otrzymany email &#8211; &hellip; <a href=\"https:\/\/physics.uwb.edu.pl\/wf\/przyszlosc\/formularz-zgloszenia\">Czytaj dalej <span class=\"meta-nav\">&rarr;<\/span><\/a><\/p>\n","protected":false},"author":2,"featured_media":0,"parent":0,"menu_order":0,"comment_status":"closed","ping_status":"closed","template":"","meta":{"ngg_post_thumbnail":0,"footnotes":""},"class_list":["post-215","page","type-page","status-publish","hentry"],"_links":{"self":[{"href":"https:\/\/physics.uwb.edu.pl\/wf\/przyszlosc\/wp-json\/wp\/v2\/pages\/215","targetHints":{"allow":["GET"]}}],"collection":[{"href":"https:\/\/physics.uwb.edu.pl\/wf\/przyszlosc\/wp-json\/wp\/v2\/pages"}],"about":[{"href":"https:\/\/physics.uwb.edu.pl\/wf\/przyszlosc\/wp-json\/wp\/v2\/types\/page"}],"author":[{"embeddable":true,"href":"https:\/\/physics.uwb.edu.pl\/wf\/przyszlosc\/wp-json\/wp\/v2\/users\/2"}],"replies":[{"embeddable":true,"href":"https:\/\/physics.uwb.edu.pl\/wf\/przyszlosc\/wp-json\/wp\/v2\/comments?post=215"}],"version-history":[{"count":24,"href":"https:\/\/physics.uwb.edu.pl\/wf\/przyszlosc\/wp-json\/wp\/v2\/pages\/215\/revisions"}],"predecessor-version":[{"id":1181,"href":"https:\/\/physics.uwb.edu.pl\/wf\/przyszlosc\/wp-json\/wp\/v2\/pages\/215\/revisions\/1181"}],"wp:attachment":[{"href":"https:\/\/physics.uwb.edu.pl\/wf\/przyszlosc\/wp-json\/wp\/v2\/media?parent=215"}],"curies":[{"name":"wp","href":"https:\/\/api.w.org\/{rel}","templated":true}]}}