{"id":36,"date":"2016-09-06T10:18:02","date_gmt":"2016-09-06T10:18:02","guid":{"rendered":"http:\/\/physics.uwb.edu.pl\/wf\/przyszlosc\/?page_id=36"},"modified":"2016-09-07T18:18:13","modified_gmt":"2016-09-07T18:18:13","slug":"kontakt","status":"publish","type":"page","link":"https:\/\/physics.uwb.edu.pl\/wf\/przyszlosc\/kontakt","title":{"rendered":"Kontakt"},"content":{"rendered":"<h3>Warsztaty: \u201cZ fizyk\u0105 w przysz\u0142o\u015b\u0107\u201d<\/h3>\n<p><strong>Wydzia\u0142 Fizyki Uniwersytetu w Bia\u0142ymstoku<\/strong><br \/>\nul. Cio\u0142kowskiego 1L<br \/>\n15-245 Bia\u0142ystok<br \/>\nWWW: <a style=\"color: blue;\" href=\"http:\/\/przyszlosc.fizyka.uwb.edu.pl\/\">http:\/\/przyszlosc.fizyka.uwb.edu.pl\/<\/a><br \/>\nE-mail: <a style=\"color: blue;\" href=\"mailto:przyszlosc.fizyka@uwb.edu.pl\">przyszlosc.fizyka@uwb.edu.pl<\/a><\/p>\n<p><strong>Osoby kontaktowe:<\/strong><\/p>\n<p><em>Krzysztof Gawryluk<\/em><\/p>\n<p><!-- E-mail: <a style=\"color:blue;\" href=\"mailto:k.gawryluk@uwb.edu.pl\">k.gawryluk@uwb.edu.pl<\/a><\/br> -->tel: 85-738-8198<br \/>\n<em>Wojciech Dobrogowski<\/em><\/p>\n<p><!--  E-mail: <a style=\"color:blue;\" href=\"mailto:dobrog@uwb.edu.pl\">dobrog@uwb.edu.pl<\/a><\/br> -->tel: 85-738-8188<br \/>\n<script src=\"http:\/\/maps.google.com\/maps?file=api&amp;v=2&amp;sensor=true&amp;key=ABQIAAAAqvYRoLFacY_MZYUXCuliMRS8Gw1d-7wQDLEtlrSnY94rY_S53hQXKT5eDjSdL2RFLBF400OW_p98lQ\" type=\"text\/javascript\"><\/script> <script type=\"text\/javascript\">\nvar mapa;\nfunction mapaStart()\n{\nif(GBrowserIsCompatible())\n{\nmapa = new GMap2(document.getElementById('mapka'),{mapTypes: [G_NORMAL_MAP]});\nmapa.setCenter(new GLatLng(53.108376, 23.154325),17\n);\n\/\/ikonka A\nvar ikona1 = new GIcon();\nikona1.image = \"http:\/\/www.google.com\/intl\/en_ALL\/mapfiles\/markerA.png\";\nikona1.shadow = \"http:\/\/www.google.com\/intl\/en_ALL\/mapfiles\/shadow50.png\";\nikona1.iconSize = new GSize(20, 32);\nikona1.infoWindowAnchor = new GPoint(16,16);\nikona1.iconAnchor = new GPoint(10,32);\n\/\/ikonka B\nvar ikona2 = new GIcon(ikona1);\nikona2.image = \"http:\/\/www.google.com\/intl\/en_ALL\/mapfiles\/markerB.png\";\n\/\/ikonka C\nvar ikona3 = new GIcon(ikona1);\nikona3.image = \"http:\/\/www.google.com\/intl\/en_ALL\/mapfiles\/markerC.png\";\n\/\/            dodajMarker(53.135429, 23.137353,{title: 'Dworzec PKP ', icon: ikona1}); \t\t\t\ndodajMarker(53.108376, 23.154325,{title: 'Wydzia\u0142 Fizyki', icon: ikona2}); \n\/\/            dodajMarker(53.133726, 23.149247,{title: 'Lipowa 43', icon: ikona3}); \nGEvent.addListener();\n}\n}\nfunction dodajMarker(lat,lon,opcje)\n{\nvar marker = new GMarker(new GLatLng(lat,lon),opcje);\nmapa.addOverlay(marker);\n}\n<\/script><\/p>\n<map id=\"_Image-Maps_4201204161106543\" name=\"Image-Maps_4201204161106543\"> <\/map>\n","protected":false},"excerpt":{"rendered":"<p>Warsztaty: \u201cZ fizyk\u0105 w przysz\u0142o\u015b\u0107\u201d Wydzia\u0142 Fizyki Uniwersytetu w Bia\u0142ymstoku ul. Cio\u0142kowskiego 1L 15-245 Bia\u0142ystok WWW: http:\/\/przyszlosc.fizyka.uwb.edu.pl\/ E-mail: przyszlosc.fizyka@uwb.edu.pl Osoby kontaktowe: Krzysztof Gawryluk tel: 85-738-8198 Wojciech Dobrogowski tel: 85-738-8188<\/p>\n","protected":false},"author":2,"featured_media":0,"parent":0,"menu_order":0,"comment_status":"closed","ping_status":"closed","template":"","meta":{"ngg_post_thumbnail":0,"footnotes":""},"class_list":["post-36","page","type-page","status-publish","hentry"],"_links":{"self":[{"href":"https:\/\/physics.uwb.edu.pl\/wf\/przyszlosc\/wp-json\/wp\/v2\/pages\/36","targetHints":{"allow":["GET"]}}],"collection":[{"href":"https:\/\/physics.uwb.edu.pl\/wf\/przyszlosc\/wp-json\/wp\/v2\/pages"}],"about":[{"href":"https:\/\/physics.uwb.edu.pl\/wf\/przyszlosc\/wp-json\/wp\/v2\/types\/page"}],"author":[{"embeddable":true,"href":"https:\/\/physics.uwb.edu.pl\/wf\/przyszlosc\/wp-json\/wp\/v2\/users\/2"}],"replies":[{"embeddable":true,"href":"https:\/\/physics.uwb.edu.pl\/wf\/przyszlosc\/wp-json\/wp\/v2\/comments?post=36"}],"version-history":[{"count":8,"href":"https:\/\/physics.uwb.edu.pl\/wf\/przyszlosc\/wp-json\/wp\/v2\/pages\/36\/revisions"}],"predecessor-version":[{"id":123,"href":"https:\/\/physics.uwb.edu.pl\/wf\/przyszlosc\/wp-json\/wp\/v2\/pages\/36\/revisions\/123"}],"wp:attachment":[{"href":"https:\/\/physics.uwb.edu.pl\/wf\/przyszlosc\/wp-json\/wp\/v2\/media?parent=36"}],"curies":[{"name":"wp","href":"https:\/\/api.w.org\/{rel}","templated":true}]}}