{"id":46,"date":"2016-09-06T12:12:43","date_gmt":"2016-09-06T12:12:43","guid":{"rendered":"http:\/\/physics.uwb.edu.pl\/wf\/przyszlosc\/?page_id=46"},"modified":"2019-07-22T09:07:11","modified_gmt":"2019-07-22T07:07:11","slug":"warsztaty","status":"publish","type":"page","link":"https:\/\/physics.uwb.edu.pl\/wf\/przyszlosc\/","title":{"rendered":"Warsztaty"},"content":{"rendered":"<h3><strong>Warsztaty zako\u0144czone<\/strong>. Mi\u0142o nam by\u0142o go\u015bci\u0107 w naszych laboratoriach <strong>ponad 200<\/strong>-tu uczni\u00f3w (I edycja, rok 2016 &#8211; 90 uczni\u00f3w, II edycja, rok 2017 &#8211; 112 uczni\u00f3w). Wi\u0119cej danych statystycznych w <a href=\"http:\/\/physics.uwb.edu.pl\/wf\/przyszlosc\/?page_id=661\">fotorelacji z zako\u0144czenia warsztat\u00f3w<\/a>.<\/h3>\n<p>To fakt &#8211; warsztaty zako\u0144czy\u0142y si\u0119.<strong> Nie oznacza to<\/strong> bynajmniej ko\u0144ca wsp\u00f3\u0142pracy z Wydzia\u0142em Fizyki. Najbardziej aktywni uczestnicy warsztat\u00f3w otrzymali mo\u017cliwo\u015b\u0107 kontynuacji zaj\u0119\u0107 z programowania gier na kole naukowy <a href=\"http:\/\/figiel.fizyka.uwb.edu.pl\">FiGieL<\/a>, oraz z robotyki na kole naukowym <a href=\"http:\/\/fibot.fizyka.uwb.edu.pl\">Fi-BOT<\/a>. Strona www pozostaje aktywna &#8211; uwa\u017camy bowiem, \u017ce tematyka warsztat\u00f3w ci\u0105gle jest aktualna i warta polecenia uczniom. Mo\u017cna nawi\u0105za\u0107 z <a href=\"mailto: k.gawryluk@uwb.edu.pl\">nami kontakt<\/a> i poprowadzi\u0107 <strong>wsp\u00f3lny projekt<\/strong> &#8211; zapraszamy do wsp\u00f3\u0142pracy!<\/p>\n<h2>Dyplomy oraz broszury<\/h2>\n<p>dla os\u00f3b nieobecnych podczas naszego sobotniego spotkania &#8211; do odebrania po wcze\u015bniejszym <a href=\"mailto:przyszlosc@fizyka.uwb.edu.pl\">zapowiedzeniu si\u0119<\/a>. Fotorelacja z zako\u0144czenia &#8211; <a href=\"http:\/\/physics.uwb.edu.pl\/wf\/przyszlosc\/?page_id=661\">kliknij &nbsp;tutaj<\/a>.<\/p>\n<h2><del>Zako\u0144czenie Warsztat\u00f3w (wr\u0119czenie dyplom\u00f3w oraz broszur)+ spektakularne pokazy z fizyki cz.2 pt. &#8222;Fale wok\u00f3\u0142 nas&#8221; &#8212; <strong>sobota 20 maja, godz. 10:00-11:00<\/strong>&nbsp;&#8211; ju\u017c dzi\u015b zapisz to w swoim kalendarzu!<\/del><\/h2>\n<h2><del>\u015awi\u0119ta Wielkanocne: <strong>wszystkie<\/strong> zaj\u0119cia w dniach 13-18 kwietnia zosta\u0142y prze\u0142o\u017cone na p\u00f3\u017aniejsze terminy (maj).<\/del><\/h2>\n<h1><div id=\"metaslider-id-28\" style=\"max-width: 699px; margin: 0 auto;\" class=\"ml-slider-3-107-0 metaslider metaslider-responsive metaslider-28 ml-slider ms-theme-default\" role=\"region\" aria-label=\"g\u0142owna\" data-height=\"300\" data-width=\"699\">\n    <div id=\"metaslider_container_28\">\n        <ul id='metaslider_28' class='rslides'>\n            <li aria-roledescription='slide' aria-labelledby='slide-0'><a href=\"http:\/\/physics.uwb.edu.pl\/wf\/przyszlosc\/?page_id=48\" target=\"_self\"><img loading=\"lazy\" decoding=\"async\" width=\"742\" height=\"496\" src=\"https:\/\/physics.uwb.edu.pl\/wf\/przyszlosc\/wp-content\/uploads\/sites\/7\/2016\/10\/screenshot.158.jpg\" class=\"slider-28 slide-556 msDefaultImage\" alt=\"\" rel=\"\" title=\"\" srcset=\"https:\/\/physics.uwb.edu.pl\/wf\/przyszlosc\/wp-content\/uploads\/sites\/7\/2016\/10\/screenshot.158.jpg 742w, https:\/\/physics.uwb.edu.pl\/wf\/przyszlosc\/wp-content\/uploads\/sites\/7\/2016\/10\/screenshot.158-300x201.jpg 300w, https:\/\/physics.uwb.edu.pl\/wf\/przyszlosc\/wp-content\/uploads\/sites\/7\/2016\/10\/screenshot.158-600x400.jpg 600w\" sizes=\"auto, (max-width: 742px) 100vw, 742px\" \/><div class=\"caption-wrap\"><div class=\"caption\">Warsztaty w ma\u0142ych grupach<\/div><\/div><\/a><\/li>\n            <li style='display: none;' aria-roledescription='slide' aria-labelledby='slide-1'><a href=\"http:\/\/physics.uwb.edu.pl\/wf\/przyszlosc\/?page_id=50\" target=\"_self\"><img loading=\"lazy\" decoding=\"async\" width=\"2943\" height=\"2396\" src=\"https:\/\/physics.uwb.edu.pl\/wf\/przyszlosc\/wp-content\/uploads\/sites\/7\/2016\/09\/klasyczna-fzyka.jpg\" class=\"slider-28 slide-102 msDefaultImage\" alt=\"\" rel=\"\" title=\"\" srcset=\"https:\/\/physics.uwb.edu.pl\/wf\/przyszlosc\/wp-content\/uploads\/sites\/7\/2016\/09\/klasyczna-fzyka.jpg 2943w, https:\/\/physics.uwb.edu.pl\/wf\/przyszlosc\/wp-content\/uploads\/sites\/7\/2016\/09\/klasyczna-fzyka-300x244.jpg 300w, https:\/\/physics.uwb.edu.pl\/wf\/przyszlosc\/wp-content\/uploads\/sites\/7\/2016\/09\/klasyczna-fzyka-768x625.jpg 768w, https:\/\/physics.uwb.edu.pl\/wf\/przyszlosc\/wp-content\/uploads\/sites\/7\/2016\/09\/klasyczna-fzyka-1024x834.jpg 1024w\" sizes=\"auto, (max-width: 2943px) 100vw, 2943px\" \/><div class=\"caption-wrap\"><div class=\"caption\">Eksperymentuj klasycznie<\/div><\/div><\/a><\/li>\n            <li style='display: none;' aria-roledescription='slide' aria-labelledby='slide-2'><a href=\"http:\/\/physics.uwb.edu.pl\/wf\/przyszlosc\/?page_id=52\" target=\"_self\"><img loading=\"lazy\" decoding=\"async\" width=\"1000\" height=\"664\" src=\"https:\/\/physics.uwb.edu.pl\/wf\/przyszlosc\/wp-content\/uploads\/sites\/7\/2016\/09\/16.jpg\" class=\"slider-28 slide-99 msDefaultImage\" alt=\"\" rel=\"\" title=\"\" srcset=\"https:\/\/physics.uwb.edu.pl\/wf\/przyszlosc\/wp-content\/uploads\/sites\/7\/2016\/09\/16.jpg 1000w, https:\/\/physics.uwb.edu.pl\/wf\/przyszlosc\/wp-content\/uploads\/sites\/7\/2016\/09\/16-300x199.jpg 300w, https:\/\/physics.uwb.edu.pl\/wf\/przyszlosc\/wp-content\/uploads\/sites\/7\/2016\/09\/16-768x510.jpg 768w\" sizes=\"auto, (max-width: 1000px) 100vw, 1000px\" \/><div class=\"caption-wrap\"><div class=\"caption\">Mierz komputerem<\/div><\/div><\/a><\/li>\n            <li style='display: none;' aria-roledescription='slide' aria-labelledby='slide-3'><a href=\"http:\/\/physics.uwb.edu.pl\/wf\/przyszlosc\/?page_id=54\" target=\"_self\"><img loading=\"lazy\" decoding=\"async\" width=\"2048\" height=\"1152\" src=\"https:\/\/physics.uwb.edu.pl\/wf\/przyszlosc\/wp-content\/uploads\/sites\/7\/2016\/09\/13996109_638550186296099_2110882054146758660_o.jpg\" class=\"slider-28 slide-100 msDefaultImage\" alt=\"\" rel=\"\" title=\"\" srcset=\"https:\/\/physics.uwb.edu.pl\/wf\/przyszlosc\/wp-content\/uploads\/sites\/7\/2016\/09\/13996109_638550186296099_2110882054146758660_o.jpg 2048w, https:\/\/physics.uwb.edu.pl\/wf\/przyszlosc\/wp-content\/uploads\/sites\/7\/2016\/09\/13996109_638550186296099_2110882054146758660_o-300x169.jpg 300w, https:\/\/physics.uwb.edu.pl\/wf\/przyszlosc\/wp-content\/uploads\/sites\/7\/2016\/09\/13996109_638550186296099_2110882054146758660_o-768x432.jpg 768w, https:\/\/physics.uwb.edu.pl\/wf\/przyszlosc\/wp-content\/uploads\/sites\/7\/2016\/09\/13996109_638550186296099_2110882054146758660_o-1024x576.jpg 1024w\" sizes=\"auto, (max-width: 2048px) 100vw, 2048px\" \/><div class=\"caption-wrap\"><div class=\"caption\">Zbuduj w\u0142asnego robota<\/div><\/div><\/a><\/li>\n            <li style='display: none;' aria-roledescription='slide' aria-labelledby='slide-4'><a href=\"http:\/\/physics.uwb.edu.pl\/wf\/przyszlosc\/?page_id=56\" target=\"_self\"><img loading=\"lazy\" decoding=\"async\" width=\"2048\" height=\"1152\" src=\"https:\/\/physics.uwb.edu.pl\/wf\/przyszlosc\/wp-content\/uploads\/sites\/7\/2016\/09\/druk-3d.jpg\" class=\"slider-28 slide-101 msDefaultImage\" alt=\"\" rel=\"\" title=\"\" srcset=\"https:\/\/physics.uwb.edu.pl\/wf\/przyszlosc\/wp-content\/uploads\/sites\/7\/2016\/09\/druk-3d.jpg 2048w, https:\/\/physics.uwb.edu.pl\/wf\/przyszlosc\/wp-content\/uploads\/sites\/7\/2016\/09\/druk-3d-300x169.jpg 300w, https:\/\/physics.uwb.edu.pl\/wf\/przyszlosc\/wp-content\/uploads\/sites\/7\/2016\/09\/druk-3d-768x432.jpg 768w, https:\/\/physics.uwb.edu.pl\/wf\/przyszlosc\/wp-content\/uploads\/sites\/7\/2016\/09\/druk-3d-1024x576.jpg 1024w\" sizes=\"auto, (max-width: 2048px) 100vw, 2048px\" \/><div class=\"caption-wrap\"><div class=\"caption\">Naucz si\u0119 druku 3D<\/div><\/div><\/a><\/li>\n            <li style='display: none;' aria-roledescription='slide' aria-labelledby='slide-5'><a href=\"http:\/\/physics.uwb.edu.pl\/wf\/przyszlosc\/?page_id=58\" target=\"_self\"><img loading=\"lazy\" decoding=\"async\" width=\"1469\" height=\"1054\" src=\"https:\/\/physics.uwb.edu.pl\/wf\/przyszlosc\/wp-content\/uploads\/sites\/7\/2016\/09\/okno_z_kodem.png\" class=\"slider-28 slide-97 msDefaultImage\" alt=\"\" rel=\"\" title=\"\" srcset=\"https:\/\/physics.uwb.edu.pl\/wf\/przyszlosc\/wp-content\/uploads\/sites\/7\/2016\/09\/okno_z_kodem.png 1469w, https:\/\/physics.uwb.edu.pl\/wf\/przyszlosc\/wp-content\/uploads\/sites\/7\/2016\/09\/okno_z_kodem-300x215.png 300w, https:\/\/physics.uwb.edu.pl\/wf\/przyszlosc\/wp-content\/uploads\/sites\/7\/2016\/09\/okno_z_kodem-768x551.png 768w, https:\/\/physics.uwb.edu.pl\/wf\/przyszlosc\/wp-content\/uploads\/sites\/7\/2016\/09\/okno_z_kodem-1024x735.png 1024w\" sizes=\"auto, (max-width: 1469px) 100vw, 1469px\" \/><div class=\"caption-wrap\"><div class=\"caption\">Napisz w\u0142asn\u0105 gr\u0119<\/div><\/div><\/a><\/li>\n            <li style='display: none;' aria-roledescription='slide' aria-labelledby='slide-6'><a href=\"http:\/\/physics.uwb.edu.pl\" target=\"_self\"><img loading=\"lazy\" decoding=\"async\" width=\"874\" height=\"426\" src=\"https:\/\/physics.uwb.edu.pl\/wf\/przyszlosc\/wp-content\/uploads\/sites\/7\/2016\/09\/screenshot.147.jpg\" class=\"slider-28 slide-193 msDefaultImage\" alt=\"\" rel=\"\" title=\"\" srcset=\"https:\/\/physics.uwb.edu.pl\/wf\/przyszlosc\/wp-content\/uploads\/sites\/7\/2016\/09\/screenshot.147.jpg 874w, https:\/\/physics.uwb.edu.pl\/wf\/przyszlosc\/wp-content\/uploads\/sites\/7\/2016\/09\/screenshot.147-300x146.jpg 300w, https:\/\/physics.uwb.edu.pl\/wf\/przyszlosc\/wp-content\/uploads\/sites\/7\/2016\/09\/screenshot.147-768x374.jpg 768w\" sizes=\"auto, (max-width: 874px) 100vw, 874px\" \/><div class=\"caption-wrap\"><div class=\"caption\">ZAPRASZAMY<\/div><\/div><\/a><\/li>\n        <\/ul>\n        \n    <\/div>\n<\/div><\/h1>\n<p>Wychodz\u0105c na przeciw zainteresowaniu m\u0142odzie\u017cy w poznawaniu nowinek technicznych otwieramy uniwersyteckie laboratoria. Pod okiem do\u015bwiadczonych fizyk\u00f3w w pracowniach do\u015bwiadczalnych i komputerowych b\u0119dziemy przedstawia\u0107 wzajemne powi\u0105zanie nauk \u015bcis\u0142ych, skupione wok\u00f3\u0142 zagadnie\u0144 z fizyki, szeroko wykorzystuj\u0105c technologi\u0119 informatyczn\u0105 (IT).<\/p>\n","protected":false},"excerpt":{"rendered":"<p>Warsztaty zako\u0144czone. Mi\u0142o nam by\u0142o go\u015bci\u0107 w naszych laboratoriach ponad 200-tu uczni\u00f3w (I edycja, rok 2016 &#8211; 90 uczni\u00f3w, II edycja, rok 2017 &#8211; 112 uczni\u00f3w). Wi\u0119cej danych statystycznych w fotorelacji z zako\u0144czenia warsztat\u00f3w. To fakt &#8211; warsztaty zako\u0144czy\u0142y si\u0119. &hellip; <a href=\"https:\/\/physics.uwb.edu.pl\/wf\/przyszlosc\/\">Czytaj dalej <span class=\"meta-nav\">&rarr;<\/span><\/a><\/p>\n","protected":false},"author":2,"featured_media":0,"parent":0,"menu_order":0,"comment_status":"closed","ping_status":"closed","template":"","meta":{"ngg_post_thumbnail":0,"footnotes":""},"class_list":["post-46","page","type-page","status-publish","hentry"],"_links":{"self":[{"href":"https:\/\/physics.uwb.edu.pl\/wf\/przyszlosc\/wp-json\/wp\/v2\/pages\/46","targetHints":{"allow":["GET"]}}],"collection":[{"href":"https:\/\/physics.uwb.edu.pl\/wf\/przyszlosc\/wp-json\/wp\/v2\/pages"}],"about":[{"href":"https:\/\/physics.uwb.edu.pl\/wf\/przyszlosc\/wp-json\/wp\/v2\/types\/page"}],"author":[{"embeddable":true,"href":"https:\/\/physics.uwb.edu.pl\/wf\/przyszlosc\/wp-json\/wp\/v2\/users\/2"}],"replies":[{"embeddable":true,"href":"https:\/\/physics.uwb.edu.pl\/wf\/przyszlosc\/wp-json\/wp\/v2\/comments?post=46"}],"version-history":[{"count":80,"href":"https:\/\/physics.uwb.edu.pl\/wf\/przyszlosc\/wp-json\/wp\/v2\/pages\/46\/revisions"}],"predecessor-version":[{"id":1455,"href":"https:\/\/physics.uwb.edu.pl\/wf\/przyszlosc\/wp-json\/wp\/v2\/pages\/46\/revisions\/1455"}],"wp:attachment":[{"href":"https:\/\/physics.uwb.edu.pl\/wf\/przyszlosc\/wp-json\/wp\/v2\/media?parent=46"}],"curies":[{"name":"wp","href":"https:\/\/api.w.org\/{rel}","templated":true}]}}