{"id":48,"date":"2016-09-06T13:00:33","date_gmt":"2016-09-06T13:00:33","guid":{"rendered":"http:\/\/physics.uwb.edu.pl\/wf\/przyszlosc\/?page_id=48"},"modified":"2016-10-10T13:57:40","modified_gmt":"2016-10-10T11:57:40","slug":"opis-projektu","status":"publish","type":"page","link":"https:\/\/physics.uwb.edu.pl\/wf\/przyszlosc\/strona-glowna\/opis-projektu","title":{"rendered":"Opis projektu"},"content":{"rendered":"<p style=\"text-align: justify;\">(do pobrania: <a href=\"http:\/\/physics.uwb.edu.pl\/wf\/przyszlosc\/wp-content\/uploads\/sites\/7\/2016\/09\/Warsztaty.pdf\">mini-plakat<\/a> z kr\u00f3tk\u0105 informacj\u0105 o Warsztatach 0.5MB)<\/p>\n<p style=\"text-align: justify;\">Proponowane warsztaty &#8222;Z fizyk\u0105 w przysz\u0142o\u015b\u0107&#8221; to impreza popularyzuj\u0105ca nauki \u015bcis\u0142e kierowana do <strong>m\u0142odzie\u017cy licealnej<\/strong>. W interdyscyplinarny spos\u00f3b b\u0119dzie poruszana tematyka z fizyki, matematyki, informatyki oraz robotyki. Wsp\u00f3lnym mianownikiem spotka\u0144 b\u0119dzie praktyczne przedstawienie spotykanych w codziennym \u017cyciu technologii informatycznych. Atutem warsztat\u00f3w jest planowana forma &#8211; zaj\u0119cia praktyczne, <strong>w ma\u0142ych grupach<\/strong>.<\/p>\n<div id=\"attachment_44\" style=\"width: 741px\" class=\"wp-caption aligncenter\"><img loading=\"lazy\" decoding=\"async\" aria-describedby=\"caption-attachment-44\" class=\"size-full wp-image-44\" src=\"http:\/\/physics.uwb.edu.pl\/wf\/przyszlosc\/wp-content\/uploads\/sites\/7\/2016\/09\/warsztaty3.png\" alt=\"Warsztaty w ma\u0142ych grupach \" width=\"731\" height=\"222\" srcset=\"https:\/\/physics.uwb.edu.pl\/wf\/przyszlosc\/wp-content\/uploads\/sites\/7\/2016\/09\/warsztaty3.png 731w, https:\/\/physics.uwb.edu.pl\/wf\/przyszlosc\/wp-content\/uploads\/sites\/7\/2016\/09\/warsztaty3-300x91.png 300w\" sizes=\"auto, (max-width: 731px) 100vw, 731px\" \/><p id=\"caption-attachment-44\" class=\"wp-caption-text\">Warsztaty w ma\u0142ych grupach<\/p><\/div>\n<p style=\"text-align: justify;\">Wychodz\u0105c na przeciw zainteresowaniu m\u0142odzie\u017cy w poznawaniu nowinek technicznych otwieramy uniwersyteckie laboratoria. Pod okiem <strong>do\u015bwiadczonych fizyk\u00f3w<\/strong> w pracowniach do\u015bwiadczalnych i komputerowych b\u0119dziemy przedstawia\u0107 wzajemne powi\u0105zanie nauk \u015bcis\u0142ych, skupione wok\u00f3\u0142 zagadnie\u0144 z fizyki, szeroko wykorzystuj\u0105c technologi\u0119 informatyczn\u0105 (IT). Uczestnicy zbuduj\u0105 proste uk\u0142ady elektroniczne sterowane mikrokontrolerem (platforma <strong>Arduino<\/strong>), zaprojektuj\u0105 elementy gotowe do wydrukowania na <strong>drukarkach 3D<\/strong>, wykonaj\u0105 pomiary wielko\u015bci fizycznych z wykorzystaniem komputera i nie tylko, a tak\u017ce stworz\u0105 prost\u0105 gr\u0119 komputerow\u0105 z wykorzystaniem grafiki tr\u00f3jwymiarowej. Do\u015bwiadczenia fizyczne pe\u0142ni\u0105 tu niezb\u0119dn\u0105 rol\u0119 poznawcz\u0105, ilustruj\u0105 metody badawcze, analiz\u0119 danych i wprowadzaj\u0105 do samodzielnego budowania uk\u0142ad\u00f3w. Ma\u0142e grupy, a przez to \u0142atwa interakcja z prowadz\u0105cym, pozwoli rozwin\u0105\u0107 kreatywne my\u015blenie a tak\u017ce wprowadzi do praktycznego wykorzystania zdobytej wiedzy.<\/p>\n<p style=\"text-align: justify;\">Warsztaty obejmuj\u0105 <strong>pi\u0119\u0107 blok\u00f3w<\/strong> tematycznych, na kt\u00f3re uczestnicy zapisuj\u0105 si\u0119 w zale\u017cno\u015bci od zainteresowa\u0144. Istnieje mo\u017cliwo\u015b\u0107 zapisu jednego uczestnika na wszystkie bloki tematyczne, jak te\u017c na dowoln\u0105 ich liczb\u0119. Przewidziane s\u0105 4 spotkania w ci\u0105gu jednego miesi\u0105ca dla ka\u017cdego bloku oraz do 5 grup uczniowskich na blok (maksymalnie do 12 os\u00f3b w grupie). Spotkania b\u0119d\u0105 odbywa\u0107 si\u0119 w dni powszednie w godzinach popo\u0142udniowych. Dzi\u0119ki temu ucze\u0144 b\u0119dzie mia\u0142 mo\u017cliwo\u015b\u0107 dogodnego doboru terminu uczestnictwa w wybranym warsztacie, oraz niekolidowania z zaj\u0119ciami szkolnymi. Przewidziane s\u0105 dwie edycje warsztat\u00f3w. W zale\u017cno\u015bci od liczby zg\u0142osze\u0144 uczestnik\u00f3w druga edycja b\u0119dzie powt\u00f3rzeniem lub kontynuacj\u0105 (na poziomie rozszerzonym).<\/p>\n<p style=\"text-align: justify;\">Warsztaty obejmuj\u0105 pi\u0119\u0107 blok\u00f3w tematycznych:<br \/>\n1) <a href=\"http:\/\/physics.uwb.edu.pl\/wf\/przyszlosc\/?page_id=50\">Klasyczne do\u015bwiadczenia fizyka &#8211; eksperymentatora<\/a>.<br \/>\n2) <a href=\"http:\/\/physics.uwb.edu.pl\/wf\/przyszlosc\/?page_id=52\">Eksperymenty fizyczne wspomagane komputerowo<\/a>.<br \/>\n3) <a href=\"http:\/\/physics.uwb.edu.pl\/wf\/przyszlosc\/?page_id=54\">Robotyka dla ka\u017cdego.<\/a><br \/>\n4)<a href=\"http:\/\/physics.uwb.edu.pl\/wf\/przyszlosc\/?page_id=56\"> Drukarki 3D &#8211; modelowanie tr\u00f3jwymiarowe<\/a>.<br \/>\n5) <a href=\"http:\/\/physics.uwb.edu.pl\/wf\/przyszlosc\/?page_id=58\">Fizyka, grafika i gry komputerowe<\/a>.<\/p>\n<h2 style=\"text-align: justify;\">Spektakularne pokazy z fizyki &#8211; 2 spotkania w soboty.<\/h2>\n<p style=\"text-align: justify;\">Opr\u00f3cz regularnych spotka\u0144 w dni powszednie planowane s\u0105 <strong>dwa spotkania sobotnie<\/strong>, kierowane do wszystkich uczestnik\u00f3w &#8211; otwieraj\u0105ce oraz podsumowuj\u0105ce warsztaty (po\u0142\u0105czone z prezentacj\u0105 najlepszych prac). Terminy spotka\u0144 b\u0119d\u0105 ustalone w trakcie trwania Warsztat\u00f3w.<\/p>\n<p style=\"text-align: justify;\">Spotkania sobotnie dla wszystkich uczestnik\u00f3w przewiduj\u0105 <strong>spektakularne pokazy<\/strong> zjawisk fizycznych (po 1 godzinie), po\u0142\u0105czone z wyk\u0142adami wyja\u015bniaj\u0105cymi ich natur\u0119. Prowadzone b\u0119d\u0105 przez zaproszonych go\u015bci, a ich tematyk\u0105 b\u0119dzie:<\/p>\n<ol>\n<li style=\"text-align: justify;\">\u00a0Zjawiska falowe ilustrowane p\u0142omieniami (rura Rubensa):<br \/>\na) Fala stoj\u0105ca. Odbicie si\u0119 fal.<br \/>\nb) Pr\u0119dko\u015b\u0107 d\u017awi\u0119ku w gazach.<\/li>\n<li style=\"text-align: justify;\">\u00a0Zasady fizyki klasycznej (drugie spotkanie):<br \/>\na) Zasady dynamiki Newtona w pokazach. Zasady zachowania p\u0119du w pokazach.<br \/>\nc) Zjawisko rezonansu.<br \/>\nd) Ruch obrotowy. Zasada zachowania momentu p\u0119du.<\/li>\n<\/ol>\n<p style=\"text-align: justify;\">Drugie (a zarazem ostatnie) spotkanie przewiduje\u00a0prezentacj\u0119 najciekawszych prac wykonanych przez uczestnik\u00f3w.<\/p>\n<h2 style=\"text-align: justify;\">Dwie edycje Warsztat\u00f3w<\/h2>\n<p style=\"text-align: justify;\">Odb\u0119d\u0105 si\u0119\u00a0<strong>dwie edycje<\/strong>\u00a0Warsztat\u00f3w: pa\u017adziernik i listopad 2016 oraz marzec i maj 2017. Prosimy wi\u0119c \u015bledzi\u0107 nasz\u0105 stron\u0119.<\/p>\n","protected":false},"excerpt":{"rendered":"<p>(do pobrania: mini-plakat z kr\u00f3tk\u0105 informacj\u0105 o Warsztatach 0.5MB) Proponowane warsztaty &#8222;Z fizyk\u0105 w przysz\u0142o\u015b\u0107&#8221; to impreza popularyzuj\u0105ca nauki \u015bcis\u0142e kierowana do m\u0142odzie\u017cy licealnej. W interdyscyplinarny spos\u00f3b b\u0119dzie poruszana tematyka z fizyki, matematyki, informatyki oraz robotyki. Wsp\u00f3lnym mianownikiem spotka\u0144 b\u0119dzie &hellip; <a href=\"https:\/\/physics.uwb.edu.pl\/wf\/przyszlosc\/strona-glowna\/opis-projektu\">Czytaj dalej <span class=\"meta-nav\">&rarr;<\/span><\/a><\/p>\n","protected":false},"author":2,"featured_media":0,"parent":29,"menu_order":0,"comment_status":"closed","ping_status":"closed","template":"","meta":{"ngg_post_thumbnail":0,"footnotes":""},"class_list":["post-48","page","type-page","status-publish","hentry"],"_links":{"self":[{"href":"https:\/\/physics.uwb.edu.pl\/wf\/przyszlosc\/wp-json\/wp\/v2\/pages\/48","targetHints":{"allow":["GET"]}}],"collection":[{"href":"https:\/\/physics.uwb.edu.pl\/wf\/przyszlosc\/wp-json\/wp\/v2\/pages"}],"about":[{"href":"https:\/\/physics.uwb.edu.pl\/wf\/przyszlosc\/wp-json\/wp\/v2\/types\/page"}],"author":[{"embeddable":true,"href":"https:\/\/physics.uwb.edu.pl\/wf\/przyszlosc\/wp-json\/wp\/v2\/users\/2"}],"replies":[{"embeddable":true,"href":"https:\/\/physics.uwb.edu.pl\/wf\/przyszlosc\/wp-json\/wp\/v2\/comments?post=48"}],"version-history":[{"count":17,"href":"https:\/\/physics.uwb.edu.pl\/wf\/przyszlosc\/wp-json\/wp\/v2\/pages\/48\/revisions"}],"predecessor-version":[{"id":550,"href":"https:\/\/physics.uwb.edu.pl\/wf\/przyszlosc\/wp-json\/wp\/v2\/pages\/48\/revisions\/550"}],"up":[{"embeddable":true,"href":"https:\/\/physics.uwb.edu.pl\/wf\/przyszlosc\/wp-json\/wp\/v2\/pages\/29"}],"wp:attachment":[{"href":"https:\/\/physics.uwb.edu.pl\/wf\/przyszlosc\/wp-json\/wp\/v2\/media?parent=48"}],"curies":[{"name":"wp","href":"https:\/\/api.w.org\/{rel}","templated":true}]}}