{"id":50,"date":"2016-09-06T13:01:01","date_gmt":"2016-09-06T13:01:01","guid":{"rendered":"http:\/\/physics.uwb.edu.pl\/wf\/przyszlosc\/?page_id=50"},"modified":"2016-09-08T12:58:47","modified_gmt":"2016-09-08T12:58:47","slug":"klasyczne-doswiadczenia-fizyka-eksperymentatora","status":"publish","type":"page","link":"https:\/\/physics.uwb.edu.pl\/wf\/przyszlosc\/strona-glowna\/opis-projektu\/klasyczne-doswiadczenia-fizyka-eksperymentatora","title":{"rendered":"Klasyczne do\u015bwiadczenia fizyka &#8211; eksperymentatora"},"content":{"rendered":"<p style=\"text-align: justify;\">Zaj\u0119cia praktyczne maj\u0105ce na celu realizacj\u0119 zada\u0144 do\u015bwiadczalnych zawartych w podstawie programowej, wraz z poznaniem rachunku b\u0142\u0119d\u00f3w pomiarowych i jego praktycznym zastosowaniem w opracowaniu danych do\u015bwiadczalnych. Spotkania maj\u0105 na celu przybli\u017cy\u0107 klasyczny warsztat pracy fizyka &#8211; eksperymentatora. Ma to ogromne znaczenie dla os\u00f3b zdaj\u0105cych <strong>rozszerzon\u0105 matur\u0119 z fizyki<\/strong>. Uczestniku warsztat\u00f3w zdobywa umiej\u0119tno\u015bci w budowie prostych uk\u0142ad\u00f3w do\u015bwiadczalnych, stosowania przyrz\u0105d\u00f3w pomiarowych oraz analizy otrzymanych danych. Zaj\u0119cia rozwijaj\u0105 zdolno\u015bci kreatywnego my\u015blenia i intuicje do\u015bwiadczalne potrzebne w rozwi\u0105zywaniu problem\u00f3w pomiarowych.<\/p>\n<div id=\"attachment_102\" style=\"width: 310px\" class=\"wp-caption aligncenter\"><img loading=\"lazy\" decoding=\"async\" aria-describedby=\"caption-attachment-102\" class=\"wp-image-102 size-medium\" src=\"http:\/\/physics.uwb.edu.pl\/wf\/przyszlosc\/wp-content\/uploads\/sites\/7\/2016\/09\/klasyczna-fzyka-300x244.jpg\" alt=\"Eksperymentuj klasycznie\" width=\"300\" height=\"244\" srcset=\"https:\/\/physics.uwb.edu.pl\/wf\/przyszlosc\/wp-content\/uploads\/sites\/7\/2016\/09\/klasyczna-fzyka-300x244.jpg 300w, https:\/\/physics.uwb.edu.pl\/wf\/przyszlosc\/wp-content\/uploads\/sites\/7\/2016\/09\/klasyczna-fzyka-768x625.jpg 768w, https:\/\/physics.uwb.edu.pl\/wf\/przyszlosc\/wp-content\/uploads\/sites\/7\/2016\/09\/klasyczna-fzyka-1024x834.jpg 1024w\" sizes=\"auto, (max-width: 300px) 100vw, 300px\" \/><p id=\"caption-attachment-102\" class=\"wp-caption-text\">Eksperymentuj klasycznie<\/p><\/div>\n<p style=\"text-align: justify;\">Zdobyta wiedza oraz umiej\u0119tno\u015bci poszerz\u0105 wiedz\u0119 szkoln\u0105 i doskonale wkomponuj\u0105 si\u0119 w tre\u015bci podstawy programowej. \u00a0Idealnie nadaj\u0105 si\u0119 \u00a0dla os\u00f3b przygotowuj\u0105cych si\u0119 do matury z fizyki.<\/p>\n<p>Przyk\u0142adowe zaj\u0119cia obejmuj\u0105:<br \/>\na) Badanie ruchu jednostajnego prostoliniowego.<br \/>\nb) Wyznaczanie przy\u015bpieszenia cia\u0142a w ruchu jednostajnie zmiennym przy\u015bpieszonym.<br \/>\nc) Wyznaczanie warto\u015bci przy\u015bpieszenia ziemskiego.<br \/>\nd) Ruch po okr\u0119gu \u2013 badanie si\u0142y do\u015brodkowej.<br \/>\ne) Sprawdzenie zasad dynamiki dla ruchu obrotowego.<br \/>\nf) Wyznaczanie charakterystyki pr\u0105dowo napi\u0119ciowej opornika, \u017car\u00f3wki , diody.<br \/>\ng) Sprawdzenie praw Kirchhoffa.<br \/>\nh) Wyznaczanie ciep\u0142a w\u0142a\u015bciwego cia\u0142 sta\u0142ych.<br \/>\ni) Wyznaczanie wsp\u00f3\u0142czynnik\u00f3w tarcia statycznego i kinetycznego.<br \/>\nj) Badanie drga\u0144 wahad\u0142a matematycznego i spr\u0119\u017cynowego<\/p>\n","protected":false},"excerpt":{"rendered":"<p>Zaj\u0119cia praktyczne maj\u0105ce na celu realizacj\u0119 zada\u0144 do\u015bwiadczalnych zawartych w podstawie programowej, wraz z poznaniem rachunku b\u0142\u0119d\u00f3w pomiarowych i jego praktycznym zastosowaniem w opracowaniu danych do\u015bwiadczalnych. Spotkania maj\u0105 na celu przybli\u017cy\u0107 klasyczny warsztat pracy fizyka &#8211; eksperymentatora. Ma to ogromne &hellip; <a href=\"https:\/\/physics.uwb.edu.pl\/wf\/przyszlosc\/strona-glowna\/opis-projektu\/klasyczne-doswiadczenia-fizyka-eksperymentatora\">Czytaj dalej <span class=\"meta-nav\">&rarr;<\/span><\/a><\/p>\n","protected":false},"author":2,"featured_media":102,"parent":48,"menu_order":0,"comment_status":"closed","ping_status":"closed","template":"","meta":{"ngg_post_thumbnail":0,"footnotes":""},"class_list":["post-50","page","type-page","status-publish","has-post-thumbnail","hentry"],"_links":{"self":[{"href":"https:\/\/physics.uwb.edu.pl\/wf\/przyszlosc\/wp-json\/wp\/v2\/pages\/50","targetHints":{"allow":["GET"]}}],"collection":[{"href":"https:\/\/physics.uwb.edu.pl\/wf\/przyszlosc\/wp-json\/wp\/v2\/pages"}],"about":[{"href":"https:\/\/physics.uwb.edu.pl\/wf\/przyszlosc\/wp-json\/wp\/v2\/types\/page"}],"author":[{"embeddable":true,"href":"https:\/\/physics.uwb.edu.pl\/wf\/przyszlosc\/wp-json\/wp\/v2\/users\/2"}],"replies":[{"embeddable":true,"href":"https:\/\/physics.uwb.edu.pl\/wf\/przyszlosc\/wp-json\/wp\/v2\/comments?post=50"}],"version-history":[{"count":10,"href":"https:\/\/physics.uwb.edu.pl\/wf\/przyszlosc\/wp-json\/wp\/v2\/pages\/50\/revisions"}],"predecessor-version":[{"id":196,"href":"https:\/\/physics.uwb.edu.pl\/wf\/przyszlosc\/wp-json\/wp\/v2\/pages\/50\/revisions\/196"}],"up":[{"embeddable":true,"href":"https:\/\/physics.uwb.edu.pl\/wf\/przyszlosc\/wp-json\/wp\/v2\/pages\/48"}],"wp:featuredmedia":[{"embeddable":true,"href":"https:\/\/physics.uwb.edu.pl\/wf\/przyszlosc\/wp-json\/wp\/v2\/media\/102"}],"wp:attachment":[{"href":"https:\/\/physics.uwb.edu.pl\/wf\/przyszlosc\/wp-json\/wp\/v2\/media?parent=50"}],"curies":[{"name":"wp","href":"https:\/\/api.w.org\/{rel}","templated":true}]}}