{"id":52,"date":"2016-09-06T13:01:33","date_gmt":"2016-09-06T13:01:33","guid":{"rendered":"http:\/\/physics.uwb.edu.pl\/wf\/przyszlosc\/?page_id=52"},"modified":"2016-09-07T21:05:50","modified_gmt":"2016-09-07T21:05:50","slug":"eksperymenty-fizyczne-wspomagane-komputerowo","status":"publish","type":"page","link":"https:\/\/physics.uwb.edu.pl\/wf\/przyszlosc\/strona-glowna\/opis-projektu\/eksperymenty-fizyczne-wspomagane-komputerowo","title":{"rendered":"Eksperymenty fizyczne wspomagane komputerowo"},"content":{"rendered":"<p style=\"text-align: justify;\">Odbywaj\u0105ce si\u0119 w laboratorium zaj\u0119cia do\u015bwiadczalno\u2013pomiarowe z fizyki prowadzone s\u0105 w oparciu o skomputeryzowane zestawy pomiarowe. Pozwalaj\u0105 na przybli\u017cenie idei\/zasad wykorzystania system\u00f3w komputerowych w pomiarze\/obserwacji wielko\u015bci\/zjawisk fizycznych. Dydaktycznym celem zaj\u0119\u0107 jest rozwijanie umiej\u0119tno\u015bci kreatywnego i tw\u00f3rczego my\u015blenia w oparciu o wykorzystywanie metod badawczych w postaci eksperymentu fizycznego (pomiaru wielko\u015bci fizycznych) i narz\u0119dzi komputerowych (IT). Budowanie umiej\u0119tno\u015bci poznawczych w zakresie fizyki oraz nauk do\u015bwiadczalnych.<\/p>\n<div id=\"attachment_99\" style=\"width: 310px\" class=\"wp-caption aligncenter\"><img loading=\"lazy\" decoding=\"async\" aria-describedby=\"caption-attachment-99\" class=\"wp-image-99 size-medium\" src=\"http:\/\/physics.uwb.edu.pl\/wf\/przyszlosc\/wp-content\/uploads\/sites\/7\/2016\/09\/16-300x199.jpg\" alt=\"Mierz komputerem\" width=\"300\" height=\"199\" srcset=\"https:\/\/physics.uwb.edu.pl\/wf\/przyszlosc\/wp-content\/uploads\/sites\/7\/2016\/09\/16-300x199.jpg 300w, https:\/\/physics.uwb.edu.pl\/wf\/przyszlosc\/wp-content\/uploads\/sites\/7\/2016\/09\/16-768x510.jpg 768w, https:\/\/physics.uwb.edu.pl\/wf\/przyszlosc\/wp-content\/uploads\/sites\/7\/2016\/09\/16-600x400.jpg 600w, https:\/\/physics.uwb.edu.pl\/wf\/przyszlosc\/wp-content\/uploads\/sites\/7\/2016\/09\/16.jpg 1000w\" sizes=\"auto, (max-width: 300px) 100vw, 300px\" \/><p id=\"caption-attachment-99\" class=\"wp-caption-text\">Mierz komputerem<\/p><\/div>\n<p>Przyk\u0142adowe zaj\u0119cia obejmuj\u0105:<br \/>\na) Pomiar pr\u0119dko\u015bci w spadku swobodnym.<br \/>\nb) Wyznaczanie przy\u015bpieszenia ziemskiego \u2013 spadek swobodny, wahad\u0142o matematyczne.<br \/>\nc) Pomiary elektryczne. Uk\u0142ady RC i RLC.<br \/>\nd) Obwody zast\u0119pcze dla opornik\u00f3w.<br \/>\ne) Dynamika w\u0142\u0105czania \u017car\u00f3wki oraz diody LED.<br \/>\nf) Drgania wahad\u0142a spr\u0119\u017cynowego.<br \/>\ng) Wyznaczanie sta\u0142ej k w oparciu o pomiar si\u0142y i po\u0142o\u017cenia.<br \/>\nh) Ciep\u0142o. Stygni\u0119cie cia\u0142. Prawo stygni\u0119cia Newtona.<\/p>\n","protected":false},"excerpt":{"rendered":"<p>Odbywaj\u0105ce si\u0119 w laboratorium zaj\u0119cia do\u015bwiadczalno\u2013pomiarowe z fizyki prowadzone s\u0105 w oparciu o skomputeryzowane zestawy pomiarowe. Pozwalaj\u0105 na przybli\u017cenie idei\/zasad wykorzystania system\u00f3w komputerowych w pomiarze\/obserwacji wielko\u015bci\/zjawisk fizycznych. Dydaktycznym celem zaj\u0119\u0107 jest rozwijanie umiej\u0119tno\u015bci kreatywnego i tw\u00f3rczego my\u015blenia w oparciu o &hellip; <a href=\"https:\/\/physics.uwb.edu.pl\/wf\/przyszlosc\/strona-glowna\/opis-projektu\/eksperymenty-fizyczne-wspomagane-komputerowo\">Czytaj dalej <span class=\"meta-nav\">&rarr;<\/span><\/a><\/p>\n","protected":false},"author":2,"featured_media":99,"parent":48,"menu_order":0,"comment_status":"closed","ping_status":"closed","template":"","meta":{"ngg_post_thumbnail":0,"footnotes":""},"class_list":["post-52","page","type-page","status-publish","has-post-thumbnail","hentry"],"_links":{"self":[{"href":"https:\/\/physics.uwb.edu.pl\/wf\/przyszlosc\/wp-json\/wp\/v2\/pages\/52","targetHints":{"allow":["GET"]}}],"collection":[{"href":"https:\/\/physics.uwb.edu.pl\/wf\/przyszlosc\/wp-json\/wp\/v2\/pages"}],"about":[{"href":"https:\/\/physics.uwb.edu.pl\/wf\/przyszlosc\/wp-json\/wp\/v2\/types\/page"}],"author":[{"embeddable":true,"href":"https:\/\/physics.uwb.edu.pl\/wf\/przyszlosc\/wp-json\/wp\/v2\/users\/2"}],"replies":[{"embeddable":true,"href":"https:\/\/physics.uwb.edu.pl\/wf\/przyszlosc\/wp-json\/wp\/v2\/comments?post=52"}],"version-history":[{"count":9,"href":"https:\/\/physics.uwb.edu.pl\/wf\/przyszlosc\/wp-json\/wp\/v2\/pages\/52\/revisions"}],"predecessor-version":[{"id":146,"href":"https:\/\/physics.uwb.edu.pl\/wf\/przyszlosc\/wp-json\/wp\/v2\/pages\/52\/revisions\/146"}],"up":[{"embeddable":true,"href":"https:\/\/physics.uwb.edu.pl\/wf\/przyszlosc\/wp-json\/wp\/v2\/pages\/48"}],"wp:featuredmedia":[{"embeddable":true,"href":"https:\/\/physics.uwb.edu.pl\/wf\/przyszlosc\/wp-json\/wp\/v2\/media\/99"}],"wp:attachment":[{"href":"https:\/\/physics.uwb.edu.pl\/wf\/przyszlosc\/wp-json\/wp\/v2\/media?parent=52"}],"curies":[{"name":"wp","href":"https:\/\/api.w.org\/{rel}","templated":true}]}}